{"id":2578,"date":"2022-08-16T10:30:47","date_gmt":"2022-08-16T10:30:47","guid":{"rendered":"https:\/\/metaverseweb.cloud\/feiras-conferencias-e-reunioes-no-metaverso\/"},"modified":"2022-08-16T10:31:01","modified_gmt":"2022-08-16T10:31:01","slug":"feiras-conferencias-e-reunioes-no-metaverso","status":"publish","type":"page","link":"https:\/\/metaverseweb.cloud\/pt-br\/feiras-conferencias-e-reunioes-no-metaverso\/","title":{"rendered":"Feiras, confer\u00eancias e reuni\u00f5es no metaverso"},"content":{"rendered":"\n<h3 class=\"wp-block-heading\">Feiras, confer\u00eancias e reuni\u00f5es no metaverso<\/h3>\n\n<p>Feiras, confer\u00eancias ou reuni\u00f5es s\u00e3o uma excelente forma de se conectar com pessoas que est\u00e3o no mesmo lugar que voc\u00ea, at\u00e9 agora, no metaverso pode fazer o mesmo, mas independentemente da dist\u00e2ncia ou tempo, isto pode ajud\u00e1-lo a consolidar o seu neg\u00f3cio ou posicionar-se no mercado de trabalho. No entanto, como organiz\u00e1-los se n\u00e3o \u00e9 um especialista em cria\u00e7\u00e3o metaversa? contacte-nos para fazer crescer o seu neg\u00f3cio.<\/p>\n\n<figure class=\"wp-block-image size-large\"><img loading=\"lazy\" decoding=\"async\" width=\"1024\" height=\"336\" src=\"https:\/\/metaverseweb.cloud\/wp-content\/uploads\/2022\/08\/1-1-1024x336.jpg\" alt=\"\" class=\"wp-image-2535\" srcset=\"https:\/\/metaverseweb.cloud\/wp-content\/uploads\/2022\/08\/1-1-300x98.jpg 300w, https:\/\/metaverseweb.cloud\/wp-content\/uploads\/2022\/08\/1-1-768x252.jpg 768w, https:\/\/metaverseweb.cloud\/wp-content\/uploads\/2022\/08\/1-1-1024x336.jpg 1024w, https:\/\/metaverseweb.cloud\/wp-content\/uploads\/2022\/08\/1-1-1536x504.jpg 1536w, https:\/\/metaverseweb.cloud\/wp-content\/uploads\/2022\/08\/1-1.jpg 1801w\" sizes=\"auto, (max-width: 1024px) 100vw, 1024px\" \/><\/figure>\n\n<h3 class=\"wp-block-heading\">Reuni\u00f5es no metaverso<\/h3>\n\n<p>Feiras comerciais, confer\u00eancias e reuni\u00f5es s\u00e3o uma excelente op\u00e7\u00e3o para reunir membros de equipas ou para iniciar uma longa colabora\u00e7\u00e3o. S\u00e3o uma \u00f3ptima forma de criar la\u00e7os e aprender muito sobre o tema que est\u00e1 a ser discutido. Por exemplo, existem feiras dedicadas \u00e0 educa\u00e7\u00e3o, neg\u00f3cios, entretenimento&#8230; todas elas s\u00e3o poss\u00edveis no metaverso, escolhe-se o tema e n\u00f3s criamos o cen\u00e1rio para si.<\/p>\n\n<p>o metaverso \u00e9 uma excelente forma de estabelecer contacto com outros profissionais e partilhar experi\u00eancias em tempo real e sem sair do escrit\u00f3rio. Por conseguinte, \u00e9 importante que saibamos qual \u00e9 a melhor empresa para desenvolver o seu metaverso.<\/p>\n\n<p>Antes de mais, devemos ter em conta o objectivo das reuni\u00f5es. Se quisermos reunir para falar sobre a nossa carreira ou simplesmente para trocar opini\u00f5es, \u00e9 melhor que sejam eventos apropriados. Contudo, se o nosso objectivo \u00e9 fazer neg\u00f3cios, precisamos de uma data onde possamos reunir todos os participantes. Neste caso, as feiras no metaverso s\u00e3o o local ideal. As pessoas est\u00e3o mais dispostas a ir a algo que n\u00e3o tem de sair do escrit\u00f3rio, todos podem ir, n\u00e3o h\u00e1 despesas de viagem, interac\u00e7\u00e3o em tempo real e podem ver muitos amigos na mesma \u00e1rea.  <\/p>\n\n<figure class=\"wp-block-image size-full\"><img loading=\"lazy\" decoding=\"async\" width=\"801\" height=\"324\" src=\"https:\/\/metaverseweb.cloud\/wp-content\/uploads\/2022\/08\/2-1.jpg\" alt=\"\" class=\"wp-image-2545\" srcset=\"https:\/\/metaverseweb.cloud\/wp-content\/uploads\/2022\/08\/2-1-300x121.jpg 300w, https:\/\/metaverseweb.cloud\/wp-content\/uploads\/2022\/08\/2-1-768x311.jpg 768w, https:\/\/metaverseweb.cloud\/wp-content\/uploads\/2022\/08\/2-1.jpg 801w\" sizes=\"auto, (max-width: 801px) 100vw, 801px\" \/><\/figure>\n\n<h3 class=\"wp-block-heading\">Feiras virtuais<\/h3>\n\n<p>As feiras comerciais virtuais s\u00e3o uma excelente forma de conhecer outras pessoas e aprender mais sem sair do escrit\u00f3rio. As confer\u00eancias s\u00e3o uma boa maneira de conhecer outros profissionais, e as reuni\u00f5es s\u00e3o uma \u00f3ptima maneira de trocar ideias.<\/p>\n\n<p>No metaverso, h\u00e1 uma variedade crescente de feiras comerciais virtuais que oferecem uma oportunidade \u00fanica de conhecer outros utilizadores e partilhar experi\u00eancias. As feiras comerciais presenciais t\u00eam um custo elevado que eliminamos fazendo-o no seu mundo 3D paralelo \u00e0 realidade, isto oferece uma versatilidade incr\u00edvel, al\u00e9m de que pode organiz\u00e1-lo com os produtos renderizados em 3D para maior realismo e maior interac\u00e7\u00e3o e tudo isto sem sair do escrit\u00f3rio e sem mover o seu equipamento pessoal e o seu equipamento material.  <\/p>\n\n<h3 class=\"wp-block-heading\">Confer\u00eancias e reuni\u00f5es na met\u00e1fora<\/h3>\n\n<p>Feiras, confer\u00eancias e reuni\u00f5es s\u00e3o uma \u00f3ptima forma de combinar o tempo com amigos, colegas ou clientes. Se procura uma forma divertida e memor\u00e1vel de se encontrar, uma confer\u00eancia no metaverso \u00e9 o caminho a seguir. Al\u00e9m disso, as reuni\u00f5es no metaverso podem ser bastante \u00fateis para melhorar a sua marca como empresa.<\/p>\n\n<p>As feiras comerciais s\u00e3o uma boa op\u00e7\u00e3o para ter uma reuni\u00e3o de neg\u00f3cios ou para trocar informa\u00e7\u00f5es sobre a ind\u00fastria. S\u00e3o geralmente grandes cerim\u00f3nias que convidam muitos empregadores e mesmo potenciais clientes. As confer\u00eancias s\u00e3o outro tipo de evento que \u00e9 perfeito para o trabalho em rede com outros profissionais. S\u00e3o organizados por universidades, bancos, associa\u00e7\u00f5es profissionais e outras organiza\u00e7\u00f5es p\u00fablicas e privadas. A maioria das confer\u00eancias s\u00e3o realizadas no estrangeiro.<\/p>\n\n<figure class=\"wp-block-image size-large\"><img loading=\"lazy\" decoding=\"async\" width=\"1024\" height=\"358\" src=\"https:\/\/metaverseweb.cloud\/wp-content\/uploads\/2022\/08\/22-1024x358.jpg\" alt=\"\" class=\"wp-image-2555\" srcset=\"https:\/\/metaverseweb.cloud\/wp-content\/uploads\/2022\/08\/22-300x105.jpg 300w, https:\/\/metaverseweb.cloud\/wp-content\/uploads\/2022\/08\/22-768x268.jpg 768w, https:\/\/metaverseweb.cloud\/wp-content\/uploads\/2022\/08\/22-1024x358.jpg 1024w, https:\/\/metaverseweb.cloud\/wp-content\/uploads\/2022\/08\/22-1536x537.jpg 1536w, https:\/\/metaverseweb.cloud\/wp-content\/uploads\/2022\/08\/22.jpg 1891w\" sizes=\"auto, (max-width: 1024px) 100vw, 1024px\" \/><\/figure>\n\n<h3 class=\"wp-block-heading\">Contactos directos com outros utilizadores<\/h3>\n\n<p>Feiras comerciais, confer\u00eancias e reuni\u00f5es s\u00e3o uma excelente forma de liga\u00e7\u00e3o com outros utilizadores\/clientes. As pessoas re\u00fanem-se para falar sobre temas interessantes e partilhar experi\u00eancias t\u00e9cnicas sobre os seus produtos. \u00c9 uma boa forma de estabelecer liga\u00e7\u00f5es, aprender mais sobre elas e, em geral, tentar melhorar a nossa comunica\u00e7\u00e3o.<\/p>\n\n<p>Se quiser saber todos os detalhes sobre qualquer feira, confer\u00eancia ou reuni\u00e3o realizada no metaverso, n\u00e3o hesite em contactar-nos.  <\/p>\n\n<h3 class=\"wp-block-heading\">Conclus\u00e3o<\/h3>\n\n<p>Se planeia criar a sua feira, confer\u00eancia ou reuni\u00e3o este ano, \u00e9 importante que saiba como se preparar para ela. Convidamo-lo a ler este post para compilar algumas dicas que o ajudar\u00e3o a organizar-se e a reduzir o stress durante a celebra\u00e7\u00e3o, uma vez que tratamos de absolutamente tudo, desde a personaliza\u00e7\u00e3o do stand at\u00e9 \u00e0 gest\u00e3o do servidor. Esperamos que estas ideias o fa\u00e7am sentir mais confiante e em controlo nas situa\u00e7\u00f5es mais complicadas. Como \u00e9 que se vai poder preparar para os seus eventos?<\/p>\n\n<figure class=\"wp-block-image size-large\"><img loading=\"lazy\" decoding=\"async\" width=\"1024\" height=\"354\" src=\"https:\/\/metaverseweb.cloud\/wp-content\/uploads\/2022\/08\/7251036-1-1024x354.jpg\" alt=\"\" class=\"wp-image-2378\" srcset=\"https:\/\/metaverseweb.cloud\/wp-content\/uploads\/2022\/08\/7251036-1-300x104.jpg 300w, https:\/\/metaverseweb.cloud\/wp-content\/uploads\/2022\/08\/7251036-1-768x266.jpg 768w, https:\/\/metaverseweb.cloud\/wp-content\/uploads\/2022\/08\/7251036-1-1024x354.jpg 1024w, https:\/\/metaverseweb.cloud\/wp-content\/uploads\/2022\/08\/7251036-1-1536x532.jpg 1536w, https:\/\/metaverseweb.cloud\/wp-content\/uploads\/2022\/08\/7251036-1-2048x709.jpg 2048w\" sizes=\"auto, (max-width: 1024px) 100vw, 1024px\" \/><\/figure>\n","protected":false},"excerpt":{"rendered":"<p>Feiras, confer\u00eancias e reuni\u00f5es no metaverso Feiras, confer\u00eancias ou reuni\u00f5es s\u00e3o uma excelente forma de se conectar com pessoas que est\u00e3o no mesmo lugar que voc\u00ea, at\u00e9 agora, no metaverso pode fazer o mesmo, mas independentemente da dist\u00e2ncia ou tempo, isto pode ajud\u00e1-lo a consolidar o seu neg\u00f3cio ou posicionar-se no mercado de trabalho. No &hellip;<\/p>\n","protected":false},"author":1,"featured_media":0,"parent":0,"menu_order":0,"comment_status":"closed","ping_status":"closed","template":"","meta":{"_genesis_hide_title":false,"_genesis_hide_breadcrumbs":false,"_genesis_hide_singular_image":false,"_genesis_hide_footer_widgets":false,"_genesis_custom_body_class":"","_genesis_custom_post_class":"","_genesis_layout":"","footnotes":""},"class_list":{"1":"page","2":"type-page","5":"entry"},"acf":[],"_links":{"self":[{"href":"https:\/\/metaverseweb.cloud\/pt-br\/wp-json\/wp\/v2\/pages\/2578","targetHints":{"allow":["GET"]}}],"collection":[{"href":"https:\/\/metaverseweb.cloud\/pt-br\/wp-json\/wp\/v2\/pages"}],"about":[{"href":"https:\/\/metaverseweb.cloud\/pt-br\/wp-json\/wp\/v2\/types\/page"}],"author":[{"embeddable":true,"href":"https:\/\/metaverseweb.cloud\/pt-br\/wp-json\/wp\/v2\/users\/1"}],"replies":[{"embeddable":true,"href":"https:\/\/metaverseweb.cloud\/pt-br\/wp-json\/wp\/v2\/comments?post=2578"}],"version-history":[{"count":1,"href":"https:\/\/metaverseweb.cloud\/pt-br\/wp-json\/wp\/v2\/pages\/2578\/revisions"}],"predecessor-version":[{"id":2580,"href":"https:\/\/metaverseweb.cloud\/pt-br\/wp-json\/wp\/v2\/pages\/2578\/revisions\/2580"}],"wp:attachment":[{"href":"https:\/\/metaverseweb.cloud\/pt-br\/wp-json\/wp\/v2\/media?parent=2578"}],"curies":[{"name":"wp","href":"https:\/\/api.w.org\/{rel}","templated":true}]}}