{"id":2531,"date":"2022-08-16T10:04:37","date_gmt":"2022-08-16T10:04:37","guid":{"rendered":"https:\/\/metaverseweb.cloud\/web-metaversa-de-showrooms\/"},"modified":"2022-08-16T10:04:54","modified_gmt":"2022-08-16T10:04:54","slug":"web-metaversa-de-showrooms","status":"publish","type":"page","link":"https:\/\/metaverseweb.cloud\/pt-br\/web-metaversa-de-showrooms\/","title":{"rendered":"Web metaversa de showrooms"},"content":{"rendered":"\n<h3 class=\"wp-block-heading\">Showroom na met\u00e1fora<\/h3>\n\n<p>Os showrooms no metaverso s\u00e3o uma boa maneira de posicionar o seu neg\u00f3cio no mercado. S\u00e3o uma boa op\u00e7\u00e3o para ter um lugar para mostrar todos os seus produtos em 3 dimens\u00f5es e oferecer servi\u00e7os aos seus clientes. Portanto, \u00e9 importante que saiba como organiz\u00e1-lo, onde coloc\u00e1-lo, que medidas tomar para melhorar o aspecto visual e muito mais. Neste sentido, dar-lhe-emos as chaves para fazer da sua metaversica showroom um sucesso.<\/p>\n\n<figure class=\"wp-block-image size-full is-resized\"><img loading=\"lazy\" decoding=\"async\" src=\"https:\/\/metaverseweb.cloud\/wp-content\/uploads\/2022\/08\/2.jpg\" alt=\"\" class=\"wp-image-2495\" width=\"802\" height=\"462\" srcset=\"https:\/\/metaverseweb.cloud\/wp-content\/uploads\/2022\/08\/2-300x173.jpg 300w, https:\/\/metaverseweb.cloud\/wp-content\/uploads\/2022\/08\/2-768x443.jpg 768w, https:\/\/metaverseweb.cloud\/wp-content\/uploads\/2022\/08\/2.jpg 809w\" sizes=\"auto, (max-width: 802px) 100vw, 802px\" \/><\/figure>\n\n<h3 class=\"wp-block-heading\">Introdu\u00e7\u00e3o<\/h3>\n\n<p>Como um dos principais objectivos do Metaverso \u00e9 estabelecer liga\u00e7\u00f5es com a comunidade promovendo os seus produtos, decidimos desenvolver um software espec\u00edfico para o desenvolvimento de showrooms para empresas integradas no seu pr\u00f3prio website.<\/p>\n\n<h3 class=\"wp-block-heading\">O objectivo destes showrooms<\/h3>\n\n<p>\u00c9 oferecer aos visitantes a oportunidade de conhecer o mundo da comunica\u00e7\u00e3o numa perspectiva diferente, destacando como a utiliza\u00e7\u00e3o das tecnologias est\u00e1 a mudar a nossa forma de viver. A sala tem um formato interactivo e tridimensional onde os seus produtos ou maquinaria ser\u00e3o vis\u00edveis para os visitantes do seu s\u00edtio web.<\/p>\n\n<p>Imagine fazer a apresenta\u00e7\u00e3o da sua nova m\u00e1quina ou produto no seu pr\u00f3prio metaverso, seria fant\u00e1stico, n\u00e3o seria? Todos os seus clientes de todo o mundo vendo os seus produtos em 3D num showroom onde o seu produto estar\u00e1 em 3D e a sua equipa de vendas e marketing fazendo apresenta\u00e7\u00f5es de produtos.<\/p>\n\n<h3 class=\"wp-block-heading\">As receitas que este showroom ir\u00e1 gerar<\/h3>\n\n<p>As pessoas que visitarem este showroom metaverso ir\u00e3o desfrutar de uma experi\u00eancia multi-sensorial imersiva, onde ver\u00e3o todos os detalhes gra\u00e7as \u00e0 renderiza\u00e7\u00e3o em alta defini\u00e7\u00e3o e todos os detalhes que iremos gerar para atrair a sua aten\u00e7\u00e3o, tudo isto contribui para fazer deste showroom um lugar muito atractivo para os visitantes, o que tornar\u00e1 os seus clientes mais receptivos a comprar os seus produtos, porque o reconhecimento da marca ir\u00e1 aumentar significativamente, o que se tornar\u00e1 mais vendas para a sua empresa.<\/p>\n\n<figure class=\"wp-block-image size-full\"><img loading=\"lazy\" decoding=\"async\" width=\"801\" height=\"421\" src=\"https:\/\/metaverseweb.cloud\/wp-content\/uploads\/2022\/08\/1.jpg\" alt=\"\" class=\"wp-image-2505\" srcset=\"https:\/\/metaverseweb.cloud\/wp-content\/uploads\/2022\/08\/1-300x158.jpg 300w, https:\/\/metaverseweb.cloud\/wp-content\/uploads\/2022\/08\/1-768x404.jpg 768w, https:\/\/metaverseweb.cloud\/wp-content\/uploads\/2022\/08\/1.jpg 801w\" sizes=\"auto, (max-width: 801px) 100vw, 801px\" \/><\/figure>\n\n<h3 class=\"wp-block-heading\">O showroom metaverso<\/h3>\n\n<p>Nos \u00faltimos anos, o metaverso showroom tornou-se um dos espa\u00e7os mais importantes da Internet. A raz\u00e3o \u00e9 simples: \u00e9 um lugar onde os visitantes de qualquer lugar podem aprender sobre novos desenvolvimentos e produtos e ter a oportunidade de os ver em formato tridimensional, sem o metaverso que seriam inacess\u00edveis.<\/p>\n\n<p>Uma das principais atrac\u00e7\u00f5es da sala \u00e9 a sua disposi\u00e7\u00e3o. Tem quatro pilares principais, cada um dos quais traz um valor diferente. A primeira \u00e9 que est\u00e1 dispon\u00edvel em qualquer altura, a partir de qualquer lugar. O segundo factor \u00e9 a personaliza\u00e7\u00e3o do metaverso, o metaverso \u00e9 100% personaliz\u00e1vel ao seu gosto e, consequentemente, ao gosto dos seus visitantes. O terceiro factor \u00e9 a facilidade com que os utilizadores podem entrar, \u00e9 simplesmente navegando no seu site e o quarto pilar \u00e9 a aten\u00e7\u00e3o personalizada e a resolu\u00e7\u00e3o de problemas que temos \u00e0 sua disposi\u00e7\u00e3o, colocamos a nossa equipa de engenheiros inform\u00e1ticos \u00e0 sua disposi\u00e7\u00e3o para o desenvolvimento e manuten\u00e7\u00e3o do seu metaverso.<\/p>\n<div class=\"wp-block-image\">\n<figure class=\"aligncenter size-full is-resized\"><img loading=\"lazy\" decoding=\"async\" src=\"https:\/\/metaverseweb.cloud\/wp-content\/uploads\/2022\/08\/descarga-e1660643937760.jpg\" alt=\"\" class=\"wp-image-1980\" width=\"467\" height=\"297\"\/><\/figure>\n<\/div>\n<h3 class=\"wp-block-heading\">Utilizadores do showroom metaverso<\/h3>\n\n<p>Se o showroom no metaverso \u00e9 a sua casa, ficar\u00e1 muito feliz porque se dirige a todos os potenciais clientes que visitam o seu website. O showroom, representa que a sua empresa \u00e9 uma empresa actualizada com as \u00faltimas inova\u00e7\u00f5es.<\/p>\n\n<h3 class=\"wp-block-heading\">O custo do showroom no metaverso<\/h3>\n\n<p>O showroom metaverso \u00e9 uma necessidade em muitas empresas, o custo desta sala pode ser bastante elevado se n\u00e3o contratar connosco, outras empresas cobram-lhe por utilizadores simult\u00e2neos uma quantidade desproporcionada outros vender-lhe-\u00e3o espa\u00e7os digitais ao pre\u00e7o de ouro, n\u00f3s n\u00e3o, cobramos apenas o suficiente para que possa integr\u00e1-lo no seu website sem assumir um grande esfor\u00e7o financeiro e tamb\u00e9m nos encarregamos de toda a manuten\u00e7\u00e3o.<\/p>\n\n<figure class=\"wp-block-image size-large\"><img loading=\"lazy\" decoding=\"async\" width=\"1024\" height=\"354\" src=\"https:\/\/metaverseweb.cloud\/wp-content\/uploads\/2022\/08\/7251036-1024x354.jpg\" alt=\"\" class=\"wp-image-2366\" srcset=\"https:\/\/metaverseweb.cloud\/wp-content\/uploads\/2022\/08\/7251036-300x104.jpg 300w, https:\/\/metaverseweb.cloud\/wp-content\/uploads\/2022\/08\/7251036-768x266.jpg 768w, https:\/\/metaverseweb.cloud\/wp-content\/uploads\/2022\/08\/7251036-1024x354.jpg 1024w, https:\/\/metaverseweb.cloud\/wp-content\/uploads\/2022\/08\/7251036-1536x532.jpg 1536w, https:\/\/metaverseweb.cloud\/wp-content\/uploads\/2022\/08\/7251036-2048x709.jpg 2048w\" sizes=\"auto, (max-width: 1024px) 100vw, 1024px\" \/><\/figure>\n","protected":false},"excerpt":{"rendered":"<p>Showroom na met\u00e1fora Os showrooms no metaverso s\u00e3o uma boa maneira de posicionar o seu neg\u00f3cio no mercado. S\u00e3o uma boa op\u00e7\u00e3o para ter um lugar para mostrar todos os seus produtos em 3 dimens\u00f5es e oferecer servi\u00e7os aos seus clientes. Portanto, \u00e9 importante que saiba como organiz\u00e1-lo, onde coloc\u00e1-lo, que medidas tomar para melhorar &hellip;<\/p>\n","protected":false},"author":1,"featured_media":0,"parent":0,"menu_order":0,"comment_status":"closed","ping_status":"closed","template":"","meta":{"_genesis_hide_title":false,"_genesis_hide_breadcrumbs":false,"_genesis_hide_singular_image":false,"_genesis_hide_footer_widgets":false,"_genesis_custom_body_class":"","_genesis_custom_post_class":"","_genesis_layout":"","footnotes":""},"class_list":{"1":"page","2":"type-page","5":"entry"},"acf":[],"_links":{"self":[{"href":"https:\/\/metaverseweb.cloud\/pt-br\/wp-json\/wp\/v2\/pages\/2531","targetHints":{"allow":["GET"]}}],"collection":[{"href":"https:\/\/metaverseweb.cloud\/pt-br\/wp-json\/wp\/v2\/pages"}],"about":[{"href":"https:\/\/metaverseweb.cloud\/pt-br\/wp-json\/wp\/v2\/types\/page"}],"author":[{"embeddable":true,"href":"https:\/\/metaverseweb.cloud\/pt-br\/wp-json\/wp\/v2\/users\/1"}],"replies":[{"embeddable":true,"href":"https:\/\/metaverseweb.cloud\/pt-br\/wp-json\/wp\/v2\/comments?post=2531"}],"version-history":[{"count":1,"href":"https:\/\/metaverseweb.cloud\/pt-br\/wp-json\/wp\/v2\/pages\/2531\/revisions"}],"predecessor-version":[{"id":2533,"href":"https:\/\/metaverseweb.cloud\/pt-br\/wp-json\/wp\/v2\/pages\/2531\/revisions\/2533"}],"wp:attachment":[{"href":"https:\/\/metaverseweb.cloud\/pt-br\/wp-json\/wp\/v2\/media?parent=2531"}],"curies":[{"name":"wp","href":"https:\/\/api.w.org\/{rel}","templated":true}]}}