{"id":2486,"date":"2022-08-16T09:23:40","date_gmt":"2022-08-16T09:23:40","guid":{"rendered":"https:\/\/metaverseweb.cloud\/metaverse-no-seu-sitio-web\/"},"modified":"2022-08-16T09:24:17","modified_gmt":"2022-08-16T09:24:17","slug":"metaverse-no-seu-sitio-web","status":"publish","type":"page","link":"https:\/\/metaverseweb.cloud\/pt-br\/metaverse-no-seu-sitio-web\/","title":{"rendered":"Metaverse no seu s\u00edtio web"},"content":{"rendered":"\n<h4 class=\"wp-block-heading\">Oferecemos-lhe a solu\u00e7\u00e3o completa para ver o seu pr\u00f3prio metaverso no seu website<\/h4>\n\n<p>Se tiver alguma d\u00favida sobre como gerar um metaverso no seu website, n\u00e3o se preocupe, temos o software certo para o ajudar. Oferecemos um servi\u00e7o completo que lhe permitir\u00e1 ver o seu pr\u00f3prio metaverso no seu website.<\/p>\n\n<h4 class=\"wp-block-heading\">O que \u00e9 Metaverse?<\/h4>\n\n<p>O metaverso \u00e9 uma ferramenta que permite \u00e0s pessoas verem o conte\u00fado do seu s\u00edtio web num contexto diferente em 3D. Ou seja, poder\u00e1 visualiz\u00e1-lo como se o estivesse a ver directamente de outro local. Isto pode ajud\u00e1-lo a melhorar a experi\u00eancia de navega\u00e7\u00e3o e a aumentar a visibilidade do seu conte\u00fado. Al\u00e9m disso, pode utilizar o metaverso para criar objectos 3D da sua maquinaria ou produtos para que possa promover os seus produtos no seu espa\u00e7o virtual multi-utilizador.<\/p>\n\n<figure class=\"wp-block-image size-large\"><img loading=\"lazy\" decoding=\"async\" width=\"1024\" height=\"354\" src=\"https:\/\/metaverseweb.cloud\/wp-content\/uploads\/2022\/08\/7251036-1-1024x354.jpg\" alt=\"\" class=\"wp-image-2378\" srcset=\"https:\/\/metaverseweb.cloud\/wp-content\/uploads\/2022\/08\/7251036-1-300x104.jpg 300w, https:\/\/metaverseweb.cloud\/wp-content\/uploads\/2022\/08\/7251036-1-768x266.jpg 768w, https:\/\/metaverseweb.cloud\/wp-content\/uploads\/2022\/08\/7251036-1-1024x354.jpg 1024w, https:\/\/metaverseweb.cloud\/wp-content\/uploads\/2022\/08\/7251036-1-1536x532.jpg 1536w, https:\/\/metaverseweb.cloud\/wp-content\/uploads\/2022\/08\/7251036-1-2048x709.jpg 2048w\" sizes=\"auto, (max-width: 1024px) 100vw, 1024px\" \/><\/figure>\n\n<h4 class=\"wp-block-heading\">Como funciona o Metaverso?<\/h4>\n\n<p>O Metaverso \u00e9 uma ferramenta que oferecemos para que possa ver o seu pr\u00f3prio metaverso no seu s\u00edtio web. Para o utilizar, nem voc\u00ea nem os seus visitantes precisam de o ter instalado. O Metaverso \u00e9 acess\u00edvel a partir de qualquer plataforma, a qualquer momento e a partir de qualquer lugar.<\/p>\n\n<p>Os benef\u00edcios do Metaverse<\/p>\n\n<p>Os Metaverses s\u00e3o uma ferramenta \u00fatil que pode ajudar os s\u00edtios web a melhorar a sua visibilidade de pesquisa e, por conseguinte, o seu neg\u00f3cio. Os benef\u00edcios do Metaverse incluem:<\/p>\n\n<ol class=\"wp-block-list\"><li>melhor classifica\u00e7\u00e3o da p\u00e1gina em pesquisa. O Metaverse permite ao visitante ver os seus servi\u00e7os, maquinaria ou produtos em qualquer website, mesmo que este esteja fora do site original. Isto permite \u00e0 p\u00e1gina saber quem \u00e9 o cliente ideal e aparecer nas primeiras posi\u00e7\u00f5es das buscas.<\/li><li>Aumento do tr\u00e1fego directo atrav\u00e9s da p\u00e1gina. O Metaverse fornece aos s\u00edtios web uma imagem mais atractiva, o que lhes permite aumentar significativamente o tr\u00e1fego directo.<\/li><\/ol>\n\n<figure class=\"wp-block-image size-large is-resized\"><img loading=\"lazy\" decoding=\"async\" src=\"https:\/\/metaverseweb.cloud\/wp-content\/uploads\/2022\/08\/3250-1024x512.jpg\" alt=\"\" class=\"wp-image-2465\" width=\"802\" height=\"401\" srcset=\"https:\/\/metaverseweb.cloud\/wp-content\/uploads\/2022\/08\/3250-300x150.jpg 300w, https:\/\/metaverseweb.cloud\/wp-content\/uploads\/2022\/08\/3250-768x384.jpg 768w, https:\/\/metaverseweb.cloud\/wp-content\/uploads\/2022\/08\/3250-1024x512.jpg 1024w, https:\/\/metaverseweb.cloud\/wp-content\/uploads\/2022\/08\/3250-1536x768.jpg 1536w, https:\/\/metaverseweb.cloud\/wp-content\/uploads\/2022\/08\/3250-2048x1024.jpg 2048w\" sizes=\"auto, (max-width: 802px) 100vw, 802px\" \/><\/figure>\n\n<h4 class=\"wp-block-heading\">O procedimento para criar o Metaverso<\/h4>\n\n<p>Se procura uma forma f\u00e1cil de criar o seu pr\u00f3prio metaverso no seu website, oferecemos um procedimento simples, completo e chave-na-m\u00e3o. N\u00f3s tratamos de tudo.<\/p>\n\n<p>O Metaverse \u00e9 uma ferramenta que oferece uma vis\u00e3o global da web, permitindo aos utilizadores verem a sua pr\u00f3pria imagem reflectida noutros s\u00edtios web. Isto ajuda-o a melhorar o posicionamento do seu website, bem como a receber mais visitantes.<\/p>\n\n<h3 class=\"wp-block-heading\">Conclus\u00f5es<\/h3>\n\n<p>Os Metaverses s\u00e3o uma ferramenta muito \u00fatil para criar conte\u00fado num s\u00edtio web, uma vez que permitem aos utilizadores ver o seu pr\u00f3prio perfil como um utilizador de outros s\u00edtios web. Na Metaverse web oferecemos uma solu\u00e7\u00e3o completa para que possa utilizar metaverse no seu s\u00edtio web. A solu\u00e7\u00e3o chave na m\u00e3o \u00e9 a melhor op\u00e7\u00e3o para si.<\/p>\n\n<p>Se estiver interessado em utilizar este servi\u00e7o, recomendamos-lhe que contacte a nossa empresa para fazer as consultas necess\u00e1rias.<br\/><\/p>\n","protected":false},"excerpt":{"rendered":"<p>Oferecemos-lhe a solu\u00e7\u00e3o completa para ver o seu pr\u00f3prio metaverso no seu website Se tiver alguma d\u00favida sobre como gerar um metaverso no seu website, n\u00e3o se preocupe, temos o software certo para o ajudar. Oferecemos um servi\u00e7o completo que lhe permitir\u00e1 ver o seu pr\u00f3prio metaverso no seu website. O que \u00e9 Metaverse? O &hellip;<\/p>\n","protected":false},"author":1,"featured_media":0,"parent":0,"menu_order":0,"comment_status":"closed","ping_status":"closed","template":"","meta":{"_genesis_hide_title":false,"_genesis_hide_breadcrumbs":false,"_genesis_hide_singular_image":false,"_genesis_hide_footer_widgets":false,"_genesis_custom_body_class":"","_genesis_custom_post_class":"","_genesis_layout":"","footnotes":""},"class_list":{"1":"page","2":"type-page","5":"entry"},"acf":[],"_links":{"self":[{"href":"https:\/\/metaverseweb.cloud\/pt-br\/wp-json\/wp\/v2\/pages\/2486","targetHints":{"allow":["GET"]}}],"collection":[{"href":"https:\/\/metaverseweb.cloud\/pt-br\/wp-json\/wp\/v2\/pages"}],"about":[{"href":"https:\/\/metaverseweb.cloud\/pt-br\/wp-json\/wp\/v2\/types\/page"}],"author":[{"embeddable":true,"href":"https:\/\/metaverseweb.cloud\/pt-br\/wp-json\/wp\/v2\/users\/1"}],"replies":[{"embeddable":true,"href":"https:\/\/metaverseweb.cloud\/pt-br\/wp-json\/wp\/v2\/comments?post=2486"}],"version-history":[{"count":1,"href":"https:\/\/metaverseweb.cloud\/pt-br\/wp-json\/wp\/v2\/pages\/2486\/revisions"}],"predecessor-version":[{"id":2487,"href":"https:\/\/metaverseweb.cloud\/pt-br\/wp-json\/wp\/v2\/pages\/2486\/revisions\/2487"}],"wp:attachment":[{"href":"https:\/\/metaverseweb.cloud\/pt-br\/wp-json\/wp\/v2\/media?parent=2486"}],"curies":[{"name":"wp","href":"https:\/\/api.w.org\/{rel}","templated":true}]}}