{"id":2349,"date":"2022-08-16T08:26:14","date_gmt":"2022-08-16T08:26:14","guid":{"rendered":"https:\/\/metaverseweb.cloud\/metaverso-de-etiqueta-branca\/"},"modified":"2022-08-16T08:55:03","modified_gmt":"2022-08-16T08:55:03","slug":"metaverso-de-etiqueta-branca","status":"publish","type":"page","link":"https:\/\/metaverseweb.cloud\/pt-br\/metaverso-de-etiqueta-branca\/","title":{"rendered":"Metaverso de etiqueta branca"},"content":{"rendered":"\n<div class=\"wp-block-media-text alignwide is-stacked-on-mobile\"><figure class=\"wp-block-media-text__media\"><img loading=\"lazy\" decoding=\"async\" width=\"1024\" height=\"576\" src=\"https:\/\/metaverseweb.cloud\/wp-content\/uploads\/2022\/08\/AdobeStock_493185086-1024x576.jpeg\" alt=\"\" class=\"wp-image-2029 size-full\" srcset=\"https:\/\/metaverseweb.cloud\/wp-content\/uploads\/2022\/08\/AdobeStock_493185086-300x169.jpeg 300w, https:\/\/metaverseweb.cloud\/wp-content\/uploads\/2022\/08\/AdobeStock_493185086-768x432.jpeg 768w, https:\/\/metaverseweb.cloud\/wp-content\/uploads\/2022\/08\/AdobeStock_493185086-1024x576.jpeg 1024w, https:\/\/metaverseweb.cloud\/wp-content\/uploads\/2022\/08\/AdobeStock_493185086-1536x864.jpeg 1536w, https:\/\/metaverseweb.cloud\/wp-content\/uploads\/2022\/08\/AdobeStock_493185086-2048x1152.jpeg 2048w\" sizes=\"auto, (max-width: 1024px) 100vw, 1024px\" \/><\/figure><div class=\"wp-block-media-text__content\">\n<h3 class=\"is-style-subheading wp-block-heading\">Metaverso branco-r\u00f3tulo ou URL personalizado<\/h3>\n\n\n\n<p>As metaverses de White-label ou metaverses com dom\u00ednios personaliz\u00e1veis (URL) \u00e9 algo em que nos especializ\u00e1mos, acreditamos que cada um deve ter o seu pr\u00f3prio metaverso como complemento necess\u00e1rio do nosso s\u00edtio web, por isso desenvolvemos estas pr\u00f3prias metaverses para si.<br\/>Somos pioneiros neste sentido, por isso aproveite e seja um pioneiro na sua ind\u00fastria, acrescentando o metaverso ao seu website e oferecendo uma experi\u00eancia totalmente imersiva.<\/p>\n<\/div><\/div>\n\n<div style=\"height:100px\" aria-hidden=\"true\" class=\"wp-block-spacer\"><\/div>\n\n<div class=\"wp-block-media-text alignwide has-media-on-the-right is-stacked-on-mobile\"><figure class=\"wp-block-media-text__media\"><img loading=\"lazy\" decoding=\"async\" width=\"1024\" height=\"640\" src=\"https:\/\/metaverseweb.cloud\/wp-content\/uploads\/2022\/08\/AdobeStock_474895629-1024x640.jpeg\" alt=\"\" class=\"wp-image-2014 size-full\" srcset=\"https:\/\/metaverseweb.cloud\/wp-content\/uploads\/2022\/08\/AdobeStock_474895629-300x188.jpeg 300w, https:\/\/metaverseweb.cloud\/wp-content\/uploads\/2022\/08\/AdobeStock_474895629-768x480.jpeg 768w, https:\/\/metaverseweb.cloud\/wp-content\/uploads\/2022\/08\/AdobeStock_474895629-1024x640.jpeg 1024w, https:\/\/metaverseweb.cloud\/wp-content\/uploads\/2022\/08\/AdobeStock_474895629-1536x960.jpeg 1536w, https:\/\/metaverseweb.cloud\/wp-content\/uploads\/2022\/08\/AdobeStock_474895629-2048x1280.jpeg 2048w\" sizes=\"auto, (max-width: 1024px) 100vw, 1024px\" \/><\/figure><div class=\"wp-block-media-text__content\">\n<h3 class=\"wp-block-heading\">O metaverso \u00e9 uma parte fundamental do branding corporativo<\/h3>\n\n\n\n<p>Hoje em dia, o branding \u00e9 uma parte fundamental do branding empresarial. Para construir confian\u00e7a e atrair clientes, \u00e9 necess\u00e1rio reproduzir ou melhorar o estilo visual de uma empresa em todos os canais poss\u00edveis: web, redes sociais, outdoors e sondagens de opini\u00e3o.<br\/>Como parte deste processo, \u00e9 comum as empresas metamorfosearem o r\u00f3tulo branco. Ou seja, alteram o desenho para o adaptar a diferentes plataformas e continuam a conhecer as prefer\u00eancias dos seus clientes. No entanto, h\u00e1 v\u00e1rias complica\u00e7\u00f5es quando se trata de fazer uma met\u00e1fora bem sucedida: falta de especializa\u00e7\u00e3o na mat\u00e9ria, n\u00e3o saber como utilizar as ferramentas certas, ou ficar preso a um desenvolvimento previamente estabelecido.<\/p>\n<\/div><\/div>\n\n<div style=\"height:100px\" aria-hidden=\"true\" class=\"wp-block-spacer\"><\/div>\n\n<div class=\"wp-block-media-text alignwide is-stacked-on-mobile is-vertically-aligned-center\"><figure class=\"wp-block-media-text__media\"><img loading=\"lazy\" decoding=\"async\" width=\"1024\" height=\"1024\" src=\"https:\/\/metaverseweb.cloud\/wp-content\/uploads\/2022\/08\/Kerfin7_NEA_2477-1024x1024.jpg\" alt=\"\" class=\"wp-image-2327 size-full\" srcset=\"https:\/\/metaverseweb.cloud\/wp-content\/uploads\/2022\/08\/Kerfin7_NEA_2477-80x80.jpg 80w, https:\/\/metaverseweb.cloud\/wp-content\/uploads\/2022\/08\/Kerfin7_NEA_2477-150x150.jpg 150w, https:\/\/metaverseweb.cloud\/wp-content\/uploads\/2022\/08\/Kerfin7_NEA_2477-300x300.jpg 300w, https:\/\/metaverseweb.cloud\/wp-content\/uploads\/2022\/08\/Kerfin7_NEA_2477-768x768.jpg 768w, https:\/\/metaverseweb.cloud\/wp-content\/uploads\/2022\/08\/Kerfin7_NEA_2477-1024x1024.jpg 1024w, https:\/\/metaverseweb.cloud\/wp-content\/uploads\/2022\/08\/Kerfin7_NEA_2477-1536x1536.jpg 1536w, https:\/\/metaverseweb.cloud\/wp-content\/uploads\/2022\/08\/Kerfin7_NEA_2477-2048x2048.jpg 2048w\" sizes=\"auto, (max-width: 1024px) 100vw, 1024px\" \/><\/figure><div class=\"wp-block-media-text__content\">\n<h3 class=\"wp-block-heading\">Solu\u00e7\u00e3o AR\/VR para o seu pr\u00f3ximo evento ou lan\u00e7amento de produto<\/h3>\n\n\n\n<p>Se procura uma solu\u00e7\u00e3o AR\/VR para o seu pr\u00f3ximo evento ou lan\u00e7amento de produto, n\u00e3o procure mais, contacte-nos e criaremos para si o White Label Metaverse. Esta poderosa ferramenta permite-lhe quebrar os limites da criatividade, oferecendo aos seus utilizadores um ambiente 3D num planeta digital tridimensional, muito mais bonito do que o nosso c\u00e9u azul.<\/p>\n\n\n\n<p>O Metaverse web criar\u00e1 um metaverso de etiqueta branca para si e n\u00f3s ajud\u00e1-lo-emos e cuidaremos de tudo para que os seus utilizadores n\u00e3o tenham problemas. A nossa solu\u00e7\u00e3o inclui a cria\u00e7\u00e3o de um metaverso dentro do website e muito mais sem deixar o seu pr\u00f3prio URL.<\/p>\n\n\n\n<p><br\/><\/p>\n<\/div><\/div>\n\n<div style=\"height:100px\" aria-hidden=\"true\" class=\"wp-block-spacer\"><\/div>\n\n<div class=\"wp-block-media-text alignwide has-media-on-the-right is-stacked-on-mobile is-vertically-aligned-center\"><figure class=\"wp-block-media-text__media\"><img loading=\"lazy\" decoding=\"async\" width=\"1024\" height=\"1024\" src=\"https:\/\/metaverseweb.cloud\/wp-content\/uploads\/2022\/08\/4136918-1024x1024.jpg\" alt=\"\" class=\"wp-image-2443 size-full\" srcset=\"https:\/\/metaverseweb.cloud\/wp-content\/uploads\/2022\/08\/4136918-80x80.jpg 80w, https:\/\/metaverseweb.cloud\/wp-content\/uploads\/2022\/08\/4136918-150x150.jpg 150w, https:\/\/metaverseweb.cloud\/wp-content\/uploads\/2022\/08\/4136918-300x300.jpg 300w, https:\/\/metaverseweb.cloud\/wp-content\/uploads\/2022\/08\/4136918-768x768.jpg 768w, https:\/\/metaverseweb.cloud\/wp-content\/uploads\/2022\/08\/4136918-1024x1024.jpg 1024w, https:\/\/metaverseweb.cloud\/wp-content\/uploads\/2022\/08\/4136918-1536x1536.jpg 1536w, https:\/\/metaverseweb.cloud\/wp-content\/uploads\/2022\/08\/4136918.jpg 2000w\" sizes=\"auto, (max-width: 1024px) 100vw, 1024px\" \/><\/figure><div class=\"wp-block-media-text__content\">\n<h3 class=\"wp-block-heading\">Met\u00e1fora do r\u00f3tulo branco<\/h3>\n\n\n\n<p>White label metaverse \u00e9 um programa desenvolvido por n\u00f3s para facilitar o acompanhamento digital de ambientes 3D.<\/p>\n\n\n\n<p>No processo de constru\u00e7\u00e3o de ambientes 3D, podemos conceber objectos e adicion\u00e1-los ao nosso mundo. Podemos tamb\u00e9m convidar outros a visitar a nossa vida virtual e interagir connosco.<\/p>\n\n\n\n<p>Porque \u00e9 que um software metaverso com r\u00f3tulo branco \u00e9 a melhor escolha?<\/p>\n\n\n\n<p>Hoje em dia, o software d\u00e1 aos clientes um ambiente virtual para que possam refinar as caracter\u00edsticas de f\u00e1brica, showroom ou servi\u00e7o atrav\u00e9s de um mundo totalmente livre onde n\u00e3o s\u00e3o afectados por nada que encontrem no mesmo.<\/p>\n\n\n\n<p><br\/><\/p>\n<\/div><\/div>\n\n<div class=\"wp-block-media-text alignwide is-stacked-on-mobile is-vertically-aligned-center\"><figure class=\"wp-block-media-text__media\"><img loading=\"lazy\" decoding=\"async\" width=\"1024\" height=\"1024\" src=\"https:\/\/metaverseweb.cloud\/wp-content\/uploads\/2022\/08\/people-shaking-hands-in-business-agreement-background-1024x1024.jpg\" alt=\"\" class=\"wp-image-2433 size-full\" srcset=\"https:\/\/metaverseweb.cloud\/wp-content\/uploads\/2022\/08\/people-shaking-hands-in-business-agreement-background-80x80.jpg 80w, https:\/\/metaverseweb.cloud\/wp-content\/uploads\/2022\/08\/people-shaking-hands-in-business-agreement-background-150x150.jpg 150w, https:\/\/metaverseweb.cloud\/wp-content\/uploads\/2022\/08\/people-shaking-hands-in-business-agreement-background-300x300.jpg 300w, https:\/\/metaverseweb.cloud\/wp-content\/uploads\/2022\/08\/people-shaking-hands-in-business-agreement-background-768x768.jpg 768w, https:\/\/metaverseweb.cloud\/wp-content\/uploads\/2022\/08\/people-shaking-hands-in-business-agreement-background-1024x1024.jpg 1024w, https:\/\/metaverseweb.cloud\/wp-content\/uploads\/2022\/08\/people-shaking-hands-in-business-agreement-background-1536x1536.jpg 1536w, https:\/\/metaverseweb.cloud\/wp-content\/uploads\/2022\/08\/people-shaking-hands-in-business-agreement-background-2048x2048.jpg 2048w\" sizes=\"auto, (max-width: 1024px) 100vw, 1024px\" \/><\/figure><div class=\"wp-block-media-text__content\">\n<h3 class=\"wp-block-heading\">Desenvolver met\u00e1foras para os seus clientes?<\/h3>\n\n\n\n<p>Quer desenvolver met\u00e1foras para os seus clientes?  <\/p>\n\n\n\n<p>Oferecemos-lhe a chave na m\u00e3o, fazemos todo o trabalho por si e voc\u00ea revende-o aos seus clientes.<br\/>Se quiser desenvolver metaverses para os seus clientes, oferecemos-lhe uma solu\u00e7\u00e3o chave-na-m\u00e3o. Podemos ajud\u00e1-lo a desenvolver met\u00e1foras para os seus clientes para promover a sua marca e gerar neg\u00f3cios atrav\u00e9s de met\u00e1foras.  <\/p>\n\n\n\n<p>Fazemos todo o trabalho por si, por isso n\u00e3o hesite em contactar-nos. Damos-lhe a confian\u00e7a de que isto far\u00e1 os seus clientes felizes.<\/p>\n\n\n\n<p><br\/><\/p>\n<\/div><\/div>\n\n<div class=\"wp-block-buttons is-content-justification-center is-layout-flex wp-container-core-buttons-is-layout-16018d1d wp-block-buttons-is-layout-flex\">\n<div class=\"wp-block-button\"><a class=\"wp-block-button__link button\" href=\"https:\/\/metaverseweb.cloud\/pt-br\/contacto\/\">Contacto<\/a><\/div>\n<\/div>\n","protected":false},"excerpt":{"rendered":"<p>Metaverso branco-r\u00f3tulo ou URL personalizado As metaverses de White-label ou metaverses com dom\u00ednios personaliz\u00e1veis (URL) \u00e9 algo em que nos especializ\u00e1mos, acreditamos que cada um deve ter o seu pr\u00f3prio metaverso como complemento necess\u00e1rio do nosso s\u00edtio web, por isso desenvolvemos estas pr\u00f3prias metaverses para si.Somos pioneiros neste sentido, por isso aproveite e seja um &hellip;<\/p>\n","protected":false},"author":1,"featured_media":0,"parent":0,"menu_order":0,"comment_status":"closed","ping_status":"closed","template":"","meta":{"_genesis_hide_title":false,"_genesis_hide_breadcrumbs":false,"_genesis_hide_singular_image":false,"_genesis_hide_footer_widgets":false,"_genesis_custom_body_class":"","_genesis_custom_post_class":"","_genesis_layout":"","footnotes":""},"class_list":{"1":"page","2":"type-page","5":"entry"},"acf":[],"_links":{"self":[{"href":"https:\/\/metaverseweb.cloud\/pt-br\/wp-json\/wp\/v2\/pages\/2349","targetHints":{"allow":["GET"]}}],"collection":[{"href":"https:\/\/metaverseweb.cloud\/pt-br\/wp-json\/wp\/v2\/pages"}],"about":[{"href":"https:\/\/metaverseweb.cloud\/pt-br\/wp-json\/wp\/v2\/types\/page"}],"author":[{"embeddable":true,"href":"https:\/\/metaverseweb.cloud\/pt-br\/wp-json\/wp\/v2\/users\/1"}],"replies":[{"embeddable":true,"href":"https:\/\/metaverseweb.cloud\/pt-br\/wp-json\/wp\/v2\/comments?post=2349"}],"version-history":[{"count":2,"href":"https:\/\/metaverseweb.cloud\/pt-br\/wp-json\/wp\/v2\/pages\/2349\/revisions"}],"predecessor-version":[{"id":2460,"href":"https:\/\/metaverseweb.cloud\/pt-br\/wp-json\/wp\/v2\/pages\/2349\/revisions\/2460"}],"wp:attachment":[{"href":"https:\/\/metaverseweb.cloud\/pt-br\/wp-json\/wp\/v2\/media?parent=2349"}],"curies":[{"name":"wp","href":"https:\/\/api.w.org\/{rel}","templated":true}]}}