{"id":2153,"date":"2022-05-11T15:00:56","date_gmt":"2022-05-11T15:00:56","guid":{"rendered":"https:\/\/metaverseweb.cloud\/servicos\/"},"modified":"2022-08-16T10:35:37","modified_gmt":"2022-08-16T10:35:37","slug":"servicos","status":"publish","type":"page","link":"https:\/\/metaverseweb.cloud\/pt-br\/servicos\/","title":{"rendered":"Servi\u00e7os"},"content":{"rendered":"<div class=\"wp-block-group alignfull has-lg-content-width has-lg-padding-top has-md-padding-bottom\"><div class=\"wp-block-group__inner-container is-layout-flow wp-block-group-is-layout-flow\"><div class=\"mai-columns\"><div class=\"mai-columns-wrap has-columns\" style=\"--column-gap:var(--spacing-xxxl);--row-gap:var(--spacing-xxxl);--align-columns:initial;--align-columns-vertical:initial;\">\n<div class=\"mai-column is-column\" style=\"--columns-xs:1\/1;--flex-xs:0 0 var(--flex-basis);--columns-sm:1\/2;--flex-sm:0 0 var(--flex-basis);--columns-md:1\/2;--flex-md:0 0 var(--flex-basis);--columns-lg:1\/2;--flex-lg:0 0 var(--flex-basis);--justify-content:initial;\">\n\n<h3 class=\"wp-block-heading\">Solu\u00e7\u00e3o completa para que possa ver o seu pr\u00f3prio metaverso no seu s\u00edtio<\/h3>\n\n\n\n<p>Somos uma plataforma baseada na nuvem para experi\u00eancias 3D totalmente imersivas que recriam interac\u00e7\u00f5es e ambientes da vida real. Ao reimaginar a forma como as pessoas trabalham, a nossa resposta ao metaverso empresarial permite que colegas e clientes se encontrem frente a frente num mundo digital interligado a qualquer altura, de qualquer parte do mundo e atrav\u00e9s de qualquer dispositivo, para que os seus visitantes da web possam ver os seus produtos, maquinaria ou servi\u00e7os no metaverso sem sair do seu website.  <\/p>\n\n\n\n<p><a href=\"https:\/\/metaverseweb.cloud\/pt-br\/metaverse-no-seu-sitio-web\/\" data-type=\"URL\" data-id=\"https:\/\/metaverseweb.cloud\/metaverse-into-your-website\/\">mais informa\u00e7\u00f5es.<\/a><\/p>\n\n<\/div>\n\n<div class=\"mai-column is-column\" style=\"--columns-xs:1\/1;--flex-xs:0 0 var(--flex-basis);--columns-sm:1\/2;--flex-sm:0 0 var(--flex-basis);--columns-md:1\/2;--flex-md:0 0 var(--flex-basis);--columns-lg:1\/2;--flex-lg:0 0 var(--flex-basis);--justify-content:initial;--order-xs:-1;--order-sm:-1;\">\n\n<figure class=\"wp-block-image size-large\"><a href=\"https:\/\/metaverseweb.cloud\/pt-br\/metaverse-no-seu-sitio-web\/\"><img loading=\"lazy\" decoding=\"async\" width=\"684\" height=\"1024\" src=\"https:\/\/metaverseweb.cloud\/wp-content\/uploads\/2022\/08\/AdobeStock_486695879-684x1024.jpeg\" alt=\"\" class=\"wp-image-1970\" srcset=\"https:\/\/metaverseweb.cloud\/wp-content\/uploads\/2022\/08\/AdobeStock_486695879-200x300.jpeg 200w, https:\/\/metaverseweb.cloud\/wp-content\/uploads\/2022\/08\/AdobeStock_486695879-684x1024.jpeg 684w, https:\/\/metaverseweb.cloud\/wp-content\/uploads\/2022\/08\/AdobeStock_486695879-768x1151.jpeg 768w, https:\/\/metaverseweb.cloud\/wp-content\/uploads\/2022\/08\/AdobeStock_486695879-1025x1536.jpeg 1025w, https:\/\/metaverseweb.cloud\/wp-content\/uploads\/2022\/08\/AdobeStock_486695879-1367x2048.jpeg 1367w, https:\/\/metaverseweb.cloud\/wp-content\/uploads\/2022\/08\/AdobeStock_486695879-scaled.jpeg 1709w\" sizes=\"auto, (max-width: 684px) 100vw, 684px\" \/><\/a><\/figure>\n\n<\/div>\n<\/div><\/div><\/div><\/div><div class=\"wp-block-group alignwide has-lg-content-width has-md-padding-top has-lg-padding-bottom\"><div class=\"wp-block-group__inner-container is-layout-flow wp-block-group-is-layout-flow\"><div class=\"mai-columns\"><div class=\"mai-columns-wrap has-columns\" style=\"--column-gap:var(--spacing-xxxl);--row-gap:var(--spacing-xxxl);--align-columns:initial;--align-columns-vertical:initial;\">\n<div class=\"mai-column is-column\" style=\"--columns-xs:1\/1;--flex-xs:0 0 var(--flex-basis);--columns-sm:1\/2;--flex-sm:0 0 var(--flex-basis);--columns-md:1\/2;--flex-md:0 0 var(--flex-basis);--columns-lg:1\/2;--flex-lg:0 0 var(--flex-basis);--justify-content:initial;\">\n\n<figure class=\"wp-block-image size-full is-resized\"><a href=\"https:\/\/metaverseweb.cloud\/pt-br\/web-metaversa-de-showrooms\/\"><img loading=\"lazy\" decoding=\"async\" src=\"https:\/\/metaverseweb.cloud\/wp-content\/uploads\/2022\/08\/descarga.jpg\" alt=\"\" class=\"wp-image-1980\" width=\"457\" height=\"291\"><\/a><\/figure>\n\n<\/div>\n\n<div class=\"mai-column is-column\" style=\"--columns-xs:1\/1;--flex-xs:0 0 var(--flex-basis);--columns-sm:1\/2;--flex-sm:0 0 var(--flex-basis);--columns-md:1\/2;--flex-md:0 0 var(--flex-basis);--columns-lg:1\/2;--flex-lg:0 0 var(--flex-basis);--justify-content:initial;\">\n\n<h3 class=\"wp-block-heading\">Met\u00e1fora dos <strong>Showrooms<\/strong> <\/h3>\n\n\n\n<p>Utilize os espa\u00e7os pr\u00e9-constru\u00eddos da nossa plataforma ou personalize os seus pr\u00f3prios ambientes 3D com base nas suas necessidades comerciais, nos elementos de marca da sua empresa e nas suas ideias criativas. Qualquer que seja o tipo de maquinaria ou produto, podemos fazer com que os seus produtos transcendam para o mundo virtual com detalhes realistas e intrincados. Os espa\u00e7os de trabalho podem variar desde simples cabines de reuni\u00f5es para reuni\u00f5es mais pequenas at\u00e9 salas de reuni\u00f5es interactivas para grupos maiores e tudo o que se encontra entre eles.<br>A nossa plataforma oferece diferentes tipos de espa\u00e7os, desde os tradicionais showrooms at\u00e9 aos que podem ser constru\u00eddos no nosso pr\u00f3prio dom\u00ednio virtual. Para alcan\u00e7ar um resultado que seja \u00fanico para a sua empresa e transcenda para o mundo real, n\u00e3o hesite em contactar-nos.<\/p>\n\n\n\n<p><a href=\"https:\/\/metaverseweb.cloud\/pt-br\/web-metaversa-de-showrooms\/\" data-type=\"URL\" data-id=\"https:\/\/metaverseweb.cloud\/showrooms-metaverse-web\/\">Mais informa\u00e7\u00f5es.<\/a><\/p>\n\n<\/div>\n<\/div><\/div><\/div><\/div><div class=\"wp-block-group alignfull is-content-justification-center is-nowrap is-layout-flex wp-container-core-group-is-layout-94bc23d7 wp-block-group-is-layout-flex has-lg-content-width has-md-padding-top has-lg-padding-bottom\"><div class=\"mai-columns\"><div class=\"mai-columns-wrap has-columns\" style=\"--column-gap:var(--spacing-xxxl);--row-gap:var(--spacing-xxxl);--align-columns:initial;--align-columns-vertical:initial;\">\n<div class=\"mai-column is-column\" style=\"--columns-xs:1\/1;--flex-xs:0 0 var(--flex-basis);--columns-sm:1\/2;--flex-sm:0 0 var(--flex-basis);--columns-md:1\/2;--flex-md:0 0 var(--flex-basis);--columns-lg:1\/2;--flex-lg:0 0 var(--flex-basis);--justify-content:initial;\">\n\n<figure class=\"wp-block-image size-full is-resized\"><a href=\"https:\/\/metaverseweb.cloud\/pt-br\/feiras-conferencias-e-reunioes-no-metaverso\/\"><img loading=\"lazy\" decoding=\"async\" src=\"https:\/\/metaverseweb.cloud\/wp-content\/uploads\/2022\/08\/feria.jpg\" alt=\"\" class=\"wp-image-2000\" width=\"459\" height=\"257\"><\/a><\/figure>\n\n\n\n<figure class=\"wp-block-image size-full is-resized\"><a href=\"https:\/\/metaverseweb.cloud\/pt-br\/feiras-conferencias-e-reunioes-no-metaverso\/\"><img loading=\"lazy\" decoding=\"async\" src=\"https:\/\/metaverseweb.cloud\/wp-content\/uploads\/2022\/08\/congresos.jpg\" alt=\"\" class=\"wp-image-1990\" width=\"459\" height=\"257\"><\/a><\/figure>\n\n<\/div>\n\n<div class=\"mai-column is-column\" style=\"--columns-xs:1\/1;--flex-xs:0 0 var(--flex-basis);--columns-sm:1\/2;--flex-sm:0 0 var(--flex-basis);--columns-md:1\/2;--flex-md:0 0 var(--flex-basis);--columns-lg:1\/2;--flex-lg:0 0 var(--flex-basis);--justify-content:initial;\">\n\n<h3 class=\"wp-block-heading\"><strong>Feiras, confer\u00eancias e reuni\u00f5es<\/strong><\/h3>\n\n\n\n<p>Os ambientes virtuais da nossa plataforma, constru\u00eddos \u00e0 escala baseada em grandes showrooms em todo o mundo ou como showrooms de produtos convencionais, far\u00e3o com que os participantes e expositores se sintam completamente imersos. Os seus convidados sentir-se-\u00e3o como se j\u00e1 tivessem estado aqui antes, gra\u00e7as aos detalhes realistas que esculpimos em cada espa\u00e7o que desenhamos. Temos espa\u00e7os padr\u00e3o pr\u00e9-constru\u00eddos, bem como op\u00e7\u00f5es mais personalizadas.<br>Os Metaverses permitem-nos conceber espa\u00e7os para uma feira comercial, oferecendo um ambiente amea\u00e7ador e fortalecedor. Os h\u00f3spedes sentir-se-\u00e3o como se estivessem no lugar certo, gra\u00e7as \u00e0s m\u00e1quinas que utilizaremos para recriar a realidade. Podemos criar um ambiente virtual com base nos aspectos importantes da feira, tais como o terreno, as pessoas ou os objectos. Tamb\u00e9m podemos combinar estas m\u00e1quinas com outros elementos para criar um ambiente completamente original.<a href=\"https:\/\/metaverseweb.cloud\/pt-br\/feiras-conferencias-e-reunioes-no-metaverso\/\"> <\/a><\/p>\n\n\n\n<p><a href=\"https:\/\/metaverseweb.cloud\/pt-br\/feiras-conferencias-e-reunioes-no-metaverso\/\">Mais informa\u00e7\u00f5es.<\/a><\/p>\n\n<\/div>\n<\/div><\/div><\/div>\n<div class=\"wp-block-media-text alignwide has-media-on-the-right is-stacked-on-mobile\"><figure class=\"wp-block-media-text__media\"><a href=\"https:\/\/metaverseweb.cloud\/pt-br\/metaverso-de-etiqueta-branca\/\"><img loading=\"lazy\" decoding=\"async\" width=\"1024\" height=\"683\" src=\"https:\/\/metaverseweb.cloud\/wp-content\/uploads\/2022\/08\/AdobeStock_498683337-1024x683.jpeg\" alt=\"\" class=\"wp-image-1952 size-full\" srcset=\"https:\/\/metaverseweb.cloud\/wp-content\/uploads\/2022\/08\/AdobeStock_498683337-300x200.jpeg 300w, https:\/\/metaverseweb.cloud\/wp-content\/uploads\/2022\/08\/AdobeStock_498683337-768x512.jpeg 768w, https:\/\/metaverseweb.cloud\/wp-content\/uploads\/2022\/08\/AdobeStock_498683337-1024x683.jpeg 1024w, https:\/\/metaverseweb.cloud\/wp-content\/uploads\/2022\/08\/AdobeStock_498683337-1536x1024.jpeg 1536w, https:\/\/metaverseweb.cloud\/wp-content\/uploads\/2022\/08\/AdobeStock_498683337-2048x1365.jpeg 2048w\" sizes=\"auto, (max-width: 1024px) 100vw, 1024px\" \/><\/a><\/figure><div class=\"wp-block-media-text__content\">\n<h3 class=\"wp-block-heading\">Met\u00e1foras de etiqueta branca ou met\u00e1foras com dom\u00ednios personaliz\u00e1veis (URLs) \u00e9 algo em que nos especializamos.<\/h3>\n\n\n\n<p>O termo metaverso \u00e9 utilizado para descrever uma rede de redes sociais onde todos os membros interagem uns com os outros. Como cada pessoa define a rede afecta a forma como esta ser\u00e1 vista por outros utilizadores. O objectivo das met\u00e1foras \u00e9 a troca de opini\u00f5es e informa\u00e7\u00f5es.<br\/>Os Metaverses podem ser gerados por uma marca ou por um utilizador individual. As met\u00e1foras de dom\u00ednio permitem a cada utilizador criar o seu pr\u00f3prio mundo dentro do seu pr\u00f3prio URL. Isto d\u00e1 a cada pessoa a oportunidade de controlar o conte\u00fado e a publicidade nele exposta.<\/p>\n\n\n\n<p><a href=\"https:\/\/metaverseweb.cloud\/pt-br\/metaverso-de-etiqueta-branca\/\" data-type=\"URL\" data-id=\"https:\/\/metaverseweb.cloud\/white-label-metaverse\/\">Mais informa\u00e7\u00f5es.<\/a><\/p>\n<\/div><\/div>\n<div class=\"wp-block-group alignfull has-alt-background-color has-background has-light-background has-lg-content-width has-lg-padding-top has-lg-padding-bottom\"><div class=\"wp-block-group__inner-container is-layout-flow wp-block-group-is-layout-flow\">\n<h2 class=\"has-text-align-center wp-block-heading\">O que oferecemos<\/h2>\n\n\n<p class=\"has-text-align-center has-sm-max-width has-xxxl-margin-bottom\"><strong>Na maioria das vezes, quando lan\u00e7amos um novo produto ou maquinaria, os nossos clientes recebem apenas alguns elementos tais como brochuras em pdf, v\u00eddeos ou imagens do pr\u00f3prio produto ou maquinaria e das suas caracter\u00edsticas. Se quiser que os visitantes do seu site possam ver o seu produto em 3 dimens\u00f5es dentro do seu mundo virtual privado oferecendo a possibilidade de interagir com a equipa respons\u00e1vel pelo novo produto ou maquinaria, n\u00e3o hesite em contactar-nos aqui.<\/strong><\/p>\n\n\n<div class=\"wp-block-group\"><div class=\"wp-block-group__inner-container is-layout-flow wp-block-group-is-layout-flow\">\n<div class=\"wp-block-columns is-layout-flex wp-container-core-columns-is-layout-9d6595d7 wp-block-columns-is-layout-flex\">\n<div class=\"wp-block-column is-layout-flow wp-block-column-is-layout-flow\" style=\"flex-basis:100%\">\n<ul class=\"wp-block-list\"><li>Metaverso personalizado integrado no seu URL.<\/li><li>A sua maquinaria ou produtos entregues em 3D dentro do seu URL.<\/li><li>Dispon\u00edvel a partir de qualquer plataforma, computador ou telem\u00f3vel.<\/li><li>Centenas de pessoas em simult\u00e2neo gra\u00e7as aos nossos servidores escal\u00e1veis para o metaverso.<\/li><li>Avatares configur\u00e1veis.<\/li><li>Registo de visitantes.<\/li><li>Interac\u00e7\u00e3o em tempo real com os seus potenciais clientes.<\/li><li>Grande biblioteca de cen\u00e1rios dispon\u00edvel e sem custos de desenvolvimento. ou desenvolvemos o seu pr\u00f3prio cen\u00e1rio.<\/li><li>Chave na m\u00e3o, tratamos de tudo desde o arranque e manuten\u00e7\u00e3o subsequente.<\/li><li>Acess\u00edvel a partir de um URL, n\u00e3o h\u00e1 necessidade de descarregar ou instalar nada.<\/li><li>Pode falar e conversar com os seus clientes.<\/li><li>Servidores escal\u00e1veis conforme necess\u00e1rio em tempo real. ideal para m\u00e1quinas ou apresenta\u00e7\u00f5es de produtos.<\/li><li>Manuten\u00e7\u00e3o cont\u00ednua sempre dispon\u00edvel.<\/li><li>Contacto por e-mail ou telefone directamente para a equipa de apoio t\u00e9cnico.<\/li><\/ul>\n<\/div>\n<\/div>\n<\/div><\/div>\n<\/div><\/div>\n<figure class=\"wp-block-image size-large\"><img loading=\"lazy\" decoding=\"async\" width=\"1024\" height=\"354\" src=\"https:\/\/metaverseweb.cloud\/wp-content\/uploads\/2022\/08\/7251036-1-1024x354.jpg\" alt=\"\" class=\"wp-image-2378\" srcset=\"https:\/\/metaverseweb.cloud\/wp-content\/uploads\/2022\/08\/7251036-1-300x104.jpg 300w, https:\/\/metaverseweb.cloud\/wp-content\/uploads\/2022\/08\/7251036-1-768x266.jpg 768w, https:\/\/metaverseweb.cloud\/wp-content\/uploads\/2022\/08\/7251036-1-1024x354.jpg 1024w, https:\/\/metaverseweb.cloud\/wp-content\/uploads\/2022\/08\/7251036-1-1536x532.jpg 1536w, https:\/\/metaverseweb.cloud\/wp-content\/uploads\/2022\/08\/7251036-1-2048x709.jpg 2048w\" sizes=\"auto, (max-width: 1024px) 100vw, 1024px\" \/><\/figure>\n<div class=\"wp-block-group alignfull has-white-color has-heading-background-color has-text-color has-background has-dark-background has-sm-content-width has-lg-padding-top has-lg-padding-bottom\"><div class=\"wp-block-group__inner-container is-layout-flow wp-block-group-is-layout-flow\">\n<h2 class=\"has-text-align-center wp-block-heading\">Pronto para come\u00e7ar?<\/h2>\n\n\n<p class=\"has-text-align-center has-sm-max-width\"><strong>Preencha <\/strong>o nosso formul\u00e1rio de contacto com alguns detalhes do projecto e entraremos em contacto consigo dentro de 24 horas.<\/p>\n\n\n<div class=\"wp-block-buttons is-content-justification-center is-layout-flex wp-container-core-buttons-is-layout-16018d1d wp-block-buttons-is-layout-flex\">\n<div class=\"wp-block-button\"><a class=\"wp-block-button__link button\" href=\"https:\/\/metaverseweb.cloud\/pt-br\/contacto\/\">Comece a trabalhar<\/a><\/div>\n<\/div>\n<\/div><\/div><div class=\"wp-block-group alignfull has-lg-content-width has-lg-padding-top has-lg-padding-bottom\"><div class=\"wp-block-group__inner-container is-layout-flow wp-block-group-is-layout-flow\">\n<h2 class=\"has-text-align-left wp-block-heading\">Porqu\u00ea escolher-nos<\/h2>\n\n\n<p class=\"has-text-align-left has-xxxl-margin-bottom\"><\/p><\/div><\/div>","protected":false},"excerpt":{"rendered":"<p>Met\u00e1foras de etiqueta branca ou met\u00e1foras com dom\u00ednios personaliz\u00e1veis (URLs) \u00e9 algo em que nos especializamos. O termo metaverso \u00e9 utilizado para descrever uma rede de redes sociais onde todos os membros interagem uns com os outros. Como cada pessoa define a rede afecta a forma como esta ser\u00e1 vista por outros utilizadores. O objectivo &hellip;<\/p>\n","protected":false},"author":1,"featured_media":2021,"parent":0,"menu_order":0,"comment_status":"closed","ping_status":"closed","template":"","meta":{"_genesis_hide_title":false,"_genesis_hide_breadcrumbs":false,"_genesis_hide_singular_image":false,"_genesis_hide_footer_widgets":false,"_genesis_custom_body_class":"","_genesis_custom_post_class":"","_genesis_layout":"standard-content","footnotes":""},"class_list":{"1":"page","2":"type-page","6":"entry"},"acf":[],"_links":{"self":[{"href":"https:\/\/metaverseweb.cloud\/pt-br\/wp-json\/wp\/v2\/pages\/2153","targetHints":{"allow":["GET"]}}],"collection":[{"href":"https:\/\/metaverseweb.cloud\/pt-br\/wp-json\/wp\/v2\/pages"}],"about":[{"href":"https:\/\/metaverseweb.cloud\/pt-br\/wp-json\/wp\/v2\/types\/page"}],"author":[{"embeddable":true,"href":"https:\/\/metaverseweb.cloud\/pt-br\/wp-json\/wp\/v2\/users\/1"}],"replies":[{"embeddable":true,"href":"https:\/\/metaverseweb.cloud\/pt-br\/wp-json\/wp\/v2\/comments?post=2153"}],"version-history":[{"count":10,"href":"https:\/\/metaverseweb.cloud\/pt-br\/wp-json\/wp\/v2\/pages\/2153\/revisions"}],"predecessor-version":[{"id":2595,"href":"https:\/\/metaverseweb.cloud\/pt-br\/wp-json\/wp\/v2\/pages\/2153\/revisions\/2595"}],"wp:featuredmedia":[{"embeddable":true,"href":"https:\/\/metaverseweb.cloud\/pt-br\/wp-json\/wp\/v2\/media\/2021"}],"wp:attachment":[{"href":"https:\/\/metaverseweb.cloud\/pt-br\/wp-json\/wp\/v2\/media?parent=2153"}],"curies":[{"name":"wp","href":"https:\/\/api.w.org\/{rel}","templated":true}]}}