{"id":2576,"date":"2022-08-16T10:30:47","date_gmt":"2022-08-16T10:30:47","guid":{"rendered":"https:\/\/metaverseweb.cloud\/targi-konferencje-i-spotkania-w-metaverse\/"},"modified":"2022-08-16T10:31:00","modified_gmt":"2022-08-16T10:31:00","slug":"targi-konferencje-i-spotkania-w-metaverse","status":"publish","type":"page","link":"https:\/\/metaverseweb.cloud\/pl\/targi-konferencje-i-spotkania-w-metaverse\/","title":{"rendered":"Targi, konferencje i spotkania w metaverse"},"content":{"rendered":"\n<h3 class=\"wp-block-heading\">Targi, konferencje i spotkania w metaverse<\/h3>\n\n<p>Targi, konferencje czy spotkania to doskona\u0142y spos\u00f3b na po\u0142\u0105czenie si\u0119 z lud\u017ami, kt\u00f3rzy s\u0105 w tym samym miejscu co Ty, na razie w metaverse mo\u017cesz robi\u0107 to samo, ale niezale\u017cnie od odleg\u0142o\u015bci czy czasu, mo\u017ce to pom\u00f3c Ci w utrwaleniu swojego biznesu czy pozycjonowaniu si\u0119 na rynku pracy. Jak jednak je zorganizowa\u0107, je\u015bli nie jest si\u0119 ekspertem w tworzeniu metaverse? skontaktuj si\u0119 z nami, aby Tw\u00f3j biznes si\u0119 rozwija\u0142.<\/p>\n\n<figure class=\"wp-block-image size-large\"><img loading=\"lazy\" decoding=\"async\" width=\"1024\" height=\"336\" src=\"https:\/\/metaverseweb.cloud\/wp-content\/uploads\/2022\/08\/1-1-1024x336.jpg\" alt=\"\" class=\"wp-image-2535\" srcset=\"https:\/\/metaverseweb.cloud\/wp-content\/uploads\/2022\/08\/1-1-300x98.jpg 300w, https:\/\/metaverseweb.cloud\/wp-content\/uploads\/2022\/08\/1-1-768x252.jpg 768w, https:\/\/metaverseweb.cloud\/wp-content\/uploads\/2022\/08\/1-1-1024x336.jpg 1024w, https:\/\/metaverseweb.cloud\/wp-content\/uploads\/2022\/08\/1-1-1536x504.jpg 1536w, https:\/\/metaverseweb.cloud\/wp-content\/uploads\/2022\/08\/1-1.jpg 1801w\" sizes=\"auto, (max-width: 1024px) 100vw, 1024px\" \/><\/figure>\n\n<h3 class=\"wp-block-heading\">Spotkania w metawersum<\/h3>\n\n<p>Targi, konferencje i spotkania to doskona\u0142a opcja na zebranie cz\u0142onk\u00f3w zespo\u0142u lub rozpocz\u0119cie d\u0142ugiej wsp\u00f3\u0142pracy. S\u0105 one \u015bwietnym sposobem na nawi\u0105zanie wi\u0119zi i dowiedzenie si\u0119 wiele o poruszanym temacie. Na przyk\u0142ad, istniej\u0105 targi po\u015bwi\u0119cone edukacji, biznesowi, rozrywce&#8230; wszystkie s\u0105 mo\u017cliwe w metaverse, Ty wybierasz temat, a my tworzymy dla Ciebie opraw\u0119.<\/p>\n\n<p>metaverse to doskona\u0142y spos\u00f3b na nawi\u0105zanie kontaktu z innymi specjalistami i wymian\u0119 do\u015bwiadcze\u0144 w czasie rzeczywistym i bez wychodzenia z biura. Dlatego wa\u017cne jest, aby\u015bmy wiedzieli, kt\u00f3ra firma jest najlepsza do rozwoju twojego metaverse.<\/p>\n\n<p>Przede wszystkim musimy wzi\u0105\u0107 pod uwag\u0119 cel spotka\u0144. Je\u015bli chcemy si\u0119 spotka\u0107, by porozmawia\u0107 o swojej karierze lub po prostu wymieni\u0107 si\u0119 opiniami, lepiej, by by\u0142y to odpowiednie imprezy. Je\u015bli jednak naszym celem jest robienie interes\u00f3w, potrzebujemy daty, w kt\u00f3rej b\u0119dziemy mogli zgromadzi\u0107 wszystkich uczestnik\u00f3w. W tym przypadku idealnym miejscem s\u0105 targi w metaverse. Ludzie ch\u0119tniej wybieraj\u0105 si\u0119 na co\u015b, co nie wymaga wychodzenia z biura, ka\u017cdy mo\u017ce i\u015b\u0107, nie ma koszt\u00f3w podr\u00f3\u017cy, interakcji w czasie rzeczywistym i mog\u0105 zobaczy\u0107 wielu znajomych w tej samej okolicy.  <\/p>\n\n<figure class=\"wp-block-image size-full\"><img loading=\"lazy\" decoding=\"async\" width=\"801\" height=\"324\" src=\"https:\/\/metaverseweb.cloud\/wp-content\/uploads\/2022\/08\/2-1.jpg\" alt=\"\" class=\"wp-image-2545\" srcset=\"https:\/\/metaverseweb.cloud\/wp-content\/uploads\/2022\/08\/2-1-300x121.jpg 300w, https:\/\/metaverseweb.cloud\/wp-content\/uploads\/2022\/08\/2-1-768x311.jpg 768w, https:\/\/metaverseweb.cloud\/wp-content\/uploads\/2022\/08\/2-1.jpg 801w\" sizes=\"auto, (max-width: 801px) 100vw, 801px\" \/><\/figure>\n\n<h3 class=\"wp-block-heading\">Wirtualne targi<\/h3>\n\n<p>Wirtualne targi to \u015bwietny spos\u00f3b na poznanie innych ludzi i zdobycie wiedzy bez wychodzenia z biura. Konferencje to dobry spos\u00f3b na poznanie innych specjalist\u00f3w, a spotkania to \u015bwietny spos\u00f3b na wymian\u0119 pomys\u0142\u00f3w.<\/p>\n\n<p>W metaverse coraz cz\u0119\u015bciej pojawiaj\u0105 si\u0119 wirtualne targi, kt\u00f3re daj\u0105 niepowtarzaln\u0105 okazj\u0119 do spotkania innych u\u017cytkownik\u00f3w i wymiany do\u015bwiadcze\u0144. Targi twarz\u0105 w twarz maj\u0105 wysoki koszt, kt\u00f3ry eliminujemy robi\u0105c je w swoim \u015bwiecie 3D r\u00f3wnolegle do rzeczywisto\u015bci, to oferuje niesamowit\u0105 wszechstronno\u015b\u0107, plus mo\u017cna zorganizowa\u0107 go z produktami renderowanymi w 3D dla wi\u0119kszego realizmu i wi\u0119kszej interakcji, a wszystko to bez wychodzenia z biura i bez przenoszenia swojego osobistego sprz\u0119tu i sprz\u0119tu materialnego.  <\/p>\n\n<h3 class=\"wp-block-heading\">Konferencje i spotkania w metaverse<\/h3>\n\n<p>Targi, konferencje i spotkania to \u015bwietny spos\u00f3b na po\u0142\u0105czenie czasu z przyjaci\u00f3\u0142mi, wsp\u00f3\u0142pracownikami czy klientami. Je\u015bli szukasz zabawnego i niezapomnianego sposobu na spotkanie, konferencja w metaverse jest drog\u0105 do zrobienia. Dodatkowo, spotkania w metaverse mog\u0105 by\u0107 ca\u0142kiem przydatne do wzmocnienia marki jako firmy.<\/p>\n\n<p>Targi to dobra opcja na spotkanie biznesowe lub wymian\u0119 informacji o bran\u017cy. S\u0105 to zazwyczaj wielkie uroczysto\u015bci, na kt\u00f3re zaprasza si\u0119 wielu pracodawc\u00f3w, a nawet potencjalnych klient\u00f3w. Konferencje to kolejny rodzaj wydarze\u0144, kt\u00f3re doskonale nadaj\u0105 si\u0119 do nawi\u0105zywania kontakt\u00f3w z innymi specjalistami. Organizowane s\u0105 przez uczelnie, banki, stowarzyszenia zawodowe oraz inne organizacje publiczne i prywatne. Wi\u0119kszo\u015b\u0107 konferencji odbywa si\u0119 za granic\u0105.<\/p>\n\n<figure class=\"wp-block-image size-large\"><img loading=\"lazy\" decoding=\"async\" width=\"1024\" height=\"358\" src=\"https:\/\/metaverseweb.cloud\/wp-content\/uploads\/2022\/08\/22-1024x358.jpg\" alt=\"\" class=\"wp-image-2555\" srcset=\"https:\/\/metaverseweb.cloud\/wp-content\/uploads\/2022\/08\/22-300x105.jpg 300w, https:\/\/metaverseweb.cloud\/wp-content\/uploads\/2022\/08\/22-768x268.jpg 768w, https:\/\/metaverseweb.cloud\/wp-content\/uploads\/2022\/08\/22-1024x358.jpg 1024w, https:\/\/metaverseweb.cloud\/wp-content\/uploads\/2022\/08\/22-1536x537.jpg 1536w, https:\/\/metaverseweb.cloud\/wp-content\/uploads\/2022\/08\/22.jpg 1891w\" sizes=\"auto, (max-width: 1024px) 100vw, 1024px\" \/><\/figure>\n\n<h3 class=\"wp-block-heading\">Bezpo\u015brednie kontakty z innymi u\u017cytkownikami<\/h3>\n\n<p>Targi, konferencje i spotkania to doskona\u0142y spos\u00f3b na nawi\u0105zanie kontaktu z innymi u\u017cytkownikami\/klientami. Ludzie spotykaj\u0105 si\u0119, aby porozmawia\u0107 na interesuj\u0105ce tematy i podzieli\u0107 si\u0119 do\u015bwiadczeniami technicznymi dotycz\u0105cymi Twoich produkt\u00f3w. Jest to dobry spos\u00f3b, aby nawi\u0105za\u0107 wi\u0119zi, dowiedzie\u0107 si\u0119 wi\u0119cej o nich i og\u00f3lnie spr\u00f3bowa\u0107 poprawi\u0107 nasz\u0105 komunikacj\u0119.<\/p>\n\n<p>Je\u015bli chcesz pozna\u0107 wszystkie szczeg\u00f3\u0142y dotycz\u0105ce jakichkolwiek targ\u00f3w, konferencji czy spotka\u0144 organizowanych w metaverse, nie wahaj si\u0119 skontaktowa\u0107 z nami.  <\/p>\n\n<h3 class=\"wp-block-heading\">Wniosek<\/h3>\n\n<p>Je\u015bli w tym roku planujesz stworzy\u0107 swoje targi, konferencj\u0119 lub spotkanie, wa\u017cne jest, aby\u015b wiedzia\u0142, jak si\u0119 do nich przygotowa\u0107. Zapraszamy do przeczytania tego postu, aby skompilowa\u0107 kilka wskaz\u00f3wek, kt\u00f3re pomog\u0105 Ci si\u0119 zorganizowa\u0107 i zmniejszy\u0107 stres podczas uroczysto\u015bci, poniewa\u017c zajmujemy si\u0119 absolutnie wszystkim, od dostosowania stoiska do zarz\u0105dzania serwerem. Mamy nadziej\u0119, \u017ce te pomys\u0142y sprawi\u0105, \u017ce poczujesz si\u0119 pewniej i b\u0119dziesz mia\u0142 kontrol\u0119 w najbardziej skomplikowanych sytuacjach. Jak b\u0119dziesz m\u00f3g\u0142 si\u0119 przygotowa\u0107 do swoich wydarze\u0144?<\/p>\n\n<figure class=\"wp-block-image size-large\"><img loading=\"lazy\" decoding=\"async\" width=\"1024\" height=\"354\" src=\"https:\/\/metaverseweb.cloud\/wp-content\/uploads\/2022\/08\/7251036-1-1024x354.jpg\" alt=\"\" class=\"wp-image-2378\" srcset=\"https:\/\/metaverseweb.cloud\/wp-content\/uploads\/2022\/08\/7251036-1-300x104.jpg 300w, https:\/\/metaverseweb.cloud\/wp-content\/uploads\/2022\/08\/7251036-1-768x266.jpg 768w, https:\/\/metaverseweb.cloud\/wp-content\/uploads\/2022\/08\/7251036-1-1024x354.jpg 1024w, https:\/\/metaverseweb.cloud\/wp-content\/uploads\/2022\/08\/7251036-1-1536x532.jpg 1536w, https:\/\/metaverseweb.cloud\/wp-content\/uploads\/2022\/08\/7251036-1-2048x709.jpg 2048w\" sizes=\"auto, (max-width: 1024px) 100vw, 1024px\" \/><\/figure>\n","protected":false},"excerpt":{"rendered":"<p>Targi, konferencje i spotkania w metaverse Targi, konferencje czy spotkania to doskona\u0142y spos\u00f3b na po\u0142\u0105czenie si\u0119 z lud\u017ami, kt\u00f3rzy s\u0105 w tym samym miejscu co Ty, na razie w metaverse mo\u017cesz robi\u0107 to samo, ale niezale\u017cnie od odleg\u0142o\u015bci czy czasu, mo\u017ce to pom\u00f3c Ci w utrwaleniu swojego biznesu czy pozycjonowaniu si\u0119 na rynku pracy. Jak &hellip;<\/p>\n","protected":false},"author":1,"featured_media":0,"parent":0,"menu_order":0,"comment_status":"closed","ping_status":"closed","template":"","meta":{"_genesis_hide_title":false,"_genesis_hide_breadcrumbs":false,"_genesis_hide_singular_image":false,"_genesis_hide_footer_widgets":false,"_genesis_custom_body_class":"","_genesis_custom_post_class":"","_genesis_layout":"","footnotes":""},"class_list":{"1":"page","2":"type-page","5":"entry"},"acf":[],"_links":{"self":[{"href":"https:\/\/metaverseweb.cloud\/pl\/wp-json\/wp\/v2\/pages\/2576","targetHints":{"allow":["GET"]}}],"collection":[{"href":"https:\/\/metaverseweb.cloud\/pl\/wp-json\/wp\/v2\/pages"}],"about":[{"href":"https:\/\/metaverseweb.cloud\/pl\/wp-json\/wp\/v2\/types\/page"}],"author":[{"embeddable":true,"href":"https:\/\/metaverseweb.cloud\/pl\/wp-json\/wp\/v2\/users\/1"}],"replies":[{"embeddable":true,"href":"https:\/\/metaverseweb.cloud\/pl\/wp-json\/wp\/v2\/comments?post=2576"}],"version-history":[{"count":1,"href":"https:\/\/metaverseweb.cloud\/pl\/wp-json\/wp\/v2\/pages\/2576\/revisions"}],"predecessor-version":[{"id":2577,"href":"https:\/\/metaverseweb.cloud\/pl\/wp-json\/wp\/v2\/pages\/2576\/revisions\/2577"}],"wp:attachment":[{"href":"https:\/\/metaverseweb.cloud\/pl\/wp-json\/wp\/v2\/media?parent=2576"}],"curies":[{"name":"wp","href":"https:\/\/api.w.org\/{rel}","templated":true}]}}