{"id":2525,"date":"2022-08-16T10:04:37","date_gmt":"2022-08-16T10:04:37","guid":{"rendered":"https:\/\/metaverseweb.cloud\/showroomy-metaverse-web\/"},"modified":"2022-08-16T10:04:50","modified_gmt":"2022-08-16T10:04:50","slug":"showroomy-metaverse-web","status":"publish","type":"page","link":"https:\/\/metaverseweb.cloud\/pl\/showroomy-metaverse-web\/","title":{"rendered":"Showroomy metaverse web"},"content":{"rendered":"\n<h3 class=\"wp-block-heading\">Showroom w metawersie<\/h3>\n\n<p>Showroomy w metaverse to dobry spos\u00f3b na pozycjonowanie firmy na rynku. S\u0105 one dobr\u0105 opcj\u0105, aby mie\u0107 miejsce, w kt\u00f3rym mo\u017cna pokaza\u0107 wszystkie swoje produkty w 3 wymiarach i zaoferowa\u0107 us\u0142ugi swoim klientom. Dlatego wa\u017cne jest, aby\u015b wiedzia\u0142, jak go zorganizowa\u0107, gdzie go umie\u015bci\u0107, jakie \u015brodki podj\u0105\u0107, aby poprawi\u0107 aspekt wizualny i wi\u0119cej. W tym sensie damy Ci klucze, dzi\u0119ki kt\u00f3rym Tw\u00f3j salon metaversica odniesie sukces.<\/p>\n\n<figure class=\"wp-block-image size-full is-resized\"><img loading=\"lazy\" decoding=\"async\" src=\"https:\/\/metaverseweb.cloud\/wp-content\/uploads\/2022\/08\/2.jpg\" alt=\"\" class=\"wp-image-2495\" width=\"802\" height=\"462\" srcset=\"https:\/\/metaverseweb.cloud\/wp-content\/uploads\/2022\/08\/2-300x173.jpg 300w, https:\/\/metaverseweb.cloud\/wp-content\/uploads\/2022\/08\/2-768x443.jpg 768w, https:\/\/metaverseweb.cloud\/wp-content\/uploads\/2022\/08\/2.jpg 809w\" sizes=\"auto, (max-width: 802px) 100vw, 802px\" \/><\/figure>\n\n<h3 class=\"wp-block-heading\">Wst\u0119p<\/h3>\n\n<p>Poniewa\u017c jednym z g\u0142\u00f3wnych cel\u00f3w Metaverso jest nawi\u0105zywanie wi\u0119zi ze spo\u0142eczno\u015bci\u0105 poprzez promowanie Pa\u0144stwa produkt\u00f3w, postanowili\u015bmy opracowa\u0107 specjalne oprogramowanie do tworzenia salon\u00f3w wystawowych dla firm zintegrowanych z Pa\u0144stwa w\u0142asn\u0105 stron\u0105 internetow\u0105.<\/p>\n\n<h3 class=\"wp-block-heading\">Celem tych salon\u00f3w<\/h3>\n\n<p>Ma zaoferowa\u0107 odwiedzaj\u0105cym mo\u017cliwo\u015b\u0107 poznania \u015bwiata komunikacji z innej perspektywy, podkre\u015blaj\u0105c, jak wykorzystanie technologii zmienia spos\u00f3b, w jaki \u017cyjemy. Pok\u00f3j ma interaktywny i tr\u00f3jwymiarowy format, w kt\u00f3rym Twoje produkty lub maszyny b\u0119d\u0105 widoczne dla odwiedzaj\u0105cych Twoj\u0105 stron\u0119 internetow\u0105.<\/p>\n\n<p>Wyobra\u017a sobie, \u017ce dokonujesz prezentacji swojej nowej maszyny lub produktu we w\u0142asnym metaverse, to by\u0142oby fantastyczne, prawda? Wszyscy Twoi klienci z ca\u0142ego \u015bwiata ogl\u0105daj\u0105cy Twoje produkty w 3D w salonie wystawowym, gdzie Tw\u00f3j produkt b\u0119dzie w 3D, a Tw\u00f3j zesp\u00f3\u0142 sprzeda\u017cy i marketingu dokonuj\u0105cy prezentacji produkt\u00f3w.<\/p>\n\n<h3 class=\"wp-block-heading\">Przychody, kt\u00f3re wygeneruje ten salon<\/h3>\n\n<p>Ludzie, kt\u00f3rzy odwiedz\u0105 ten salon metaverse b\u0119d\u0105 cieszy\u0107 si\u0119 immersyjnym do\u015bwiadczeniem wielozmys\u0142owym, gdzie zobacz\u0105 wszystkie szczeg\u00f3\u0142y dzi\u0119ki renderowaniu w wysokiej rozdzielczo\u015bci i wszystkie szczeg\u00f3\u0142y, kt\u00f3re wygenerujemy, aby przyci\u0105gn\u0105\u0107 ich uwag\u0119, wszystko to przyczynia si\u0119 do uczynienia tego salonu bardzo atrakcyjnym miejscem dla odwiedzaj\u0105cych, co sprawi, \u017ce twoi klienci b\u0119d\u0105 bardziej otwarci na zakup twoich produkt\u00f3w, poniewa\u017c rozpoznawalno\u015b\u0107 marki znacznie wzro\u015bnie, co stanie si\u0119 wi\u0119ksz\u0105 sprzeda\u017c\u0105 dla twojej firmy.<\/p>\n\n<figure class=\"wp-block-image size-full\"><img loading=\"lazy\" decoding=\"async\" width=\"801\" height=\"421\" src=\"https:\/\/metaverseweb.cloud\/wp-content\/uploads\/2022\/08\/1.jpg\" alt=\"\" class=\"wp-image-2505\" srcset=\"https:\/\/metaverseweb.cloud\/wp-content\/uploads\/2022\/08\/1-300x158.jpg 300w, https:\/\/metaverseweb.cloud\/wp-content\/uploads\/2022\/08\/1-768x404.jpg 768w, https:\/\/metaverseweb.cloud\/wp-content\/uploads\/2022\/08\/1.jpg 801w\" sizes=\"auto, (max-width: 801px) 100vw, 801px\" \/><\/figure>\n\n<h3 class=\"wp-block-heading\">Salon metaverse<\/h3>\n\n<p>W ostatnich latach salon metaverse sta\u0142 si\u0119 jedn\u0105 z najwa\u017cniejszych przestrzeni w Internecie. Pow\u00f3d jest prosty: jest to miejsce, w kt\u00f3rym odwiedzaj\u0105cy z dowolnego miejsca mog\u0105 zapozna\u0107 si\u0119 z nowymi osi\u0105gni\u0119ciami i produktami oraz maj\u0105 mo\u017cliwo\u015b\u0107 zobaczenia ich w tr\u00f3jwymiarze, bez metaverse by\u0142yby one niedost\u0119pne.<\/p>\n\n<p>Jedn\u0105 z g\u0142\u00f3wnych atrakcji pokoju jest jego uk\u0142ad. Posiada cztery g\u0142\u00f3wne filary, z kt\u00f3rych ka\u017cdy wnosi inn\u0105 warto\u015b\u0107. Pierwszym z nich jest to, \u017ce jest on dost\u0119pny w ka\u017cdej chwili, z ka\u017cdego miejsca. Drugim czynnikiem jest personalizacja metaverse, metaverse mo\u017cna w 100% dostosowa\u0107 do swojego gustu, a w konsekwencji do gustu odwiedzaj\u0105cych. Trzecim czynnikiem jest \u0142atwo\u015b\u0107, z jak\u0105 u\u017cytkownicy mog\u0105 wej\u015b\u0107, to po prostu przegl\u0105daj\u0105c swoj\u0105 stron\u0119 i czwarty filar jest spersonalizowana uwaga i rozwi\u0105zywanie problem\u00f3w mamy dost\u0119pne dla Ciebie, stawiamy nasz zesp\u00f3\u0142 in\u017cynier\u00f3w komputerowych do Pa\u0144stwa dyspozycji dla rozwoju i utrzymania metaverse.<\/p>\n<div class=\"wp-block-image\">\n<figure class=\"aligncenter size-full is-resized\"><img loading=\"lazy\" decoding=\"async\" src=\"https:\/\/metaverseweb.cloud\/wp-content\/uploads\/2022\/08\/descarga-e1660643937760.jpg\" alt=\"\" class=\"wp-image-1980\" width=\"467\" height=\"297\"\/><\/figure>\n<\/div>\n<h3 class=\"wp-block-heading\">U\u017cytkownicy salonu metaverse<\/h3>\n\n<p>Je\u015bli salon w metaverse jest Twoim domem, b\u0119dziesz bardzo szcz\u0119\u015bliwy, poniewa\u017c kieruje on do wszystkich potencjalnych klient\u00f3w, kt\u00f3rzy odwiedzaj\u0105 Twoj\u0105 stron\u0119 internetow\u0105. Showroom, reprezentuje, \u017ce Twoja firma jest firm\u0105 na czasie, z najnowszymi innowacjami.<\/p>\n\n<h3 class=\"wp-block-heading\">Koszt salonu w metaverse<\/h3>\n\n<p>Salon metaverse jest konieczno\u015bci\u0105 w wielu firmach, koszt tego pomieszczenia mo\u017ce by\u0107 do\u015b\u0107 wysoki, je\u015bli nie zawrzesz z nami umowy, inne firmy pobieraj\u0105 za jednoczesnych u\u017cytkownik\u00f3w nieproporcjonalnie du\u017co inne sprzedadz\u0105 Ci przestrzenie cyfrowe po cenie z\u0142ota, my tego nie robimy, pobieramy tylko tyle, aby\u015b m\u00f3g\u0142 zintegrowa\u0107 je ze swoj\u0105 stron\u0105 internetow\u0105 bez zak\u0142adania bardzo du\u017cych nak\u0142ad\u00f3w finansowych, zajmujemy si\u0119 r\u00f3wnie\u017c ca\u0142\u0105 obs\u0142ug\u0105 techniczn\u0105.<\/p>\n\n<figure class=\"wp-block-image size-large\"><img loading=\"lazy\" decoding=\"async\" width=\"1024\" height=\"354\" src=\"https:\/\/metaverseweb.cloud\/wp-content\/uploads\/2022\/08\/7251036-1024x354.jpg\" alt=\"\" class=\"wp-image-2366\" srcset=\"https:\/\/metaverseweb.cloud\/wp-content\/uploads\/2022\/08\/7251036-300x104.jpg 300w, https:\/\/metaverseweb.cloud\/wp-content\/uploads\/2022\/08\/7251036-768x266.jpg 768w, https:\/\/metaverseweb.cloud\/wp-content\/uploads\/2022\/08\/7251036-1024x354.jpg 1024w, https:\/\/metaverseweb.cloud\/wp-content\/uploads\/2022\/08\/7251036-1536x532.jpg 1536w, https:\/\/metaverseweb.cloud\/wp-content\/uploads\/2022\/08\/7251036-2048x709.jpg 2048w\" sizes=\"auto, (max-width: 1024px) 100vw, 1024px\" \/><\/figure>\n","protected":false},"excerpt":{"rendered":"<p>Showroom w metawersie Showroomy w metaverse to dobry spos\u00f3b na pozycjonowanie firmy na rynku. S\u0105 one dobr\u0105 opcj\u0105, aby mie\u0107 miejsce, w kt\u00f3rym mo\u017cna pokaza\u0107 wszystkie swoje produkty w 3 wymiarach i zaoferowa\u0107 us\u0142ugi swoim klientom. Dlatego wa\u017cne jest, aby\u015b wiedzia\u0142, jak go zorganizowa\u0107, gdzie go umie\u015bci\u0107, jakie \u015brodki podj\u0105\u0107, aby poprawi\u0107 aspekt wizualny i &hellip;<\/p>\n","protected":false},"author":1,"featured_media":0,"parent":0,"menu_order":0,"comment_status":"closed","ping_status":"closed","template":"","meta":{"_genesis_hide_title":false,"_genesis_hide_breadcrumbs":false,"_genesis_hide_singular_image":false,"_genesis_hide_footer_widgets":false,"_genesis_custom_body_class":"","_genesis_custom_post_class":"","_genesis_layout":"","footnotes":""},"class_list":{"1":"page","2":"type-page","5":"entry"},"acf":[],"_links":{"self":[{"href":"https:\/\/metaverseweb.cloud\/pl\/wp-json\/wp\/v2\/pages\/2525","targetHints":{"allow":["GET"]}}],"collection":[{"href":"https:\/\/metaverseweb.cloud\/pl\/wp-json\/wp\/v2\/pages"}],"about":[{"href":"https:\/\/metaverseweb.cloud\/pl\/wp-json\/wp\/v2\/types\/page"}],"author":[{"embeddable":true,"href":"https:\/\/metaverseweb.cloud\/pl\/wp-json\/wp\/v2\/users\/1"}],"replies":[{"embeddable":true,"href":"https:\/\/metaverseweb.cloud\/pl\/wp-json\/wp\/v2\/comments?post=2525"}],"version-history":[{"count":1,"href":"https:\/\/metaverseweb.cloud\/pl\/wp-json\/wp\/v2\/pages\/2525\/revisions"}],"predecessor-version":[{"id":2527,"href":"https:\/\/metaverseweb.cloud\/pl\/wp-json\/wp\/v2\/pages\/2525\/revisions\/2527"}],"wp:attachment":[{"href":"https:\/\/metaverseweb.cloud\/pl\/wp-json\/wp\/v2\/media?parent=2525"}],"curies":[{"name":"wp","href":"https:\/\/api.w.org\/{rel}","templated":true}]}}