{"id":2484,"date":"2022-08-16T09:23:40","date_gmt":"2022-08-16T09:23:40","guid":{"rendered":"https:\/\/metaverseweb.cloud\/metaverse-na-twojej-stronie-internetowej\/"},"modified":"2022-08-16T09:24:16","modified_gmt":"2022-08-16T09:24:16","slug":"metaverse-na-twojej-stronie-internetowej","status":"publish","type":"page","link":"https:\/\/metaverseweb.cloud\/pl\/metaverse-na-twojej-stronie-internetowej\/","title":{"rendered":"Metaverse na Twojej stronie internetowej"},"content":{"rendered":"\n<h4 class=\"wp-block-heading\">Oferujemy kompletne rozwi\u0105zanie, aby\u015b m\u00f3g\u0142 zobaczy\u0107 swoje w\u0142asne metaverse na swojej stronie internetowej<\/h4>\n\n<p>Je\u015bli masz w\u0105tpliwo\u015bci, jak wygenerowa\u0107 metaverse na swojej stronie internetowej, nie martw si\u0119, mamy odpowiednie oprogramowanie, kt\u00f3re Ci pomo\u017ce. Oferujemy kompletn\u0105 us\u0142ug\u0119, kt\u00f3ra pozwoli Ci zobaczy\u0107 w\u0142asne metaverse na Twojej stronie internetowej.<\/p>\n\n<h4 class=\"wp-block-heading\">Czym jest Metaverse?<\/h4>\n\n<p>Metaverse to narz\u0119dzie, kt\u00f3re pozwala ludziom zobaczy\u0107 zawarto\u015b\u0107 Twojej strony w innym kontek\u015bcie w 3D. To znaczy, \u017ce b\u0119dziesz w stanie zwizualizowa\u0107 j\u0105 tak, jakby\u015b ogl\u0105da\u0142 j\u0105 bezpo\u015brednio z innego miejsca. Mo\u017ce to pom\u00f3c w poprawieniu do\u015bwiadczenia przegl\u0105dania i zwi\u0119kszeniu widoczno\u015bci Twoich tre\u015bci. Dodatkowo mo\u017cesz wykorzysta\u0107 metaverse do tworzenia obiekt\u00f3w 3D swoich maszyn lub produkt\u00f3w, dzi\u0119ki czemu mo\u017cesz promowa\u0107 swoje produkty w swojej wielostanowiskowej przestrzeni wirtualnej.<\/p>\n\n<figure class=\"wp-block-image size-large\"><img loading=\"lazy\" decoding=\"async\" width=\"1024\" height=\"354\" src=\"https:\/\/metaverseweb.cloud\/wp-content\/uploads\/2022\/08\/7251036-1-1024x354.jpg\" alt=\"\" class=\"wp-image-2378\" srcset=\"https:\/\/metaverseweb.cloud\/wp-content\/uploads\/2022\/08\/7251036-1-300x104.jpg 300w, https:\/\/metaverseweb.cloud\/wp-content\/uploads\/2022\/08\/7251036-1-768x266.jpg 768w, https:\/\/metaverseweb.cloud\/wp-content\/uploads\/2022\/08\/7251036-1-1024x354.jpg 1024w, https:\/\/metaverseweb.cloud\/wp-content\/uploads\/2022\/08\/7251036-1-1536x532.jpg 1536w, https:\/\/metaverseweb.cloud\/wp-content\/uploads\/2022\/08\/7251036-1-2048x709.jpg 2048w\" sizes=\"auto, (max-width: 1024px) 100vw, 1024px\" \/><\/figure>\n\n<h4 class=\"wp-block-heading\">Jak dzia\u0142a Metaverse?<\/h4>\n\n<p>Metaverse to narz\u0119dzie, kt\u00f3re oferujemy, aby\u015b m\u00f3g\u0142 wy\u015bwietli\u0107 swoje w\u0142asne metaverse na swojej stronie internetowej. Aby z niego korzysta\u0107 ani Ty, ani Twoi go\u015bcie nie musz\u0105 mie\u0107 go zainstalowanego. Metaverse jest dost\u0119pne z ka\u017cdej platformy w dowolnym czasie z dowolnego miejsca.<\/p>\n\n<p>Korzy\u015bci p\u0142yn\u0105ce z Metaverse<\/p>\n\n<p>Metawersy to przydatne narz\u0119dzie, kt\u00f3re mo\u017ce pom\u00f3c stronom internetowym poprawi\u0107 ich widoczno\u015b\u0107 w wyszukiwarkach, a tym samym ich biznes. Korzy\u015bci z Metaverse obejmuj\u0105:<\/p>\n\n<ol class=\"wp-block-list\"><li>poprawa rankingu strony w wyszukiwaniu. Metaverse pozwala odwiedzaj\u0105cym zobaczy\u0107 Twoje us\u0142ugi, maszyny lub produkty na dowolnej stronie internetowej, nawet je\u015bli znajduje si\u0119 ona poza oryginaln\u0105 witryn\u0105. Dzi\u0119ki temu strona wie, kim jest idealny klient i pojawia si\u0119 na pierwszych pozycjach wyszukiwa\u0144.<\/li><li>Zwi\u0119kszony ruch bezpo\u015bredni przez stron\u0119. Metaverse zapewnia stronom internetowym bardziej atrakcyjny wizerunek, co pozwala im znacznie zwi\u0119kszy\u0107 bezpo\u015bredni ruch.<\/li><\/ol>\n\n<figure class=\"wp-block-image size-large is-resized\"><img loading=\"lazy\" decoding=\"async\" src=\"https:\/\/metaverseweb.cloud\/wp-content\/uploads\/2022\/08\/3250-1024x512.jpg\" alt=\"\" class=\"wp-image-2465\" width=\"802\" height=\"401\" srcset=\"https:\/\/metaverseweb.cloud\/wp-content\/uploads\/2022\/08\/3250-300x150.jpg 300w, https:\/\/metaverseweb.cloud\/wp-content\/uploads\/2022\/08\/3250-768x384.jpg 768w, https:\/\/metaverseweb.cloud\/wp-content\/uploads\/2022\/08\/3250-1024x512.jpg 1024w, https:\/\/metaverseweb.cloud\/wp-content\/uploads\/2022\/08\/3250-1536x768.jpg 1536w, https:\/\/metaverseweb.cloud\/wp-content\/uploads\/2022\/08\/3250-2048x1024.jpg 2048w\" sizes=\"auto, (max-width: 802px) 100vw, 802px\" \/><\/figure>\n\n<h4 class=\"wp-block-heading\">Procedura tworzenia Metaverse<\/h4>\n\n<p>Je\u015bli szukasz \u0142atwego sposobu na stworzenie w\u0142asnego metaverse na swojej stronie internetowej, oferujemy prost\u0105, kompletn\u0105 i gotow\u0105 procedur\u0119. Zajmujemy si\u0119 wszystkim.<\/p>\n\n<p>Metaverse to narz\u0119dzie, kt\u00f3re oferuje globalny widok sieci, pozwalaj\u0105c u\u017cytkownikom zobaczy\u0107 sw\u00f3j w\u0142asny wizerunek odzwierciedlony na innych stronach internetowych. Dzi\u0119ki temu mo\u017cesz poprawi\u0107 pozycjonowanie swojej strony, a tak\u017ce zdoby\u0107 wi\u0119cej odwiedzaj\u0105cych.<\/p>\n\n<h3 class=\"wp-block-heading\">Wnioski<\/h3>\n\n<p>Metawersy s\u0105 bardzo przydatnym narz\u0119dziem do tworzenia tre\u015bci na stronie internetowej, poniewa\u017c pozwalaj\u0105 u\u017cytkownikom zobaczy\u0107 w\u0142asny profil jako u\u017cytkownik innych stron internetowych. W Metaverse web oferujemy kompletne rozwi\u0105zanie dla Ciebie, aby u\u017cy\u0107 metaverse na swojej stronie internetowej. Rozwi\u0105zanie pod klucz to najlepsza opcja dla Ciebie.<\/p>\n\n<p>Je\u015bli s\u0105 Pa\u0144stwo zainteresowani skorzystaniem z tej us\u0142ugi, zalecamy kontakt z nasz\u0105 firm\u0105 w celu dokonania niezb\u0119dnych konsultacji.<br\/><\/p>\n","protected":false},"excerpt":{"rendered":"<p>Oferujemy kompletne rozwi\u0105zanie, aby\u015b m\u00f3g\u0142 zobaczy\u0107 swoje w\u0142asne metaverse na swojej stronie internetowej Je\u015bli masz w\u0105tpliwo\u015bci, jak wygenerowa\u0107 metaverse na swojej stronie internetowej, nie martw si\u0119, mamy odpowiednie oprogramowanie, kt\u00f3re Ci pomo\u017ce. Oferujemy kompletn\u0105 us\u0142ug\u0119, kt\u00f3ra pozwoli Ci zobaczy\u0107 w\u0142asne metaverse na Twojej stronie internetowej. Czym jest Metaverse? Metaverse to narz\u0119dzie, kt\u00f3re pozwala ludziom zobaczy\u0107 &hellip;<\/p>\n","protected":false},"author":1,"featured_media":0,"parent":0,"menu_order":0,"comment_status":"closed","ping_status":"closed","template":"","meta":{"_genesis_hide_title":false,"_genesis_hide_breadcrumbs":false,"_genesis_hide_singular_image":false,"_genesis_hide_footer_widgets":false,"_genesis_custom_body_class":"","_genesis_custom_post_class":"","_genesis_layout":"","footnotes":""},"class_list":{"1":"page","2":"type-page","5":"entry"},"acf":[],"_links":{"self":[{"href":"https:\/\/metaverseweb.cloud\/pl\/wp-json\/wp\/v2\/pages\/2484","targetHints":{"allow":["GET"]}}],"collection":[{"href":"https:\/\/metaverseweb.cloud\/pl\/wp-json\/wp\/v2\/pages"}],"about":[{"href":"https:\/\/metaverseweb.cloud\/pl\/wp-json\/wp\/v2\/types\/page"}],"author":[{"embeddable":true,"href":"https:\/\/metaverseweb.cloud\/pl\/wp-json\/wp\/v2\/users\/1"}],"replies":[{"embeddable":true,"href":"https:\/\/metaverseweb.cloud\/pl\/wp-json\/wp\/v2\/comments?post=2484"}],"version-history":[{"count":1,"href":"https:\/\/metaverseweb.cloud\/pl\/wp-json\/wp\/v2\/pages\/2484\/revisions"}],"predecessor-version":[{"id":2485,"href":"https:\/\/metaverseweb.cloud\/pl\/wp-json\/wp\/v2\/pages\/2484\/revisions\/2485"}],"wp:attachment":[{"href":"https:\/\/metaverseweb.cloud\/pl\/wp-json\/wp\/v2\/media?parent=2484"}],"curies":[{"name":"wp","href":"https:\/\/api.w.org\/{rel}","templated":true}]}}