{"id":2348,"date":"2022-08-16T08:26:14","date_gmt":"2022-08-16T08:26:14","guid":{"rendered":"https:\/\/metaverseweb.cloud\/metaverse-z-biala-etykieta\/"},"modified":"2022-08-16T08:55:01","modified_gmt":"2022-08-16T08:55:01","slug":"metaverse-z-biala-etykieta","status":"publish","type":"page","link":"https:\/\/metaverseweb.cloud\/pl\/metaverse-z-biala-etykieta\/","title":{"rendered":"Metaverse z bia\u0142\u0105 etykiet\u0105"},"content":{"rendered":"\n<div class=\"wp-block-media-text alignwide is-stacked-on-mobile\"><figure class=\"wp-block-media-text__media\"><img loading=\"lazy\" decoding=\"async\" width=\"1024\" height=\"576\" src=\"https:\/\/metaverseweb.cloud\/wp-content\/uploads\/2022\/08\/AdobeStock_493185086-1024x576.jpeg\" alt=\"\" class=\"wp-image-2029 size-full\" srcset=\"https:\/\/metaverseweb.cloud\/wp-content\/uploads\/2022\/08\/AdobeStock_493185086-300x169.jpeg 300w, https:\/\/metaverseweb.cloud\/wp-content\/uploads\/2022\/08\/AdobeStock_493185086-768x432.jpeg 768w, https:\/\/metaverseweb.cloud\/wp-content\/uploads\/2022\/08\/AdobeStock_493185086-1024x576.jpeg 1024w, https:\/\/metaverseweb.cloud\/wp-content\/uploads\/2022\/08\/AdobeStock_493185086-1536x864.jpeg 1536w, https:\/\/metaverseweb.cloud\/wp-content\/uploads\/2022\/08\/AdobeStock_493185086-2048x1152.jpeg 2048w\" sizes=\"auto, (max-width: 1024px) 100vw, 1024px\" \/><\/figure><div class=\"wp-block-media-text__content\">\n<h3 class=\"is-style-subheading wp-block-heading\">White-label metaverse lub niestandardowy adres URL<\/h3>\n\n\n\n<p>White-label metaverses lub metaverses z dostosowywanymi domenami (URL) to co\u015b, w czym si\u0119 wyspecjalizowali\u015bmy, uwa\u017camy, \u017ce ka\u017cdy powinien mie\u0107 swoje w\u0142asne metaverse jako niezb\u0119dne uzupe\u0142nienie swojej strony internetowej, wi\u0119c rozwijamy te w\u0142asne metaverses dla Ciebie.<br\/>Jeste\u015bmy pionierami w tym sensie, wi\u0119c skorzystaj i b\u0105d\u017a pionierem w swojej bran\u017cy, dodaj\u0105c metawersj\u0119 do swojej strony internetowej i oferuj\u0105c w pe\u0142ni wci\u0105gaj\u0105ce do\u015bwiadczenie.<\/p>\n<\/div><\/div>\n\n<div style=\"height:100px\" aria-hidden=\"true\" class=\"wp-block-spacer\"><\/div>\n\n<div class=\"wp-block-media-text alignwide has-media-on-the-right is-stacked-on-mobile\"><figure class=\"wp-block-media-text__media\"><img loading=\"lazy\" decoding=\"async\" width=\"1024\" height=\"640\" src=\"https:\/\/metaverseweb.cloud\/wp-content\/uploads\/2022\/08\/AdobeStock_474895629-1024x640.jpeg\" alt=\"\" class=\"wp-image-2014 size-full\" srcset=\"https:\/\/metaverseweb.cloud\/wp-content\/uploads\/2022\/08\/AdobeStock_474895629-300x188.jpeg 300w, https:\/\/metaverseweb.cloud\/wp-content\/uploads\/2022\/08\/AdobeStock_474895629-768x480.jpeg 768w, https:\/\/metaverseweb.cloud\/wp-content\/uploads\/2022\/08\/AdobeStock_474895629-1024x640.jpeg 1024w, https:\/\/metaverseweb.cloud\/wp-content\/uploads\/2022\/08\/AdobeStock_474895629-1536x960.jpeg 1536w, https:\/\/metaverseweb.cloud\/wp-content\/uploads\/2022\/08\/AdobeStock_474895629-2048x1280.jpeg 2048w\" sizes=\"auto, (max-width: 1024px) 100vw, 1024px\" \/><\/figure><div class=\"wp-block-media-text__content\">\n<h3 class=\"wp-block-heading\">Metaverse to fundamentalny element brandingu korporacyjnego<\/h3>\n\n\n\n<p>Dzi\u015b branding jest kluczow\u0105 cz\u0119\u015bci\u0105 brandingu biznesowego. Aby zbudowa\u0107 zaufanie i przyci\u0105gn\u0105\u0107 klient\u00f3w, nale\u017cy powiela\u0107 lub wzmacnia\u0107 styl wizualny firmy we wszystkich mo\u017cliwych kana\u0142ach: w sieci, w mediach spo\u0142eczno\u015bciowych, na billboardach i w badaniach opinii publicznej.<br\/>W ramach tego procesu powszechne jest, \u017ce firmy dokonuj\u0105 white-label metaverse. Czyli zmieniaj\u0105 projekt, aby dostosowa\u0107 go do r\u00f3\u017cnych platform i wci\u0105\u017c poznaj\u0105 preferencje swoich klient\u00f3w. Istnieje jednak kilka komplikacji, je\u015bli chodzi o stworzenie udanego metaverse: brak wiedzy merytorycznej, nieumiej\u0119tno\u015b\u0107 korzystania z odpowiednich narz\u0119dzi lub utkni\u0119cie na wcze\u015bniej ustalonym rozwoju.<\/p>\n<\/div><\/div>\n\n<div style=\"height:100px\" aria-hidden=\"true\" class=\"wp-block-spacer\"><\/div>\n\n<div class=\"wp-block-media-text alignwide is-stacked-on-mobile is-vertically-aligned-center\"><figure class=\"wp-block-media-text__media\"><img loading=\"lazy\" decoding=\"async\" width=\"1024\" height=\"1024\" src=\"https:\/\/metaverseweb.cloud\/wp-content\/uploads\/2022\/08\/Kerfin7_NEA_2477-1024x1024.jpg\" alt=\"\" class=\"wp-image-2327 size-full\" srcset=\"https:\/\/metaverseweb.cloud\/wp-content\/uploads\/2022\/08\/Kerfin7_NEA_2477-80x80.jpg 80w, https:\/\/metaverseweb.cloud\/wp-content\/uploads\/2022\/08\/Kerfin7_NEA_2477-150x150.jpg 150w, https:\/\/metaverseweb.cloud\/wp-content\/uploads\/2022\/08\/Kerfin7_NEA_2477-300x300.jpg 300w, https:\/\/metaverseweb.cloud\/wp-content\/uploads\/2022\/08\/Kerfin7_NEA_2477-768x768.jpg 768w, https:\/\/metaverseweb.cloud\/wp-content\/uploads\/2022\/08\/Kerfin7_NEA_2477-1024x1024.jpg 1024w, https:\/\/metaverseweb.cloud\/wp-content\/uploads\/2022\/08\/Kerfin7_NEA_2477-1536x1536.jpg 1536w, https:\/\/metaverseweb.cloud\/wp-content\/uploads\/2022\/08\/Kerfin7_NEA_2477-2048x2048.jpg 2048w\" sizes=\"auto, (max-width: 1024px) 100vw, 1024px\" \/><\/figure><div class=\"wp-block-media-text__content\">\n<h3 class=\"wp-block-heading\">Rozwi\u0105zanie AR\/VR dla Twojego nast\u0119pnego wydarzenia lub wprowadzenia produktu na rynek<\/h3>\n\n\n\n<p>Je\u015bli szukasz rozwi\u0105zania AR\/VR na sw\u00f3j kolejny event lub premier\u0119 produktu, nie szukaj dalej, skontaktuj si\u0119 z nami, a my stworzymy dla Ciebie White Label Metaverse. To pot\u0119\u017cne narz\u0119dzie pozwala prze\u0142ama\u0107 granice kreatywno\u015bci, oferuj\u0105c swoim u\u017cytkownikom \u015brodowisko 3D na cyfrowej, tr\u00f3jwymiarowej planecie, znacznie pi\u0119kniejszej ni\u017c nasze b\u0142\u0119kitne niebo.<\/p>\n\n\n\n<p>Metaverse web stworzy dla Ciebie white label metaverse, a my pomo\u017cemy Ci i zajmiemy si\u0119 wszystkim, aby Twoi u\u017cytkownicy nie mieli problem\u00f3w. Nasze rozwi\u0105zanie obejmuje tworzenie metaverse w ramach strony internetowej i wiele wi\u0119cej bez opuszczania w\u0142asnego adresu URL.<\/p>\n\n\n\n<p><br\/><\/p>\n<\/div><\/div>\n\n<div style=\"height:100px\" aria-hidden=\"true\" class=\"wp-block-spacer\"><\/div>\n\n<div class=\"wp-block-media-text alignwide has-media-on-the-right is-stacked-on-mobile is-vertically-aligned-center\"><figure class=\"wp-block-media-text__media\"><img loading=\"lazy\" decoding=\"async\" width=\"1024\" height=\"1024\" src=\"https:\/\/metaverseweb.cloud\/wp-content\/uploads\/2022\/08\/4136918-1024x1024.jpg\" alt=\"\" class=\"wp-image-2443 size-full\" srcset=\"https:\/\/metaverseweb.cloud\/wp-content\/uploads\/2022\/08\/4136918-80x80.jpg 80w, https:\/\/metaverseweb.cloud\/wp-content\/uploads\/2022\/08\/4136918-150x150.jpg 150w, https:\/\/metaverseweb.cloud\/wp-content\/uploads\/2022\/08\/4136918-300x300.jpg 300w, https:\/\/metaverseweb.cloud\/wp-content\/uploads\/2022\/08\/4136918-768x768.jpg 768w, https:\/\/metaverseweb.cloud\/wp-content\/uploads\/2022\/08\/4136918-1024x1024.jpg 1024w, https:\/\/metaverseweb.cloud\/wp-content\/uploads\/2022\/08\/4136918-1536x1536.jpg 1536w, https:\/\/metaverseweb.cloud\/wp-content\/uploads\/2022\/08\/4136918.jpg 2000w\" sizes=\"auto, (max-width: 1024px) 100vw, 1024px\" \/><\/figure><div class=\"wp-block-media-text__content\">\n<h3 class=\"wp-block-heading\">Metaverse z bia\u0142\u0105 etykiet\u0105<\/h3>\n\n\n\n<p>White label metaverse to opracowany przez nas program u\u0142atwiaj\u0105cy cyfrowe towarzyszenie \u015brodowiskom 3D.<\/p>\n\n\n\n<p>W procesie budowania \u015brodowisk 3D mo\u017cemy projektowa\u0107 obiekty i dodawa\u0107 je do naszego \u015bwiata. Mo\u017cemy te\u017c zaprosi\u0107 innych do odwiedzenia naszego wirtualnego \u017cycia i wej\u015bcia w interakcj\u0119 z nami.<\/p>\n\n\n\n<p>Dlaczego oprogramowanie white-label metaverse jest najlepszym wyborem?<\/p>\n\n\n\n<p>Dzi\u015b oprogramowanie daje klientom wirtualne \u015brodowisko, dzi\u0119ki czemu mog\u0105 oni dopracowa\u0107 cechy fabryki, salonu czy serwisu poprzez ca\u0142kowicie wolny \u015bwiat, w kt\u00f3rym nic ich nie dotyka.<\/p>\n\n\n\n<p><br\/><\/p>\n<\/div><\/div>\n\n<div class=\"wp-block-media-text alignwide is-stacked-on-mobile is-vertically-aligned-center\"><figure class=\"wp-block-media-text__media\"><img loading=\"lazy\" decoding=\"async\" width=\"1024\" height=\"1024\" src=\"https:\/\/metaverseweb.cloud\/wp-content\/uploads\/2022\/08\/people-shaking-hands-in-business-agreement-background-1024x1024.jpg\" alt=\"\" class=\"wp-image-2433 size-full\" srcset=\"https:\/\/metaverseweb.cloud\/wp-content\/uploads\/2022\/08\/people-shaking-hands-in-business-agreement-background-80x80.jpg 80w, https:\/\/metaverseweb.cloud\/wp-content\/uploads\/2022\/08\/people-shaking-hands-in-business-agreement-background-150x150.jpg 150w, https:\/\/metaverseweb.cloud\/wp-content\/uploads\/2022\/08\/people-shaking-hands-in-business-agreement-background-300x300.jpg 300w, https:\/\/metaverseweb.cloud\/wp-content\/uploads\/2022\/08\/people-shaking-hands-in-business-agreement-background-768x768.jpg 768w, https:\/\/metaverseweb.cloud\/wp-content\/uploads\/2022\/08\/people-shaking-hands-in-business-agreement-background-1024x1024.jpg 1024w, https:\/\/metaverseweb.cloud\/wp-content\/uploads\/2022\/08\/people-shaking-hands-in-business-agreement-background-1536x1536.jpg 1536w, https:\/\/metaverseweb.cloud\/wp-content\/uploads\/2022\/08\/people-shaking-hands-in-business-agreement-background-2048x2048.jpg 2048w\" sizes=\"auto, (max-width: 1024px) 100vw, 1024px\" \/><\/figure><div class=\"wp-block-media-text__content\">\n<h3 class=\"wp-block-heading\">Rozwija\u0107 metawersje dla swoich klient\u00f3w?<\/h3>\n\n\n\n<p>Chcesz rozwija\u0107 metawersje dla swoich klient\u00f3w?  <\/p>\n\n\n\n<p>My oferujemy pod klucz, wykonujemy za Ciebie ca\u0142\u0105 prac\u0119, a Ty odsprzedajesz j\u0105 swoim klientom.<br\/>Je\u015bli chcesz rozwija\u0107 metawersje dla swoich klient\u00f3w, oferujemy Ci rozwi\u0105zanie pod klucz. Mo\u017cemy pom\u00f3c w tworzeniu metawers\u00f3w dla Twoich klient\u00f3w, aby promowa\u0107 ich mark\u0119 i generowa\u0107 biznes poprzez metawersy.  <\/p>\n\n\n\n<p>Wykonujemy ca\u0142\u0105 prac\u0119 za Ciebie, wi\u0119c nie wahaj si\u0119 z nami skontaktowa\u0107. Dajemy Ci pewno\u015b\u0107, \u017ce dzi\u0119ki temu Twoi klienci b\u0119d\u0105 zadowoleni.<\/p>\n\n\n\n<p><br\/><\/p>\n<\/div><\/div>\n\n<div class=\"wp-block-buttons is-content-justification-center is-layout-flex wp-container-core-buttons-is-layout-16018d1d wp-block-buttons-is-layout-flex\">\n<div class=\"wp-block-button\"><a class=\"wp-block-button__link button\" href=\"https:\/\/metaverseweb.cloud\/pl\/kontakt\/\">Kontakt<\/a><\/div>\n<\/div>\n","protected":false},"excerpt":{"rendered":"<p>White-label metaverse lub niestandardowy adres URL White-label metaverses lub metaverses z dostosowywanymi domenami (URL) to co\u015b, w czym si\u0119 wyspecjalizowali\u015bmy, uwa\u017camy, \u017ce ka\u017cdy powinien mie\u0107 swoje w\u0142asne metaverse jako niezb\u0119dne uzupe\u0142nienie swojej strony internetowej, wi\u0119c rozwijamy te w\u0142asne metaverses dla Ciebie.Jeste\u015bmy pionierami w tym sensie, wi\u0119c skorzystaj i b\u0105d\u017a pionierem w swojej bran\u017cy, dodaj\u0105c metawersj\u0119 &hellip;<\/p>\n","protected":false},"author":1,"featured_media":0,"parent":0,"menu_order":0,"comment_status":"closed","ping_status":"closed","template":"","meta":{"_genesis_hide_title":false,"_genesis_hide_breadcrumbs":false,"_genesis_hide_singular_image":false,"_genesis_hide_footer_widgets":false,"_genesis_custom_body_class":"","_genesis_custom_post_class":"","_genesis_layout":"","footnotes":""},"class_list":{"1":"page","2":"type-page","5":"entry"},"acf":[],"_links":{"self":[{"href":"https:\/\/metaverseweb.cloud\/pl\/wp-json\/wp\/v2\/pages\/2348","targetHints":{"allow":["GET"]}}],"collection":[{"href":"https:\/\/metaverseweb.cloud\/pl\/wp-json\/wp\/v2\/pages"}],"about":[{"href":"https:\/\/metaverseweb.cloud\/pl\/wp-json\/wp\/v2\/types\/page"}],"author":[{"embeddable":true,"href":"https:\/\/metaverseweb.cloud\/pl\/wp-json\/wp\/v2\/users\/1"}],"replies":[{"embeddable":true,"href":"https:\/\/metaverseweb.cloud\/pl\/wp-json\/wp\/v2\/comments?post=2348"}],"version-history":[{"count":2,"href":"https:\/\/metaverseweb.cloud\/pl\/wp-json\/wp\/v2\/pages\/2348\/revisions"}],"predecessor-version":[{"id":2459,"href":"https:\/\/metaverseweb.cloud\/pl\/wp-json\/wp\/v2\/pages\/2348\/revisions\/2459"}],"wp:attachment":[{"href":"https:\/\/metaverseweb.cloud\/pl\/wp-json\/wp\/v2\/media?parent=2348"}],"curies":[{"name":"wp","href":"https:\/\/api.w.org\/{rel}","templated":true}]}}