{"id":2570,"date":"2022-08-16T10:30:47","date_gmt":"2022-08-16T10:30:47","guid":{"rendered":"https:\/\/metaverseweb.cloud\/foires-conferences-et-reunions-dans-le-metavers\/"},"modified":"2022-08-16T10:30:58","modified_gmt":"2022-08-16T10:30:58","slug":"foires-conferences-et-reunions-dans-le-metavers","status":"publish","type":"page","link":"https:\/\/metaverseweb.cloud\/fr\/foires-conferences-et-reunions-dans-le-metavers\/","title":{"rendered":"Foires, conf\u00e9rences et r\u00e9unions dans le m\u00e9tavers"},"content":{"rendered":"\n<h3 class=\"wp-block-heading\">Foires, conf\u00e9rences et r\u00e9unions dans le m\u00e9tavers<\/h3>\n\n<p>Les foires, les conf\u00e9rences ou les r\u00e9unions sont un excellent moyen d&rsquo;entrer en contact avec des personnes qui se trouvent au m\u00eame endroit que vous, jusqu&rsquo;\u00e0 pr\u00e9sent, dans le m\u00e9tavers vous pouvez faire de m\u00eame mais ind\u00e9pendamment de la distance ou du temps, cela peut vous aider \u00e0 consolider votre entreprise ou \u00e0 vous positionner sur le march\u00e9 du travail. Cependant, comment les organiser si vous n&rsquo;\u00eates pas un expert en cr\u00e9ation de m\u00e9tavers ? contactez-nous pour faire \u00e9voluer votre entreprise.<\/p>\n\n<figure class=\"wp-block-image size-large\"><img loading=\"lazy\" decoding=\"async\" width=\"1024\" height=\"336\" src=\"https:\/\/metaverseweb.cloud\/wp-content\/uploads\/2022\/08\/1-1-1024x336.jpg\" alt=\"\" class=\"wp-image-2535\" srcset=\"https:\/\/metaverseweb.cloud\/wp-content\/uploads\/2022\/08\/1-1-300x98.jpg 300w, https:\/\/metaverseweb.cloud\/wp-content\/uploads\/2022\/08\/1-1-768x252.jpg 768w, https:\/\/metaverseweb.cloud\/wp-content\/uploads\/2022\/08\/1-1-1024x336.jpg 1024w, https:\/\/metaverseweb.cloud\/wp-content\/uploads\/2022\/08\/1-1-1536x504.jpg 1536w, https:\/\/metaverseweb.cloud\/wp-content\/uploads\/2022\/08\/1-1.jpg 1801w\" sizes=\"auto, (max-width: 1024px) 100vw, 1024px\" \/><\/figure>\n\n<h3 class=\"wp-block-heading\">Rencontres dans le m\u00e9tavers<\/h3>\n\n<p>Les salons professionnels, les conf\u00e9rences et les r\u00e9unions sont une excellente option pour rassembler les membres d&rsquo;une \u00e9quipe ou pour entamer une longue collaboration. Ils sont un excellent moyen de cr\u00e9er des liens et d&rsquo;apprendre beaucoup sur le sujet abord\u00e9. Par exemple, il existe des salons professionnels d\u00e9di\u00e9s \u00e0 l&rsquo;\u00e9ducation, au commerce, au divertissement&#8230; ils sont tous possibles dans le m\u00e9tavers, vous choisissez le th\u00e8me et nous cr\u00e9ons le d\u00e9cor pour vous.<\/p>\n\n<p>le m\u00e9tavers est un excellent moyen d&rsquo;entrer en contact avec d&rsquo;autres professionnels et de partager des exp\u00e9riences en temps r\u00e9el et sans quitter le bureau. Il est donc important de savoir quelle est la meilleure entreprise pour d\u00e9velopper votre metaverse.<\/p>\n\n<p>Tout d&rsquo;abord, nous devons tenir compte de l&rsquo;objectif des r\u00e9unions. Si nous voulons nous rencontrer pour parler de notre carri\u00e8re ou simplement pour \u00e9changer des opinions, il est pr\u00e9f\u00e9rable qu&rsquo;il s&rsquo;agisse d&rsquo;\u00e9v\u00e9nements appropri\u00e9s. Cependant, si notre objectif est de faire des affaires, nous avons besoin d&rsquo;une date o\u00f9 nous pouvons rassembler tous les participants. Dans ce cas, les foires du m\u00e9tavers sont le lieu id\u00e9al. Les gens sont plus enclins \u00e0 se rendre \u00e0 quelque chose qui ne n\u00e9cessite pas de quitter le bureau, tout le monde peut y aller, il n&rsquo;y a pas de frais de d\u00e9placement, l&rsquo;interaction se fait en temps r\u00e9el et ils peuvent voir de nombreux amis dans la m\u00eame r\u00e9gion.  <\/p>\n\n<figure class=\"wp-block-image size-full\"><img loading=\"lazy\" decoding=\"async\" width=\"801\" height=\"324\" src=\"https:\/\/metaverseweb.cloud\/wp-content\/uploads\/2022\/08\/2-1.jpg\" alt=\"\" class=\"wp-image-2545\" srcset=\"https:\/\/metaverseweb.cloud\/wp-content\/uploads\/2022\/08\/2-1-300x121.jpg 300w, https:\/\/metaverseweb.cloud\/wp-content\/uploads\/2022\/08\/2-1-768x311.jpg 768w, https:\/\/metaverseweb.cloud\/wp-content\/uploads\/2022\/08\/2-1.jpg 801w\" sizes=\"auto, (max-width: 801px) 100vw, 801px\" \/><\/figure>\n\n<h3 class=\"wp-block-heading\">Salons virtuels<\/h3>\n\n<p>Les salons professionnels virtuels sont un excellent moyen de rencontrer d&rsquo;autres personnes et d&rsquo;en apprendre davantage sans quitter le bureau. Les conf\u00e9rences sont un bon moyen de rencontrer d&rsquo;autres professionnels, et les r\u00e9unions sont un excellent moyen d&rsquo;\u00e9changer des id\u00e9es.<\/p>\n\n<p>Dans le m\u00e9tavers, il existe une vari\u00e9t\u00e9 croissante de salons virtuels qui offrent une occasion unique de rencontrer d&rsquo;autres utilisateurs et de partager des exp\u00e9riences. Les salons professionnels en face \u00e0 face ont un co\u00fbt \u00e9lev\u00e9 que nous \u00e9liminons en les r\u00e9alisant dans votre monde 3D parall\u00e8le \u00e0 la r\u00e9alit\u00e9, ce qui offre une incroyable polyvalence, de plus vous pouvez les organiser avec les produits rendus en 3D pour un plus grand r\u00e9alisme et une plus grande interaction et tout cela sans quitter le bureau et sans d\u00e9placer votre \u00e9quipement personnel et votre mat\u00e9riel.  <\/p>\n\n<h3 class=\"wp-block-heading\">Conf\u00e9rences et r\u00e9unions dans le m\u00e9tavers<\/h3>\n\n<p>Les salons professionnels, les conf\u00e9rences et les r\u00e9unions sont un excellent moyen de passer du temps avec des amis, des coll\u00e8gues ou des clients. Si vous cherchez un moyen amusant et m\u00e9morable de vous rencontrer, une conf\u00e9rence dans le m\u00e9tavers est la solution. En outre, les rencontres dans le m\u00e9tavers peuvent \u00eatre tr\u00e8s utiles pour am\u00e9liorer votre marque en tant qu&rsquo;entreprise.<\/p>\n\n<p>Les salons professionnels sont un bon moyen d&rsquo;organiser une r\u00e9union d&rsquo;affaires ou d&rsquo;\u00e9changer des informations sur le secteur. Il s&rsquo;agit g\u00e9n\u00e9ralement de grandes c\u00e9r\u00e9monies auxquelles sont convi\u00e9s de nombreux employeurs et m\u00eame des clients potentiels. Les conf\u00e9rences sont un autre type d&rsquo;\u00e9v\u00e9nement id\u00e9al pour cr\u00e9er des r\u00e9seaux avec d&rsquo;autres professionnels. Ils sont organis\u00e9s par des universit\u00e9s, des banques, des associations professionnelles et d&rsquo;autres organisations publiques et priv\u00e9es. La plupart des conf\u00e9rences ont lieu \u00e0 l&rsquo;\u00e9tranger.<\/p>\n\n<figure class=\"wp-block-image size-large\"><img loading=\"lazy\" decoding=\"async\" width=\"1024\" height=\"358\" src=\"https:\/\/metaverseweb.cloud\/wp-content\/uploads\/2022\/08\/22-1024x358.jpg\" alt=\"\" class=\"wp-image-2555\" srcset=\"https:\/\/metaverseweb.cloud\/wp-content\/uploads\/2022\/08\/22-300x105.jpg 300w, https:\/\/metaverseweb.cloud\/wp-content\/uploads\/2022\/08\/22-768x268.jpg 768w, https:\/\/metaverseweb.cloud\/wp-content\/uploads\/2022\/08\/22-1024x358.jpg 1024w, https:\/\/metaverseweb.cloud\/wp-content\/uploads\/2022\/08\/22-1536x537.jpg 1536w, https:\/\/metaverseweb.cloud\/wp-content\/uploads\/2022\/08\/22.jpg 1891w\" sizes=\"auto, (max-width: 1024px) 100vw, 1024px\" \/><\/figure>\n\n<h3 class=\"wp-block-heading\">Contacts directs avec d&rsquo;autres utilisateurs<\/h3>\n\n<p>Les foires commerciales, les conf\u00e9rences et les r\u00e9unions sont un excellent moyen d&rsquo;entrer en contact avec d&rsquo;autres utilisateurs\/clients. Les gens se r\u00e9unissent pour parler de sujets int\u00e9ressants et partager des exp\u00e9riences techniques sur vos produits. C&rsquo;est un bon moyen d&rsquo;\u00e9tablir des liens, d&rsquo;en apprendre davantage sur eux et, en g\u00e9n\u00e9ral, d&rsquo;essayer d&rsquo;am\u00e9liorer notre communication.<\/p>\n\n<p>Si vous souhaitez conna\u00eetre tous les d\u00e9tails d&rsquo;une foire, d&rsquo;une conf\u00e9rence ou d&rsquo;une r\u00e9union organis\u00e9e dans le m\u00e9tavers, n&rsquo;h\u00e9sitez pas \u00e0 nous contacter.  <\/p>\n\n<h3 class=\"wp-block-heading\">Conclusion<\/h3>\n\n<p>Si vous envisagez de cr\u00e9er votre salon professionnel, votre conf\u00e9rence ou votre r\u00e9union cette ann\u00e9e, il est important que vous sachiez comment vous y pr\u00e9parer. Nous vous invitons \u00e0 lire ce billet pour compiler quelques conseils qui vous aideront \u00e0 vous organiser et \u00e0 r\u00e9duire votre stress pendant la c\u00e9l\u00e9bration puisque nous nous occupons d&rsquo;absolument tout, de la personnalisation du stand \u00e0 la gestion des serveurs. Nous esp\u00e9rons que ces id\u00e9es vous permettront de vous sentir plus confiant et de ma\u00eetriser les situations les plus compliqu\u00e9es. Comment allez-vous pouvoir vous pr\u00e9parer pour vos \u00e9v\u00e9nements ?<\/p>\n\n<figure class=\"wp-block-image size-large\"><img loading=\"lazy\" decoding=\"async\" width=\"1024\" height=\"354\" src=\"https:\/\/metaverseweb.cloud\/wp-content\/uploads\/2022\/08\/7251036-1-1024x354.jpg\" alt=\"\" class=\"wp-image-2378\" srcset=\"https:\/\/metaverseweb.cloud\/wp-content\/uploads\/2022\/08\/7251036-1-300x104.jpg 300w, https:\/\/metaverseweb.cloud\/wp-content\/uploads\/2022\/08\/7251036-1-768x266.jpg 768w, https:\/\/metaverseweb.cloud\/wp-content\/uploads\/2022\/08\/7251036-1-1024x354.jpg 1024w, https:\/\/metaverseweb.cloud\/wp-content\/uploads\/2022\/08\/7251036-1-1536x532.jpg 1536w, https:\/\/metaverseweb.cloud\/wp-content\/uploads\/2022\/08\/7251036-1-2048x709.jpg 2048w\" sizes=\"auto, (max-width: 1024px) 100vw, 1024px\" \/><\/figure>\n","protected":false},"excerpt":{"rendered":"<p>Foires, conf\u00e9rences et r\u00e9unions dans le m\u00e9tavers Les foires, les conf\u00e9rences ou les r\u00e9unions sont un excellent moyen d&rsquo;entrer en contact avec des personnes qui se trouvent au m\u00eame endroit que vous, jusqu&rsquo;\u00e0 pr\u00e9sent, dans le m\u00e9tavers vous pouvez faire de m\u00eame mais ind\u00e9pendamment de la distance ou du temps, cela peut vous aider \u00e0 &hellip;<\/p>\n","protected":false},"author":1,"featured_media":0,"parent":0,"menu_order":0,"comment_status":"closed","ping_status":"closed","template":"","meta":{"_genesis_hide_title":false,"_genesis_hide_breadcrumbs":false,"_genesis_hide_singular_image":false,"_genesis_hide_footer_widgets":false,"_genesis_custom_body_class":"","_genesis_custom_post_class":"","_genesis_layout":"","footnotes":""},"class_list":{"1":"page","2":"type-page","5":"entry"},"acf":[],"_links":{"self":[{"href":"https:\/\/metaverseweb.cloud\/fr\/wp-json\/wp\/v2\/pages\/2570","targetHints":{"allow":["GET"]}}],"collection":[{"href":"https:\/\/metaverseweb.cloud\/fr\/wp-json\/wp\/v2\/pages"}],"about":[{"href":"https:\/\/metaverseweb.cloud\/fr\/wp-json\/wp\/v2\/types\/page"}],"author":[{"embeddable":true,"href":"https:\/\/metaverseweb.cloud\/fr\/wp-json\/wp\/v2\/users\/1"}],"replies":[{"embeddable":true,"href":"https:\/\/metaverseweb.cloud\/fr\/wp-json\/wp\/v2\/comments?post=2570"}],"version-history":[{"count":1,"href":"https:\/\/metaverseweb.cloud\/fr\/wp-json\/wp\/v2\/pages\/2570\/revisions"}],"predecessor-version":[{"id":2571,"href":"https:\/\/metaverseweb.cloud\/fr\/wp-json\/wp\/v2\/pages\/2570\/revisions\/2571"}],"wp:attachment":[{"href":"https:\/\/metaverseweb.cloud\/fr\/wp-json\/wp\/v2\/media?parent=2570"}],"curies":[{"name":"wp","href":"https:\/\/api.w.org\/{rel}","templated":true}]}}