{"id":2520,"date":"2022-08-16T10:04:37","date_gmt":"2022-08-16T10:04:37","guid":{"rendered":"https:\/\/metaverseweb.cloud\/showrooms-metaverse-web\/"},"modified":"2022-08-16T10:04:48","modified_gmt":"2022-08-16T10:04:48","slug":"showrooms-metaverse-web","status":"publish","type":"page","link":"https:\/\/metaverseweb.cloud\/fr\/showrooms-metaverse-web\/","title":{"rendered":"Showrooms metaverse web"},"content":{"rendered":"\n<h3 class=\"wp-block-heading\">Salle d&rsquo;exposition dans le m\u00e9tavers<\/h3>\n\n<p>Les showrooms dans le metaverse sont un bon moyen de positionner votre entreprise sur le march\u00e9. Ils constituent une bonne option pour disposer d&rsquo;un endroit o\u00f9 pr\u00e9senter tous vos produits en 3 dimensions et offrir des services \u00e0 vos clients. Il est donc important que vous sachiez comment l&rsquo;organiser, o\u00f9 le placer, quelles mesures prendre pour am\u00e9liorer l&rsquo;aspect visuel, etc. Dans ce sens, nous vous donnerons les cl\u00e9s pour faire de votre showroom metaversica un succ\u00e8s.<\/p>\n\n<figure class=\"wp-block-image size-full is-resized\"><img loading=\"lazy\" decoding=\"async\" src=\"https:\/\/metaverseweb.cloud\/wp-content\/uploads\/2022\/08\/2.jpg\" alt=\"\" class=\"wp-image-2495\" width=\"802\" height=\"462\" srcset=\"https:\/\/metaverseweb.cloud\/wp-content\/uploads\/2022\/08\/2-300x173.jpg 300w, https:\/\/metaverseweb.cloud\/wp-content\/uploads\/2022\/08\/2-768x443.jpg 768w, https:\/\/metaverseweb.cloud\/wp-content\/uploads\/2022\/08\/2.jpg 809w\" sizes=\"auto, (max-width: 802px) 100vw, 802px\" \/><\/figure>\n\n<h3 class=\"wp-block-heading\">Introduction<\/h3>\n\n<p>Comme l&rsquo;un des principaux objectifs de Metaverso est d&rsquo;\u00e9tablir des liens avec la communaut\u00e9 en faisant la promotion de vos produits, nous avons d\u00e9cid\u00e9 de d\u00e9velopper un logiciel sp\u00e9cifique pour le d\u00e9veloppement de salles d&rsquo;exposition pour les entreprises int\u00e9gr\u00e9es \u00e0 votre propre site web.<\/p>\n\n<h3 class=\"wp-block-heading\">L&rsquo;objectif de ces salles d&rsquo;exposition<\/h3>\n\n<p>est d&rsquo;offrir aux visiteurs la possibilit\u00e9 de d\u00e9couvrir le monde des communications sous un angle diff\u00e9rent, en mettant en \u00e9vidence la mani\u00e8re dont l&rsquo;utilisation des technologies modifie notre mode de vie. La salle a un format interactif et tridimensionnel o\u00f9 vos produits ou machines seront visibles par les visiteurs de votre site web.<\/p>\n\n<p>Imaginez que vous fassiez la pr\u00e9sentation de votre nouvelle machine ou de votre nouveau produit dans votre propre m\u00e9tavers, ce serait fantastique, n&rsquo;est-ce pas ? Tous vos clients du monde entier voyant vos produits en 3D dans une salle d&rsquo;exposition o\u00f9 votre produit sera en 3D et votre \u00e9quipe de vente et de marketing faisant des pr\u00e9sentations de produits.<\/p>\n\n<h3 class=\"wp-block-heading\">Les revenus que cette salle d&rsquo;exposition va g\u00e9n\u00e9rer<\/h3>\n\n<p>Les personnes qui visitent ce showroom metaverse profiteront d&rsquo;une exp\u00e9rience multisensorielle immersive, o\u00f9 elles verront tous les d\u00e9tails gr\u00e2ce au rendu haute d\u00e9finition et tous les d\u00e9tails que nous g\u00e9n\u00e9rerons pour attirer leur attention, tout cela contribue \u00e0 faire de ce showroom un lieu tr\u00e8s attractif pour les visiteurs, ce qui rendra vos clients plus r\u00e9ceptifs \u00e0 acheter vos produits car la reconnaissance de la marque augmentera de mani\u00e8re significative, ce qui se traduira par plus de ventes pour votre entreprise.<\/p>\n\n<figure class=\"wp-block-image size-full\"><img loading=\"lazy\" decoding=\"async\" width=\"801\" height=\"421\" src=\"https:\/\/metaverseweb.cloud\/wp-content\/uploads\/2022\/08\/1.jpg\" alt=\"\" class=\"wp-image-2505\" srcset=\"https:\/\/metaverseweb.cloud\/wp-content\/uploads\/2022\/08\/1-300x158.jpg 300w, https:\/\/metaverseweb.cloud\/wp-content\/uploads\/2022\/08\/1-768x404.jpg 768w, https:\/\/metaverseweb.cloud\/wp-content\/uploads\/2022\/08\/1.jpg 801w\" sizes=\"auto, (max-width: 801px) 100vw, 801px\" \/><\/figure>\n\n<h3 class=\"wp-block-heading\">La salle d&rsquo;exposition du Metaverse<\/h3>\n\n<p>Ces derni\u00e8res ann\u00e9es, le showroom du m\u00e9tavers est devenu l&rsquo;un des espaces les plus importants sur Internet. La raison en est simple : il s&rsquo;agit d&rsquo;un lieu o\u00f9 les visiteurs, o\u00f9 qu&rsquo;ils soient, peuvent s&rsquo;informer sur les nouveaux d\u00e9veloppements et produits et avoir la possibilit\u00e9 de les voir en format tridimensionnel ; sans le m\u00e9taverse, ils seraient inaccessibles.<\/p>\n\n<p>L&rsquo;un des principaux attraits de la salle est son am\u00e9nagement. Elle repose sur quatre piliers principaux, dont chacun apporte une valeur diff\u00e9rente. La premi\u00e8re est qu&rsquo;elle est disponible \u00e0 tout moment, de n&rsquo;importe o\u00f9. Le deuxi\u00e8me facteur est la personnalisation du metaverse. Le metaverse est 100% personnalisable \u00e0 votre go\u00fbt et par cons\u00e9quent au go\u00fbt de vos visiteurs. Le troisi\u00e8me facteur est la facilit\u00e9 avec laquelle les utilisateurs peuvent entrer, il suffit de naviguer sur votre site et le quatri\u00e8me pilier est l&rsquo;attention personnalis\u00e9e et le d\u00e9pannage que nous mettons \u00e0 votre disposition, nous mettons notre \u00e9quipe d&rsquo;ing\u00e9nieurs informatiques \u00e0 votre disposition pour le d\u00e9veloppement et la maintenance de votre m\u00e9taverse.<\/p>\n<div class=\"wp-block-image\">\n<figure class=\"aligncenter size-full is-resized\"><img loading=\"lazy\" decoding=\"async\" src=\"https:\/\/metaverseweb.cloud\/wp-content\/uploads\/2022\/08\/descarga-e1660643937760.jpg\" alt=\"\" class=\"wp-image-1980\" width=\"467\" height=\"297\"\/><\/figure>\n<\/div>\n<h3 class=\"wp-block-heading\">Utilisateurs du showroom metaverse<\/h3>\n\n<p>Si le showroom dans le m\u00e9taverse est votre maison, vous serez tr\u00e8s heureux car il s&rsquo;adresse \u00e0 tous les clients potentiels qui visitent votre site web. La salle d&rsquo;exposition montre que votre entreprise est \u00e0 la pointe de la technologie et des derni\u00e8res innovations.<\/p>\n\n<h3 class=\"wp-block-heading\">Le co\u00fbt de la salle d&rsquo;exposition dans le m\u00e9tavers<\/h3>\n\n<p>La salle d&rsquo;exposition metaverse est une n\u00e9cessit\u00e9 dans de nombreuses entreprises, le co\u00fbt de cette salle peut \u00eatre assez \u00e9lev\u00e9 si vous ne passez pas de contrat avec nous, d&rsquo;autres entreprises vous font payer pour les utilisateurs simultan\u00e9s un montant disproportionn\u00e9 ; d&rsquo;autres vous vendent des espaces num\u00e9riques au prix de l&rsquo;or, nous ne le faisons pas, nous facturons juste assez pour que vous puissiez l&rsquo;int\u00e9grer dans votre site web sans assumer une tr\u00e8s grande d\u00e9pense financi\u00e8re et nous nous occupons \u00e9galement de toute la maintenance.<\/p>\n\n<figure class=\"wp-block-image size-large\"><img loading=\"lazy\" decoding=\"async\" width=\"1024\" height=\"354\" src=\"https:\/\/metaverseweb.cloud\/wp-content\/uploads\/2022\/08\/7251036-1024x354.jpg\" alt=\"\" class=\"wp-image-2366\" srcset=\"https:\/\/metaverseweb.cloud\/wp-content\/uploads\/2022\/08\/7251036-300x104.jpg 300w, https:\/\/metaverseweb.cloud\/wp-content\/uploads\/2022\/08\/7251036-768x266.jpg 768w, https:\/\/metaverseweb.cloud\/wp-content\/uploads\/2022\/08\/7251036-1024x354.jpg 1024w, https:\/\/metaverseweb.cloud\/wp-content\/uploads\/2022\/08\/7251036-1536x532.jpg 1536w, https:\/\/metaverseweb.cloud\/wp-content\/uploads\/2022\/08\/7251036-2048x709.jpg 2048w\" sizes=\"auto, (max-width: 1024px) 100vw, 1024px\" \/><\/figure>\n","protected":false},"excerpt":{"rendered":"<p>Salle d&rsquo;exposition dans le m\u00e9tavers Les showrooms dans le metaverse sont un bon moyen de positionner votre entreprise sur le march\u00e9. Ils constituent une bonne option pour disposer d&rsquo;un endroit o\u00f9 pr\u00e9senter tous vos produits en 3 dimensions et offrir des services \u00e0 vos clients. Il est donc important que vous sachiez comment l&rsquo;organiser, o\u00f9 &hellip;<\/p>\n","protected":false},"author":1,"featured_media":0,"parent":0,"menu_order":0,"comment_status":"closed","ping_status":"closed","template":"","meta":{"_genesis_hide_title":false,"_genesis_hide_breadcrumbs":false,"_genesis_hide_singular_image":false,"_genesis_hide_footer_widgets":false,"_genesis_custom_body_class":"","_genesis_custom_post_class":"","_genesis_layout":"","footnotes":""},"class_list":{"1":"page","2":"type-page","5":"entry"},"acf":[],"_links":{"self":[{"href":"https:\/\/metaverseweb.cloud\/fr\/wp-json\/wp\/v2\/pages\/2520","targetHints":{"allow":["GET"]}}],"collection":[{"href":"https:\/\/metaverseweb.cloud\/fr\/wp-json\/wp\/v2\/pages"}],"about":[{"href":"https:\/\/metaverseweb.cloud\/fr\/wp-json\/wp\/v2\/types\/page"}],"author":[{"embeddable":true,"href":"https:\/\/metaverseweb.cloud\/fr\/wp-json\/wp\/v2\/users\/1"}],"replies":[{"embeddable":true,"href":"https:\/\/metaverseweb.cloud\/fr\/wp-json\/wp\/v2\/comments?post=2520"}],"version-history":[{"count":1,"href":"https:\/\/metaverseweb.cloud\/fr\/wp-json\/wp\/v2\/pages\/2520\/revisions"}],"predecessor-version":[{"id":2521,"href":"https:\/\/metaverseweb.cloud\/fr\/wp-json\/wp\/v2\/pages\/2520\/revisions\/2521"}],"wp:attachment":[{"href":"https:\/\/metaverseweb.cloud\/fr\/wp-json\/wp\/v2\/media?parent=2520"}],"curies":[{"name":"wp","href":"https:\/\/api.w.org\/{rel}","templated":true}]}}