{"id":2480,"date":"2022-08-16T09:23:40","date_gmt":"2022-08-16T09:23:40","guid":{"rendered":"https:\/\/metaverseweb.cloud\/metaverse-sur-votre-site-web\/"},"modified":"2022-08-16T09:24:14","modified_gmt":"2022-08-16T09:24:14","slug":"metaverse-sur-votre-site-web","status":"publish","type":"page","link":"https:\/\/metaverseweb.cloud\/fr\/metaverse-sur-votre-site-web\/","title":{"rendered":"Metaverse sur votre site web"},"content":{"rendered":"\n<h4 class=\"wp-block-heading\">Nous offrons une solution compl\u00e8te pour vous permettre de voir votre propre m\u00e9tavers sur votre site web<\/h4>\n\n<p>Si vous avez des doutes sur la fa\u00e7on de g\u00e9n\u00e9rer un m\u00e9tavers sur votre site web, ne vous inqui\u00e9tez pas, nous avons le bon logiciel pour vous aider. Nous offrons un service complet qui vous permettra de voir votre propre m\u00e9tavers sur votre site web.<\/p>\n\n<h4 class=\"wp-block-heading\">Qu&rsquo;est-ce que le Metaverse ?<\/h4>\n\n<p>Le m\u00e9tavers est un outil qui permet aux gens de voir le contenu de votre site web dans un contexte diff\u00e9rent en 3D. C&rsquo;est-\u00e0-dire que vous serez en mesure de le visualiser comme si vous le voyiez directement d&rsquo;un autre endroit. Cela peut vous aider \u00e0 am\u00e9liorer l&rsquo;exp\u00e9rience de navigation et \u00e0 accro\u00eetre la visibilit\u00e9 de votre contenu. En outre, vous pouvez utiliser le m\u00e9tavers pour cr\u00e9er des objets 3D de vos machines ou de vos produits afin de promouvoir vos produits dans votre espace virtuel multi-utilisateurs.<\/p>\n\n<figure class=\"wp-block-image size-large\"><img loading=\"lazy\" decoding=\"async\" width=\"1024\" height=\"354\" src=\"https:\/\/metaverseweb.cloud\/wp-content\/uploads\/2022\/08\/7251036-1-1024x354.jpg\" alt=\"\" class=\"wp-image-2378\" srcset=\"https:\/\/metaverseweb.cloud\/wp-content\/uploads\/2022\/08\/7251036-1-300x104.jpg 300w, https:\/\/metaverseweb.cloud\/wp-content\/uploads\/2022\/08\/7251036-1-768x266.jpg 768w, https:\/\/metaverseweb.cloud\/wp-content\/uploads\/2022\/08\/7251036-1-1024x354.jpg 1024w, https:\/\/metaverseweb.cloud\/wp-content\/uploads\/2022\/08\/7251036-1-1536x532.jpg 1536w, https:\/\/metaverseweb.cloud\/wp-content\/uploads\/2022\/08\/7251036-1-2048x709.jpg 2048w\" sizes=\"auto, (max-width: 1024px) 100vw, 1024px\" \/><\/figure>\n\n<h4 class=\"wp-block-heading\">Comment fonctionne le Metaverse ?<\/h4>\n\n<p>Le Metaverse est un outil que nous proposons pour que vous puissiez afficher votre propre metaverse sur votre site web. Pour l&rsquo;utiliser, ni vous ni vos visiteurs ne doivent l&rsquo;avoir install\u00e9. Le Metaverse est accessible depuis n&rsquo;importe quelle plateforme, \u00e0 tout moment et en tout lieu.<\/p>\n\n<p>Les avantages du Metaverse<\/p>\n\n<p>Les m\u00e9taverses sont un outil utile qui peut aider les sites web \u00e0 am\u00e9liorer leur visibilit\u00e9 dans les moteurs de recherche et donc leur activit\u00e9. Les avantages du Metaverse comprennent :<\/p>\n\n<ol class=\"wp-block-list\"><li>un meilleur classement des pages dans les recherches. Le Metaverse permet au visiteur de voir vos services, machines ou produits sur n&rsquo;importe quel site web, m\u00eame s&rsquo;il est ext\u00e9rieur au site d&rsquo;origine. Cela permet \u00e0 la page de savoir qui est le client id\u00e9al et d&rsquo;appara\u00eetre dans les premi\u00e8res positions des recherches.<\/li><li>Augmentation du trafic direct sur la page. Le Metaverse offre aux sites web une image plus attrayante, ce qui leur permet d&rsquo;augmenter consid\u00e9rablement le trafic direct.<\/li><\/ol>\n\n<figure class=\"wp-block-image size-large is-resized\"><img loading=\"lazy\" decoding=\"async\" src=\"https:\/\/metaverseweb.cloud\/wp-content\/uploads\/2022\/08\/3250-1024x512.jpg\" alt=\"\" class=\"wp-image-2465\" width=\"802\" height=\"401\" srcset=\"https:\/\/metaverseweb.cloud\/wp-content\/uploads\/2022\/08\/3250-300x150.jpg 300w, https:\/\/metaverseweb.cloud\/wp-content\/uploads\/2022\/08\/3250-768x384.jpg 768w, https:\/\/metaverseweb.cloud\/wp-content\/uploads\/2022\/08\/3250-1024x512.jpg 1024w, https:\/\/metaverseweb.cloud\/wp-content\/uploads\/2022\/08\/3250-1536x768.jpg 1536w, https:\/\/metaverseweb.cloud\/wp-content\/uploads\/2022\/08\/3250-2048x1024.jpg 2048w\" sizes=\"auto, (max-width: 802px) 100vw, 802px\" \/><\/figure>\n\n<h4 class=\"wp-block-heading\">La proc\u00e9dure de cr\u00e9ation du Metaverse<\/h4>\n\n<p>Si vous cherchez un moyen facile de cr\u00e9er votre propre m\u00e9tavers sur votre site web, nous vous proposons une proc\u00e9dure simple, compl\u00e8te et cl\u00e9 en main. Nous nous occupons de tout.<\/p>\n\n<p>Le Metaverse est un outil qui offre une vue globale du web, permettant aux utilisateurs de voir leur propre image refl\u00e9t\u00e9e sur d&rsquo;autres sites web. Cela vous aide \u00e0 am\u00e9liorer le positionnement de votre site web, ainsi qu&rsquo;\u00e0 obtenir plus de visiteurs.<\/p>\n\n<h3 class=\"wp-block-heading\">Conclusions<\/h3>\n\n<p>Les m\u00e9taverses sont un outil tr\u00e8s utile pour cr\u00e9er du contenu sur un site web, car elles permettent aux utilisateurs de voir leur propre profil en tant qu&rsquo;utilisateur d&rsquo;autres sites web. Chez Metaverse web, nous vous proposons une solution compl\u00e8te pour l&rsquo;utilisation de metaverse sur votre site web. La solution cl\u00e9 en main est la meilleure option pour vous.<\/p>\n\n<p>Si vous \u00eates int\u00e9ress\u00e9 par l&rsquo;utilisation de ce service, nous vous recommandons de contacter notre soci\u00e9t\u00e9 afin de proc\u00e9der aux consultations n\u00e9cessaires.<br\/><\/p>\n","protected":false},"excerpt":{"rendered":"<p>Nous offrons une solution compl\u00e8te pour vous permettre de voir votre propre m\u00e9tavers sur votre site web Si vous avez des doutes sur la fa\u00e7on de g\u00e9n\u00e9rer un m\u00e9tavers sur votre site web, ne vous inqui\u00e9tez pas, nous avons le bon logiciel pour vous aider. Nous offrons un service complet qui vous permettra de voir &hellip;<\/p>\n","protected":false},"author":1,"featured_media":0,"parent":0,"menu_order":0,"comment_status":"closed","ping_status":"closed","template":"","meta":{"_genesis_hide_title":false,"_genesis_hide_breadcrumbs":false,"_genesis_hide_singular_image":false,"_genesis_hide_footer_widgets":false,"_genesis_custom_body_class":"","_genesis_custom_post_class":"","_genesis_layout":"","footnotes":""},"class_list":{"1":"page","2":"type-page","5":"entry"},"acf":[],"_links":{"self":[{"href":"https:\/\/metaverseweb.cloud\/fr\/wp-json\/wp\/v2\/pages\/2480","targetHints":{"allow":["GET"]}}],"collection":[{"href":"https:\/\/metaverseweb.cloud\/fr\/wp-json\/wp\/v2\/pages"}],"about":[{"href":"https:\/\/metaverseweb.cloud\/fr\/wp-json\/wp\/v2\/types\/page"}],"author":[{"embeddable":true,"href":"https:\/\/metaverseweb.cloud\/fr\/wp-json\/wp\/v2\/users\/1"}],"replies":[{"embeddable":true,"href":"https:\/\/metaverseweb.cloud\/fr\/wp-json\/wp\/v2\/comments?post=2480"}],"version-history":[{"count":1,"href":"https:\/\/metaverseweb.cloud\/fr\/wp-json\/wp\/v2\/pages\/2480\/revisions"}],"predecessor-version":[{"id":2481,"href":"https:\/\/metaverseweb.cloud\/fr\/wp-json\/wp\/v2\/pages\/2480\/revisions\/2481"}],"wp:attachment":[{"href":"https:\/\/metaverseweb.cloud\/fr\/wp-json\/wp\/v2\/media?parent=2480"}],"curies":[{"name":"wp","href":"https:\/\/api.w.org\/{rel}","templated":true}]}}