{"id":2343,"date":"2022-08-16T08:26:14","date_gmt":"2022-08-16T08:26:14","guid":{"rendered":"https:\/\/metaverseweb.cloud\/metaverse-en-marque-blanche\/"},"modified":"2022-08-16T08:54:59","modified_gmt":"2022-08-16T08:54:59","slug":"metaverse-en-marque-blanche","status":"publish","type":"page","link":"https:\/\/metaverseweb.cloud\/fr\/metaverse-en-marque-blanche\/","title":{"rendered":"Metaverse en marque blanche"},"content":{"rendered":"\n<div class=\"wp-block-media-text alignwide is-stacked-on-mobile\"><figure class=\"wp-block-media-text__media\"><img loading=\"lazy\" decoding=\"async\" width=\"1024\" height=\"576\" src=\"https:\/\/metaverseweb.cloud\/wp-content\/uploads\/2022\/08\/AdobeStock_493185086-1024x576.jpeg\" alt=\"\" class=\"wp-image-2029 size-full\" srcset=\"https:\/\/metaverseweb.cloud\/wp-content\/uploads\/2022\/08\/AdobeStock_493185086-300x169.jpeg 300w, https:\/\/metaverseweb.cloud\/wp-content\/uploads\/2022\/08\/AdobeStock_493185086-768x432.jpeg 768w, https:\/\/metaverseweb.cloud\/wp-content\/uploads\/2022\/08\/AdobeStock_493185086-1024x576.jpeg 1024w, https:\/\/metaverseweb.cloud\/wp-content\/uploads\/2022\/08\/AdobeStock_493185086-1536x864.jpeg 1536w, https:\/\/metaverseweb.cloud\/wp-content\/uploads\/2022\/08\/AdobeStock_493185086-2048x1152.jpeg 2048w\" sizes=\"auto, (max-width: 1024px) 100vw, 1024px\" \/><\/figure><div class=\"wp-block-media-text__content\">\n<h3 class=\"is-style-subheading wp-block-heading\">Metaverse en marque blanche ou URL personnalis\u00e9e<\/h3>\n\n\n\n<p>Nous nous sommes sp\u00e9cialis\u00e9s dans les m\u00e9taverses en marque blanche ou les m\u00e9taverses avec des domaines (URL) personnalisables. Nous pensons que chacun devrait avoir son propre m\u00e9tavers comme compl\u00e9ment n\u00e9cessaire \u00e0 son site web, c&rsquo;est pourquoi nous d\u00e9veloppons ces propres m\u00e9taverses pour vous.<br\/>Nous sommes des pionniers dans ce sens, alors profitez-en et soyez un pionnier dans votre secteur en ajoutant le m\u00e9tavers \u00e0 votre site web et en offrant une exp\u00e9rience totalement immersive.<\/p>\n<\/div><\/div>\n\n<div style=\"height:100px\" aria-hidden=\"true\" class=\"wp-block-spacer\"><\/div>\n\n<div class=\"wp-block-media-text alignwide has-media-on-the-right is-stacked-on-mobile\"><figure class=\"wp-block-media-text__media\"><img loading=\"lazy\" decoding=\"async\" width=\"1024\" height=\"640\" src=\"https:\/\/metaverseweb.cloud\/wp-content\/uploads\/2022\/08\/AdobeStock_474895629-1024x640.jpeg\" alt=\"\" class=\"wp-image-2014 size-full\" srcset=\"https:\/\/metaverseweb.cloud\/wp-content\/uploads\/2022\/08\/AdobeStock_474895629-300x188.jpeg 300w, https:\/\/metaverseweb.cloud\/wp-content\/uploads\/2022\/08\/AdobeStock_474895629-768x480.jpeg 768w, https:\/\/metaverseweb.cloud\/wp-content\/uploads\/2022\/08\/AdobeStock_474895629-1024x640.jpeg 1024w, https:\/\/metaverseweb.cloud\/wp-content\/uploads\/2022\/08\/AdobeStock_474895629-1536x960.jpeg 1536w, https:\/\/metaverseweb.cloud\/wp-content\/uploads\/2022\/08\/AdobeStock_474895629-2048x1280.jpeg 2048w\" sizes=\"auto, (max-width: 1024px) 100vw, 1024px\" \/><\/figure><div class=\"wp-block-media-text__content\">\n<h3 class=\"wp-block-heading\">Le m\u00e9tavers est un \u00e9l\u00e9ment fondamental de l&rsquo;image de marque des entreprises.<\/h3>\n\n\n\n<p>Aujourd&rsquo;hui, l&rsquo;image de marque est un \u00e9l\u00e9ment cl\u00e9 de l&rsquo;image de marque des entreprises. Pour instaurer la confiance et attirer les clients, il est n\u00e9cessaire de reproduire ou d&rsquo;am\u00e9liorer le style visuel d&rsquo;une entreprise sur tous les canaux possibles : web, m\u00e9dias sociaux, panneaux d&rsquo;affichage et sondages d&rsquo;opinion.<br\/>Dans le cadre de ce processus, il est courant que les entreprises apposent leur marque blanche sur les m\u00e9tavers. En d&rsquo;autres termes, ils modifient le design pour l&rsquo;adapter \u00e0 diff\u00e9rentes plateformes et continuent \u00e0 apprendre les pr\u00e9f\u00e9rences de leurs clients. Toutefois, la cr\u00e9ation d&rsquo;un m\u00e9tavers r\u00e9ussi se heurte \u00e0 plusieurs obstacles : le manque d&rsquo;expertise en la mati\u00e8re, le fait de ne pas savoir comment utiliser les bons outils ou le fait de rester bloqu\u00e9 sur un d\u00e9veloppement d\u00e9j\u00e0 \u00e9tabli.<\/p>\n<\/div><\/div>\n\n<div style=\"height:100px\" aria-hidden=\"true\" class=\"wp-block-spacer\"><\/div>\n\n<div class=\"wp-block-media-text alignwide is-stacked-on-mobile is-vertically-aligned-center\"><figure class=\"wp-block-media-text__media\"><img loading=\"lazy\" decoding=\"async\" width=\"1024\" height=\"1024\" src=\"https:\/\/metaverseweb.cloud\/wp-content\/uploads\/2022\/08\/Kerfin7_NEA_2477-1024x1024.jpg\" alt=\"\" class=\"wp-image-2327 size-full\" srcset=\"https:\/\/metaverseweb.cloud\/wp-content\/uploads\/2022\/08\/Kerfin7_NEA_2477-80x80.jpg 80w, https:\/\/metaverseweb.cloud\/wp-content\/uploads\/2022\/08\/Kerfin7_NEA_2477-150x150.jpg 150w, https:\/\/metaverseweb.cloud\/wp-content\/uploads\/2022\/08\/Kerfin7_NEA_2477-300x300.jpg 300w, https:\/\/metaverseweb.cloud\/wp-content\/uploads\/2022\/08\/Kerfin7_NEA_2477-768x768.jpg 768w, https:\/\/metaverseweb.cloud\/wp-content\/uploads\/2022\/08\/Kerfin7_NEA_2477-1024x1024.jpg 1024w, https:\/\/metaverseweb.cloud\/wp-content\/uploads\/2022\/08\/Kerfin7_NEA_2477-1536x1536.jpg 1536w, https:\/\/metaverseweb.cloud\/wp-content\/uploads\/2022\/08\/Kerfin7_NEA_2477-2048x2048.jpg 2048w\" sizes=\"auto, (max-width: 1024px) 100vw, 1024px\" \/><\/figure><div class=\"wp-block-media-text__content\">\n<h3 class=\"wp-block-heading\">Solution AR\/VR pour votre prochain \u00e9v\u00e9nement ou lancement de produit<\/h3>\n\n\n\n<p>Si vous \u00eates \u00e0 la recherche d&rsquo;une solution AR\/VR pour votre prochain \u00e9v\u00e9nement ou le lancement d&rsquo;un produit, ne cherchez pas plus loin, contactez-nous et nous cr\u00e9erons pour vous le White Label Metaverse. Cet outil puissant vous permet de repousser les limites de la cr\u00e9ativit\u00e9 en offrant \u00e0 vos utilisateurs un environnement 3D sur une plan\u00e8te num\u00e9rique tridimensionnelle, bien plus belle que notre ciel bleu.<\/p>\n\n\n\n<p>Metaverse web cr\u00e9era un metaverse en marque blanche pour vous et nous vous aiderons et nous occuperons de tout pour que vos utilisateurs n&rsquo;aient aucun probl\u00e8me. Notre solution comprend la cr\u00e9ation d&rsquo;un m\u00e9tavers au sein du site web et bien plus encore, sans quitter votre propre URL.<\/p>\n\n\n\n<p><br\/><\/p>\n<\/div><\/div>\n\n<div style=\"height:100px\" aria-hidden=\"true\" class=\"wp-block-spacer\"><\/div>\n\n<div class=\"wp-block-media-text alignwide has-media-on-the-right is-stacked-on-mobile is-vertically-aligned-center\"><figure class=\"wp-block-media-text__media\"><img loading=\"lazy\" decoding=\"async\" width=\"1024\" height=\"1024\" src=\"https:\/\/metaverseweb.cloud\/wp-content\/uploads\/2022\/08\/4136918-1024x1024.jpg\" alt=\"\" class=\"wp-image-2443 size-full\" srcset=\"https:\/\/metaverseweb.cloud\/wp-content\/uploads\/2022\/08\/4136918-80x80.jpg 80w, https:\/\/metaverseweb.cloud\/wp-content\/uploads\/2022\/08\/4136918-150x150.jpg 150w, https:\/\/metaverseweb.cloud\/wp-content\/uploads\/2022\/08\/4136918-300x300.jpg 300w, https:\/\/metaverseweb.cloud\/wp-content\/uploads\/2022\/08\/4136918-768x768.jpg 768w, https:\/\/metaverseweb.cloud\/wp-content\/uploads\/2022\/08\/4136918-1024x1024.jpg 1024w, https:\/\/metaverseweb.cloud\/wp-content\/uploads\/2022\/08\/4136918-1536x1536.jpg 1536w, https:\/\/metaverseweb.cloud\/wp-content\/uploads\/2022\/08\/4136918.jpg 2000w\" sizes=\"auto, (max-width: 1024px) 100vw, 1024px\" \/><\/figure><div class=\"wp-block-media-text__content\">\n<h3 class=\"wp-block-heading\">M\u00e9tavers en marque blanche<\/h3>\n\n\n\n<p>Le metaverse en marque blanche est un programme d\u00e9velopp\u00e9 par nos soins pour faciliter l&rsquo;accompagnement num\u00e9rique des environnements 3D.<\/p>\n\n\n\n<p>Dans le processus de cr\u00e9ation d&rsquo;environnements 3D, nous pouvons concevoir des objets et les ajouter \u00e0 notre monde. Nous pouvons \u00e9galement inviter d&rsquo;autres personnes \u00e0 visiter notre vie virtuelle et \u00e0 interagir avec nous.<\/p>\n\n\n\n<p>Pourquoi un logiciel metaverse en marque blanche est-il le meilleur choix ?<\/p>\n\n\n\n<p>Aujourd&rsquo;hui, le logiciel offre aux clients un environnement virtuel qui leur permet d&rsquo;affiner les caract\u00e9ristiques de l&rsquo;usine, du showroom ou du service dans un monde totalement libre o\u00f9 ils ne sont pas affect\u00e9s par ce qu&rsquo;ils y rencontrent.<\/p>\n\n\n\n<p><br\/><\/p>\n<\/div><\/div>\n\n<div class=\"wp-block-media-text alignwide is-stacked-on-mobile is-vertically-aligned-center\"><figure class=\"wp-block-media-text__media\"><img loading=\"lazy\" decoding=\"async\" width=\"1024\" height=\"1024\" src=\"https:\/\/metaverseweb.cloud\/wp-content\/uploads\/2022\/08\/people-shaking-hands-in-business-agreement-background-1024x1024.jpg\" alt=\"\" class=\"wp-image-2433 size-full\" srcset=\"https:\/\/metaverseweb.cloud\/wp-content\/uploads\/2022\/08\/people-shaking-hands-in-business-agreement-background-80x80.jpg 80w, https:\/\/metaverseweb.cloud\/wp-content\/uploads\/2022\/08\/people-shaking-hands-in-business-agreement-background-150x150.jpg 150w, https:\/\/metaverseweb.cloud\/wp-content\/uploads\/2022\/08\/people-shaking-hands-in-business-agreement-background-300x300.jpg 300w, https:\/\/metaverseweb.cloud\/wp-content\/uploads\/2022\/08\/people-shaking-hands-in-business-agreement-background-768x768.jpg 768w, https:\/\/metaverseweb.cloud\/wp-content\/uploads\/2022\/08\/people-shaking-hands-in-business-agreement-background-1024x1024.jpg 1024w, https:\/\/metaverseweb.cloud\/wp-content\/uploads\/2022\/08\/people-shaking-hands-in-business-agreement-background-1536x1536.jpg 1536w, https:\/\/metaverseweb.cloud\/wp-content\/uploads\/2022\/08\/people-shaking-hands-in-business-agreement-background-2048x2048.jpg 2048w\" sizes=\"auto, (max-width: 1024px) 100vw, 1024px\" \/><\/figure><div class=\"wp-block-media-text__content\">\n<h3 class=\"wp-block-heading\">D\u00e9velopper des m\u00e9taverses pour vos clients ?<\/h3>\n\n\n\n<p>Vous souhaitez d\u00e9velopper des m\u00e9taverses pour vos clients ?  <\/p>\n\n\n\n<p>Nous vous offrons un service cl\u00e9 en main, nous faisons tout le travail pour vous et vous le revendez \u00e0 vos clients.<br\/>Si vous souhaitez d\u00e9velopper des m\u00e9taverses pour vos clients, nous vous proposons une solution cl\u00e9 en main. Nous pouvons vous aider \u00e0 d\u00e9velopper des m\u00e9taverses pour vos clients afin de promouvoir leur marque et de g\u00e9n\u00e9rer des affaires gr\u00e2ce aux m\u00e9taverses.  <\/p>\n\n\n\n<p>Nous faisons tout le travail pour vous, alors n&rsquo;h\u00e9sitez pas \u00e0 nous contacter. Nous vous donnons l&rsquo;assurance que cela rendra vos clients heureux.<\/p>\n\n\n\n<p><br\/><\/p>\n<\/div><\/div>\n\n<div class=\"wp-block-buttons is-content-justification-center is-layout-flex wp-container-core-buttons-is-layout-16018d1d wp-block-buttons-is-layout-flex\">\n<div class=\"wp-block-button\"><a class=\"wp-block-button__link button\" href=\"https:\/\/metaverseweb.cloud\/fr\/contact\/\">Contact<\/a><\/div>\n<\/div>\n","protected":false},"excerpt":{"rendered":"<p>Metaverse en marque blanche ou URL personnalis\u00e9e Nous nous sommes sp\u00e9cialis\u00e9s dans les m\u00e9taverses en marque blanche ou les m\u00e9taverses avec des domaines (URL) personnalisables. Nous pensons que chacun devrait avoir son propre m\u00e9tavers comme compl\u00e9ment n\u00e9cessaire \u00e0 son site web, c&rsquo;est pourquoi nous d\u00e9veloppons ces propres m\u00e9taverses pour vous.Nous sommes des pionniers dans ce &hellip;<\/p>\n","protected":false},"author":1,"featured_media":0,"parent":0,"menu_order":0,"comment_status":"closed","ping_status":"closed","template":"","meta":{"_genesis_hide_title":false,"_genesis_hide_breadcrumbs":false,"_genesis_hide_singular_image":false,"_genesis_hide_footer_widgets":false,"_genesis_custom_body_class":"","_genesis_custom_post_class":"","_genesis_layout":"","footnotes":""},"class_list":{"1":"page","2":"type-page","5":"entry"},"acf":[],"_links":{"self":[{"href":"https:\/\/metaverseweb.cloud\/fr\/wp-json\/wp\/v2\/pages\/2343","targetHints":{"allow":["GET"]}}],"collection":[{"href":"https:\/\/metaverseweb.cloud\/fr\/wp-json\/wp\/v2\/pages"}],"about":[{"href":"https:\/\/metaverseweb.cloud\/fr\/wp-json\/wp\/v2\/types\/page"}],"author":[{"embeddable":true,"href":"https:\/\/metaverseweb.cloud\/fr\/wp-json\/wp\/v2\/users\/1"}],"replies":[{"embeddable":true,"href":"https:\/\/metaverseweb.cloud\/fr\/wp-json\/wp\/v2\/comments?post=2343"}],"version-history":[{"count":2,"href":"https:\/\/metaverseweb.cloud\/fr\/wp-json\/wp\/v2\/pages\/2343\/revisions"}],"predecessor-version":[{"id":2456,"href":"https:\/\/metaverseweb.cloud\/fr\/wp-json\/wp\/v2\/pages\/2343\/revisions\/2456"}],"wp:attachment":[{"href":"https:\/\/metaverseweb.cloud\/fr\/wp-json\/wp\/v2\/media?parent=2343"}],"curies":[{"name":"wp","href":"https:\/\/api.w.org\/{rel}","templated":true}]}}