{"id":2148,"date":"2022-05-11T15:00:56","date_gmt":"2022-05-11T15:00:56","guid":{"rendered":"https:\/\/metaverseweb.cloud\/services\/"},"modified":"2022-08-16T10:35:31","modified_gmt":"2022-08-16T10:35:31","slug":"services","status":"publish","type":"page","link":"https:\/\/metaverseweb.cloud\/fr\/services\/","title":{"rendered":"Services"},"content":{"rendered":"<div class=\"wp-block-group alignfull has-lg-content-width has-lg-padding-top has-md-padding-bottom\"><div class=\"wp-block-group__inner-container is-layout-flow wp-block-group-is-layout-flow\"><div class=\"mai-columns\"><div class=\"mai-columns-wrap has-columns\" style=\"--column-gap:var(--spacing-xxxl);--row-gap:var(--spacing-xxxl);--align-columns:initial;--align-columns-vertical:initial;\">\n<div class=\"mai-column is-column\" style=\"--columns-xs:1\/1;--flex-xs:0 0 var(--flex-basis);--columns-sm:1\/2;--flex-sm:0 0 var(--flex-basis);--columns-md:1\/2;--flex-md:0 0 var(--flex-basis);--columns-lg:1\/2;--flex-lg:0 0 var(--flex-basis);--justify-content:initial;\">\n\n<h3 class=\"wp-block-heading\">Une solution compl\u00e8te pour que vous puissiez voir votre propre m\u00e9tavers sur votre site web.<\/h3>\n\n\n\n<p>Nous sommes une plateforme bas\u00e9e sur le cloud pour des exp\u00e9riences 3D totalement immersives qui recr\u00e9ent des interactions et des environnements r\u00e9els. En r\u00e9imaginant la fa\u00e7on dont les gens travaillent, notre r\u00e9ponse au m\u00e9tavers d&rsquo;entreprise permet aux coll\u00e8gues et aux clients de se rencontrer en face \u00e0 face dans un monde num\u00e9rique interconnect\u00e9, \u00e0 tout moment, de n&rsquo;importe o\u00f9 dans le monde et par le biais de n&rsquo;importe quel appareil. Ainsi, vos visiteurs web peuvent voir vos produits, vos machines ou vos services dans le m\u00e9tavers sans quitter votre site web.  <\/p>\n\n\n\n<p><a href=\"https:\/\/metaverseweb.cloud\/fr\/metaverse-sur-votre-site-web\/\" data-type=\"URL\" data-id=\"https:\/\/metaverseweb.cloud\/metaverse-into-your-website\/\">plus d&rsquo;informations.<\/a><\/p>\n\n<\/div>\n\n<div class=\"mai-column is-column\" style=\"--columns-xs:1\/1;--flex-xs:0 0 var(--flex-basis);--columns-sm:1\/2;--flex-sm:0 0 var(--flex-basis);--columns-md:1\/2;--flex-md:0 0 var(--flex-basis);--columns-lg:1\/2;--flex-lg:0 0 var(--flex-basis);--justify-content:initial;--order-xs:-1;--order-sm:-1;\">\n\n<figure class=\"wp-block-image size-large\"><a href=\"https:\/\/metaverseweb.cloud\/fr\/metaverse-sur-votre-site-web\/\"><img loading=\"lazy\" decoding=\"async\" width=\"684\" height=\"1024\" src=\"https:\/\/metaverseweb.cloud\/wp-content\/uploads\/2022\/08\/AdobeStock_486695879-684x1024.jpeg\" alt=\"\" class=\"wp-image-1970\" srcset=\"https:\/\/metaverseweb.cloud\/wp-content\/uploads\/2022\/08\/AdobeStock_486695879-200x300.jpeg 200w, https:\/\/metaverseweb.cloud\/wp-content\/uploads\/2022\/08\/AdobeStock_486695879-684x1024.jpeg 684w, https:\/\/metaverseweb.cloud\/wp-content\/uploads\/2022\/08\/AdobeStock_486695879-768x1151.jpeg 768w, https:\/\/metaverseweb.cloud\/wp-content\/uploads\/2022\/08\/AdobeStock_486695879-1025x1536.jpeg 1025w, https:\/\/metaverseweb.cloud\/wp-content\/uploads\/2022\/08\/AdobeStock_486695879-1367x2048.jpeg 1367w, https:\/\/metaverseweb.cloud\/wp-content\/uploads\/2022\/08\/AdobeStock_486695879-scaled.jpeg 1709w\" sizes=\"auto, (max-width: 684px) 100vw, 684px\" \/><\/a><\/figure>\n\n<\/div>\n<\/div><\/div><\/div><\/div><div class=\"wp-block-group alignwide has-lg-content-width has-md-padding-top has-lg-padding-bottom\"><div class=\"wp-block-group__inner-container is-layout-flow wp-block-group-is-layout-flow\"><div class=\"mai-columns\"><div class=\"mai-columns-wrap has-columns\" style=\"--column-gap:var(--spacing-xxxl);--row-gap:var(--spacing-xxxl);--align-columns:initial;--align-columns-vertical:initial;\">\n<div class=\"mai-column is-column\" style=\"--columns-xs:1\/1;--flex-xs:0 0 var(--flex-basis);--columns-sm:1\/2;--flex-sm:0 0 var(--flex-basis);--columns-md:1\/2;--flex-md:0 0 var(--flex-basis);--columns-lg:1\/2;--flex-lg:0 0 var(--flex-basis);--justify-content:initial;\">\n\n<figure class=\"wp-block-image size-full is-resized\"><a href=\"https:\/\/metaverseweb.cloud\/fr\/showrooms-metaverse-web\/\"><img loading=\"lazy\" decoding=\"async\" src=\"https:\/\/metaverseweb.cloud\/wp-content\/uploads\/2022\/08\/descarga.jpg\" alt=\"\" class=\"wp-image-1980\" width=\"457\" height=\"291\"><\/a><\/figure>\n\n<\/div>\n\n<div class=\"mai-column is-column\" style=\"--columns-xs:1\/1;--flex-xs:0 0 var(--flex-basis);--columns-sm:1\/2;--flex-sm:0 0 var(--flex-basis);--columns-md:1\/2;--flex-md:0 0 var(--flex-basis);--columns-lg:1\/2;--flex-lg:0 0 var(--flex-basis);--justify-content:initial;\">\n\n<h3 class=\"wp-block-heading\">M\u00e9taverse des <strong>salles d&rsquo;exposition<\/strong> <\/h3>\n\n\n\n<p>Utilisez les espaces pr\u00e9d\u00e9finis de notre plateforme ou personnalisez vos propres environnements 3D en fonction des besoins de votre entreprise, des \u00e9l\u00e9ments de son image de marque et de vos id\u00e9es cr\u00e9atives. Quel que soit le type de machine ou de produit, nous pouvons faire en sorte que vos produits transcendent le monde virtuel avec des d\u00e9tails r\u00e9alistes et complexes. Les espaces de travail peuvent aller de la simple cabine de r\u00e9union pour les petits groupes \u00e0 la salle de conf\u00e9rence interactive pour les grands groupes, en passant par toutes les autres possibilit\u00e9s.<br>Notre plateforme propose diff\u00e9rents types d&rsquo;espaces, des salles d&rsquo;exposition traditionnelles \u00e0 celles qui peuvent \u00eatre construites dans notre propre domaine virtuel. Pour obtenir un r\u00e9sultat unique \u00e0 votre entreprise et transcendant dans le monde r\u00e9el, n&rsquo;h\u00e9sitez pas \u00e0 nous contacter.<\/p>\n\n\n\n<p><a href=\"https:\/\/metaverseweb.cloud\/fr\/showrooms-metaverse-web\/\" data-type=\"URL\" data-id=\"https:\/\/metaverseweb.cloud\/showrooms-metaverse-web\/\">Plus d&rsquo;informations.<\/a><\/p>\n\n<\/div>\n<\/div><\/div><\/div><\/div><div class=\"wp-block-group alignfull is-content-justification-center is-nowrap is-layout-flex wp-container-core-group-is-layout-94bc23d7 wp-block-group-is-layout-flex has-lg-content-width has-md-padding-top has-lg-padding-bottom\"><div class=\"mai-columns\"><div class=\"mai-columns-wrap has-columns\" style=\"--column-gap:var(--spacing-xxxl);--row-gap:var(--spacing-xxxl);--align-columns:initial;--align-columns-vertical:initial;\">\n<div class=\"mai-column is-column\" style=\"--columns-xs:1\/1;--flex-xs:0 0 var(--flex-basis);--columns-sm:1\/2;--flex-sm:0 0 var(--flex-basis);--columns-md:1\/2;--flex-md:0 0 var(--flex-basis);--columns-lg:1\/2;--flex-lg:0 0 var(--flex-basis);--justify-content:initial;\">\n\n<figure class=\"wp-block-image size-full is-resized\"><a href=\"https:\/\/metaverseweb.cloud\/fr\/foires-conferences-et-reunions-dans-le-metavers\/\"><img loading=\"lazy\" decoding=\"async\" src=\"https:\/\/metaverseweb.cloud\/wp-content\/uploads\/2022\/08\/feria.jpg\" alt=\"\" class=\"wp-image-2000\" width=\"459\" height=\"257\"><\/a><\/figure>\n\n\n\n<figure class=\"wp-block-image size-full is-resized\"><a href=\"https:\/\/metaverseweb.cloud\/fr\/foires-conferences-et-reunions-dans-le-metavers\/\"><img loading=\"lazy\" decoding=\"async\" src=\"https:\/\/metaverseweb.cloud\/wp-content\/uploads\/2022\/08\/congresos.jpg\" alt=\"\" class=\"wp-image-1990\" width=\"459\" height=\"257\"><\/a><\/figure>\n\n<\/div>\n\n<div class=\"mai-column is-column\" style=\"--columns-xs:1\/1;--flex-xs:0 0 var(--flex-basis);--columns-sm:1\/2;--flex-sm:0 0 var(--flex-basis);--columns-md:1\/2;--flex-md:0 0 var(--flex-basis);--columns-lg:1\/2;--flex-lg:0 0 var(--flex-basis);--justify-content:initial;\">\n\n<h3 class=\"wp-block-heading\"><strong>Foires, conf\u00e9rences et r\u00e9unions<\/strong><\/h3>\n\n\n\n<p>Les environnements virtuels de notre plateforme, construits \u00e0 l&rsquo;\u00e9chelle des grandes salles d&rsquo;exposition du monde entier ou des salles d&rsquo;exposition de produits classiques, permettront aux participants et aux exposants de se sentir totalement immerg\u00e9s. Vos invit\u00e9s auront l&rsquo;impression d&rsquo;\u00eatre d\u00e9j\u00e0 venus ici, gr\u00e2ce aux d\u00e9tails r\u00e9alistes que nous sculptons dans chaque espace que nous concevons. Nous avons des espaces standard pr\u00e9-construits ainsi que des options plus personnalis\u00e9es.<br>Les m\u00e9taverses nous permettent de concevoir des espaces pour un salon professionnel, offrant un environnement mena\u00e7ant et responsabilisant. Les invit\u00e9s auront l&rsquo;impression d&rsquo;\u00eatre au bon endroit gr\u00e2ce aux machines que nous utiliserons pour recr\u00e9er la r\u00e9alit\u00e9. Nous pouvons cr\u00e9er un environnement virtuel bas\u00e9 sur les aspects importants du salon professionnel, tels que le terrain, les personnes ou les objets. Nous pouvons \u00e9galement combiner ces machines avec d&rsquo;autres \u00e9l\u00e9ments pour cr\u00e9er un environnement totalement original.<a href=\"https:\/\/metaverseweb.cloud\/fr\/foires-conferences-et-reunions-dans-le-metavers\/\"> <\/a><\/p>\n\n\n\n<p><a href=\"https:\/\/metaverseweb.cloud\/fr\/foires-conferences-et-reunions-dans-le-metavers\/\">Plus d&rsquo;informations.<\/a><\/p>\n\n<\/div>\n<\/div><\/div><\/div>\n<div class=\"wp-block-media-text alignwide has-media-on-the-right is-stacked-on-mobile\"><figure class=\"wp-block-media-text__media\"><a href=\"https:\/\/metaverseweb.cloud\/fr\/metaverse-en-marque-blanche\/\"><img loading=\"lazy\" decoding=\"async\" width=\"1024\" height=\"683\" src=\"https:\/\/metaverseweb.cloud\/wp-content\/uploads\/2022\/08\/AdobeStock_498683337-1024x683.jpeg\" alt=\"\" class=\"wp-image-1952 size-full\" srcset=\"https:\/\/metaverseweb.cloud\/wp-content\/uploads\/2022\/08\/AdobeStock_498683337-300x200.jpeg 300w, https:\/\/metaverseweb.cloud\/wp-content\/uploads\/2022\/08\/AdobeStock_498683337-768x512.jpeg 768w, https:\/\/metaverseweb.cloud\/wp-content\/uploads\/2022\/08\/AdobeStock_498683337-1024x683.jpeg 1024w, https:\/\/metaverseweb.cloud\/wp-content\/uploads\/2022\/08\/AdobeStock_498683337-1536x1024.jpeg 1536w, https:\/\/metaverseweb.cloud\/wp-content\/uploads\/2022\/08\/AdobeStock_498683337-2048x1365.jpeg 2048w\" sizes=\"auto, (max-width: 1024px) 100vw, 1024px\" \/><\/a><\/figure><div class=\"wp-block-media-text__content\">\n<h3 class=\"wp-block-heading\">Nous sommes sp\u00e9cialis\u00e9s dans les m\u00e9taverses en marque blanche ou les m\u00e9taverses avec des domaines (URL) personnalisables.<\/h3>\n\n\n\n<p>Le terme \u00ab\u00a0metaverse\u00a0\u00bb est utilis\u00e9 pour d\u00e9crire un r\u00e9seau de r\u00e9seaux sociaux dont tous les membres interagissent les uns avec les autres. La fa\u00e7on dont chaque personne d\u00e9finit le r\u00e9seau affecte la fa\u00e7on dont il sera per\u00e7u par les autres utilisateurs. Le but des m\u00e9taverses est l&rsquo;\u00e9change d&rsquo;opinions et d&rsquo;informations.<br\/>Les m\u00e9taverses peuvent \u00eatre g\u00e9n\u00e9r\u00e9es par une marque ou par un utilisateur individuel. Les m\u00e9taverses appartenant \u00e0 un domaine permettent \u00e0 chaque utilisateur de cr\u00e9er son propre monde au sein de sa propre URL. Cela donne \u00e0 chacun la possibilit\u00e9 de contr\u00f4ler le contenu et la publicit\u00e9 qui y sont affich\u00e9s.<\/p>\n\n\n\n<p><a href=\"https:\/\/metaverseweb.cloud\/fr\/metaverse-en-marque-blanche\/\" data-type=\"URL\" data-id=\"https:\/\/metaverseweb.cloud\/white-label-metaverse\/\">Plus d&rsquo;informations.<\/a><\/p>\n<\/div><\/div>\n<div class=\"wp-block-group alignfull has-alt-background-color has-background has-light-background has-lg-content-width has-lg-padding-top has-lg-padding-bottom\"><div class=\"wp-block-group__inner-container is-layout-flow wp-block-group-is-layout-flow\">\n<h2 class=\"has-text-align-center wp-block-heading\">Ce que nous offrons<\/h2>\n\n\n<p class=\"has-text-align-center has-sm-max-width has-xxxl-margin-bottom\"><strong>La plupart du temps, lorsque nous lan\u00e7ons un nouveau produit ou une nouvelle machine, nos clients ne re\u00e7oivent que quelques \u00e9l\u00e9ments tels que des brochures en pdf, des vid\u00e9os ou des images du produit ou de la machine elle-m\u00eame et de ses caract\u00e9ristiques. Si vous souhaitez que les visiteurs de votre site web puissent voir votre produit en 3 dimensions \u00e0 l&rsquo;int\u00e9rieur de votre monde virtuel priv\u00e9, avec la possibilit\u00e9 d&rsquo;interagir avec l&rsquo;\u00e9quipe responsable du nouveau produit ou de la nouvelle machine, n&rsquo;h\u00e9sitez pas \u00e0 nous contacter ici.<\/strong><\/p>\n\n\n<div class=\"wp-block-group\"><div class=\"wp-block-group__inner-container is-layout-flow wp-block-group-is-layout-flow\">\n<div class=\"wp-block-columns is-layout-flex wp-container-core-columns-is-layout-9d6595d7 wp-block-columns-is-layout-flex\">\n<div class=\"wp-block-column is-layout-flow wp-block-column-is-layout-flow\" style=\"flex-basis:100%\">\n<ul class=\"wp-block-list\"><li>Metaverse personnalis\u00e9 int\u00e9gr\u00e9 dans votre URL.<\/li><li>Vos machines ou produits rendus en 3D dans votre URL.<\/li><li>Disponible depuis n&rsquo;importe quelle plateforme, ordinateur ou mobile.<\/li><li>Des centaines de personnes simultan\u00e9ment gr\u00e2ce \u00e0 nos serveurs \u00e9volutifs pour le metaverse.<\/li><li>Avatars configurables.<\/li><li>Enregistrement des visiteurs.<\/li><li>Interaction en temps r\u00e9el avec vos clients potentiels.<\/li><li>Grande biblioth\u00e8que de sc\u00e9narios disponibles et aucun co\u00fbt de d\u00e9veloppement. ou nous d\u00e9veloppons votre propre sc\u00e9nario.<\/li><li>Cl\u00e9 en main, nous nous occupons de tout, de la mise en route \u00e0 la maintenance ult\u00e9rieure.<\/li><li>Accessible depuis une URL, il n&rsquo;est pas n\u00e9cessaire de t\u00e9l\u00e9charger ou d&rsquo;installer quoi que ce soit.<\/li><li>Vous pouvez parler et discuter avec vos clients.<\/li><li>Serveurs \u00e9volutifs selon les besoins en temps r\u00e9el. id\u00e9al pour les pr\u00e9sentations de machines ou de produits.<\/li><li>Une maintenance continue est toujours disponible.<\/li><li>Contactez par courriel ou par t\u00e9l\u00e9phone directement l&rsquo;\u00e9quipe d&rsquo;assistance technique.<\/li><\/ul>\n<\/div>\n<\/div>\n<\/div><\/div>\n<\/div><\/div>\n<figure class=\"wp-block-image size-large\"><img loading=\"lazy\" decoding=\"async\" width=\"1024\" height=\"354\" src=\"https:\/\/metaverseweb.cloud\/wp-content\/uploads\/2022\/08\/7251036-1-1024x354.jpg\" alt=\"\" class=\"wp-image-2378\" srcset=\"https:\/\/metaverseweb.cloud\/wp-content\/uploads\/2022\/08\/7251036-1-300x104.jpg 300w, https:\/\/metaverseweb.cloud\/wp-content\/uploads\/2022\/08\/7251036-1-768x266.jpg 768w, https:\/\/metaverseweb.cloud\/wp-content\/uploads\/2022\/08\/7251036-1-1024x354.jpg 1024w, https:\/\/metaverseweb.cloud\/wp-content\/uploads\/2022\/08\/7251036-1-1536x532.jpg 1536w, https:\/\/metaverseweb.cloud\/wp-content\/uploads\/2022\/08\/7251036-1-2048x709.jpg 2048w\" sizes=\"auto, (max-width: 1024px) 100vw, 1024px\" \/><\/figure>\n<div class=\"wp-block-group alignfull has-white-color has-heading-background-color has-text-color has-background has-dark-background has-sm-content-width has-lg-padding-top has-lg-padding-bottom\"><div class=\"wp-block-group__inner-container is-layout-flow wp-block-group-is-layout-flow\">\n<h2 class=\"has-text-align-center wp-block-heading\">Pr\u00eat \u00e0 commencer ?<\/h2>\n\n\n<p class=\"has-text-align-center has-sm-max-width\"><strong>Remplissez <\/strong>notre formulaire de contact avec quelques d\u00e9tails du projet et nous vous r\u00e9pondrons dans les 24 heures.<\/p>\n\n\n<div class=\"wp-block-buttons is-content-justification-center is-layout-flex wp-container-core-buttons-is-layout-16018d1d wp-block-buttons-is-layout-flex\">\n<div class=\"wp-block-button\"><a class=\"wp-block-button__link button\" href=\"https:\/\/metaverseweb.cloud\/fr\/contact\/\">Commencez<\/a><\/div>\n<\/div>\n<\/div><\/div><div class=\"wp-block-group alignfull has-lg-content-width has-lg-padding-top has-lg-padding-bottom\"><div class=\"wp-block-group__inner-container is-layout-flow wp-block-group-is-layout-flow\">\n<h2 class=\"has-text-align-left wp-block-heading\">Pourquoi nous choisir<\/h2>\n\n\n<p class=\"has-text-align-left has-xxxl-margin-bottom\"><\/p><\/div><\/div>","protected":false},"excerpt":{"rendered":"<p>Nous sommes sp\u00e9cialis\u00e9s dans les m\u00e9taverses en marque blanche ou les m\u00e9taverses avec des domaines (URL) personnalisables. Le terme \u00ab\u00a0metaverse\u00a0\u00bb est utilis\u00e9 pour d\u00e9crire un r\u00e9seau de r\u00e9seaux sociaux dont tous les membres interagissent les uns avec les autres. La fa\u00e7on dont chaque personne d\u00e9finit le r\u00e9seau affecte la fa\u00e7on dont il sera per\u00e7u par &hellip;<\/p>\n","protected":false},"author":1,"featured_media":2017,"parent":0,"menu_order":0,"comment_status":"closed","ping_status":"closed","template":"","meta":{"_genesis_hide_title":false,"_genesis_hide_breadcrumbs":false,"_genesis_hide_singular_image":false,"_genesis_hide_footer_widgets":false,"_genesis_custom_body_class":"","_genesis_custom_post_class":"","_genesis_layout":"standard-content","footnotes":""},"class_list":{"1":"page","2":"type-page","6":"entry"},"acf":[],"_links":{"self":[{"href":"https:\/\/metaverseweb.cloud\/fr\/wp-json\/wp\/v2\/pages\/2148","targetHints":{"allow":["GET"]}}],"collection":[{"href":"https:\/\/metaverseweb.cloud\/fr\/wp-json\/wp\/v2\/pages"}],"about":[{"href":"https:\/\/metaverseweb.cloud\/fr\/wp-json\/wp\/v2\/types\/page"}],"author":[{"embeddable":true,"href":"https:\/\/metaverseweb.cloud\/fr\/wp-json\/wp\/v2\/users\/1"}],"replies":[{"embeddable":true,"href":"https:\/\/metaverseweb.cloud\/fr\/wp-json\/wp\/v2\/comments?post=2148"}],"version-history":[{"count":10,"href":"https:\/\/metaverseweb.cloud\/fr\/wp-json\/wp\/v2\/pages\/2148\/revisions"}],"predecessor-version":[{"id":2591,"href":"https:\/\/metaverseweb.cloud\/fr\/wp-json\/wp\/v2\/pages\/2148\/revisions\/2591"}],"wp:featuredmedia":[{"embeddable":true,"href":"https:\/\/metaverseweb.cloud\/fr\/wp-json\/wp\/v2\/media\/2017"}],"wp:attachment":[{"href":"https:\/\/metaverseweb.cloud\/fr\/wp-json\/wp\/v2\/media?parent=2148"}],"curies":[{"name":"wp","href":"https:\/\/api.w.org\/{rel}","templated":true}]}}