{"id":2581,"date":"2022-08-16T10:30:47","date_gmt":"2022-08-16T10:30:47","guid":{"rendered":"https:\/\/metaverseweb.cloud\/ferias-conferencias-y-encuentros-en-el-metaverso\/"},"modified":"2022-08-16T10:31:02","modified_gmt":"2022-08-16T10:31:02","slug":"ferias-conferencias-y-encuentros-en-el-metaverso","status":"publish","type":"page","link":"https:\/\/metaverseweb.cloud\/es\/ferias-conferencias-y-encuentros-en-el-metaverso\/","title":{"rendered":"Ferias, conferencias y encuentros en el metaverso"},"content":{"rendered":"\n<h3 class=\"wp-block-heading\">Ferias, conferencias y encuentros en el metaverso<\/h3>\n\n<p>Las ferias, conferencias o encuentros son una excelente forma de conectar con personas que est\u00e1n en el mismo lugar que t\u00fa, hasta ahora, en el metaverso puedes hacer lo mismo pero sin importar la distancia o el tiempo, esto puede ayudarte a consolidar tu negocio o posicionarte en el mercado laboral. Sin embargo, \u00bfc\u00f3mo organizarlos si no eres un experto en la creaci\u00f3n de metaversos? p\u00f3ngase en contacto con nosotros para hacer crecer su negocio.<\/p>\n\n<figure class=\"wp-block-image size-large\"><img loading=\"lazy\" decoding=\"async\" width=\"1024\" height=\"336\" src=\"https:\/\/metaverseweb.cloud\/wp-content\/uploads\/2022\/08\/1-1-1024x336.jpg\" alt=\"\" class=\"wp-image-2535\" srcset=\"https:\/\/metaverseweb.cloud\/wp-content\/uploads\/2022\/08\/1-1-300x98.jpg 300w, https:\/\/metaverseweb.cloud\/wp-content\/uploads\/2022\/08\/1-1-768x252.jpg 768w, https:\/\/metaverseweb.cloud\/wp-content\/uploads\/2022\/08\/1-1-1024x336.jpg 1024w, https:\/\/metaverseweb.cloud\/wp-content\/uploads\/2022\/08\/1-1-1536x504.jpg 1536w, https:\/\/metaverseweb.cloud\/wp-content\/uploads\/2022\/08\/1-1.jpg 1801w\" sizes=\"auto, (max-width: 1024px) 100vw, 1024px\" \/><\/figure>\n\n<h3 class=\"wp-block-heading\">Encuentros en el metaverso<\/h3>\n\n<p>Las ferias, conferencias y reuniones son una excelente opci\u00f3n para reunir a los miembros del equipo o para iniciar una larga colaboraci\u00f3n. Son una forma estupenda de estrechar lazos y aprender mucho sobre el tema que se discute. Por ejemplo, hay ferias dedicadas a la educaci\u00f3n, a los negocios, al entretenimiento&#8230; todas son posibles en el metaverso, usted elige el tema y nosotros creamos el escenario para usted.<\/p>\n\n<p>el metaverso es una excelente forma de establecer contacto con otros profesionales y compartir experiencias en tiempo real y sin salir de la oficina. Por ello, es importante que sepamos cu\u00e1l es la mejor empresa para desarrollar su metaverso.<\/p>\n\n<p>En primer lugar, hay que tener en cuenta el objetivo de las reuniones. Si queremos reunirnos para hablar de nuestra carrera o simplemente para intercambiar opiniones, es mejor que sean eventos adecuados. Sin embargo, si nuestro objetivo es hacer negocios, necesitamos una fecha en la que podamos reunir a todos los asistentes. En este caso, las ferias del metaverso son el lugar ideal. La gente est\u00e1 m\u00e1s dispuesta a ir a algo que no tiene que salir de la oficina, todo el mundo puede ir, no hay gastos de viaje, se interact\u00faa en tiempo real y se puede ver a muchos amigos en la misma zona.  <\/p>\n\n<figure class=\"wp-block-image size-full\"><img loading=\"lazy\" decoding=\"async\" width=\"801\" height=\"324\" src=\"https:\/\/metaverseweb.cloud\/wp-content\/uploads\/2022\/08\/2-1.jpg\" alt=\"\" class=\"wp-image-2545\" srcset=\"https:\/\/metaverseweb.cloud\/wp-content\/uploads\/2022\/08\/2-1-300x121.jpg 300w, https:\/\/metaverseweb.cloud\/wp-content\/uploads\/2022\/08\/2-1-768x311.jpg 768w, https:\/\/metaverseweb.cloud\/wp-content\/uploads\/2022\/08\/2-1.jpg 801w\" sizes=\"auto, (max-width: 801px) 100vw, 801px\" \/><\/figure>\n\n<h3 class=\"wp-block-heading\">Ferias virtuales<\/h3>\n\n<p>Las ferias virtuales son una forma estupenda de conocer a otras personas y aprender m\u00e1s sin salir de la oficina. Las conferencias son una buena manera de conocer a otros profesionales, y las reuniones son una gran forma de intercambiar ideas.<\/p>\n\n<p>En el metaverso, cada vez hay m\u00e1s ferias virtuales que ofrecen una oportunidad \u00fanica para conocer a otros usuarios y compartir experiencias. Las ferias presenciales tienen un alto coste que eliminamos haci\u00e9ndolas en su mundo 3D paralelo a la realidad, esto ofrece una versatilidad incre\u00edble, adem\u00e1s puede organizarlas con los productos renderizados en 3D para un mayor realismo y una mayor interacci\u00f3n y todo esto sin salir de la oficina y sin mover su equipo personal y su equipo material.  <\/p>\n\n<h3 class=\"wp-block-heading\">Conferencias y encuentros en el metaverso<\/h3>\n\n<p>Las ferias, las conferencias y las reuniones son una forma estupenda de combinar el tiempo con los amigos, los colegas o los clientes. Si busca una forma divertida y memorable de reunirse, una conferencia en el metaverso es el camino a seguir. Adem\u00e1s, las reuniones en el metaverso pueden ser muy \u00fatiles para mejorar su marca como empresa.<\/p>\n\n<p>Las ferias son una buena opci\u00f3n para mantener una reuni\u00f3n de negocios o intercambiar informaci\u00f3n sobre el sector. Suelen ser grandes ceremonias que invitan a muchos empresarios e incluso a clientes potenciales. Las conferencias son otro tipo de evento perfecto para establecer contactos con otros profesionales. Los organizan universidades, bancos, asociaciones profesionales y otras organizaciones p\u00fablicas y privadas. La mayor\u00eda de las conferencias se celebran en el extranjero.<\/p>\n\n<figure class=\"wp-block-image size-large\"><img loading=\"lazy\" decoding=\"async\" width=\"1024\" height=\"358\" src=\"https:\/\/metaverseweb.cloud\/wp-content\/uploads\/2022\/08\/22-1024x358.jpg\" alt=\"\" class=\"wp-image-2555\" srcset=\"https:\/\/metaverseweb.cloud\/wp-content\/uploads\/2022\/08\/22-300x105.jpg 300w, https:\/\/metaverseweb.cloud\/wp-content\/uploads\/2022\/08\/22-768x268.jpg 768w, https:\/\/metaverseweb.cloud\/wp-content\/uploads\/2022\/08\/22-1024x358.jpg 1024w, https:\/\/metaverseweb.cloud\/wp-content\/uploads\/2022\/08\/22-1536x537.jpg 1536w, https:\/\/metaverseweb.cloud\/wp-content\/uploads\/2022\/08\/22.jpg 1891w\" sizes=\"auto, (max-width: 1024px) 100vw, 1024px\" \/><\/figure>\n\n<h3 class=\"wp-block-heading\">Contactos directos con otros usuarios<\/h3>\n\n<p>Las ferias, las conferencias y las reuniones son una forma excelente de conectar con otros usuarios\/clientes. La gente se re\u00fane para hablar de temas interesantes y compartir experiencias t\u00e9cnicas sobre sus productos. Es una buena manera de establecer v\u00ednculos, aprender m\u00e1s sobre ellos y, en general, tratar de mejorar nuestra comunicaci\u00f3n.<\/p>\n\n<p>Si quiere conocer todos los detalles de cualquier feria, conferencia o reuni\u00f3n que se celebre en el metaverso, no dude en ponerse en contacto con nosotros.  <\/p>\n\n<h3 class=\"wp-block-heading\">Conclusi\u00f3n<\/h3>\n\n<p>Si est\u00e1 planeando crear su feria, conferencia o reuni\u00f3n este a\u00f1o, es importante que sepa c\u00f3mo prepararla. Te invitamos a leer este post para recopilar algunos consejos que te ayudar\u00e1n a organizarte y a reducir el estr\u00e9s durante la celebraci\u00f3n, ya que nosotros nos encargamos de absolutamente todo, desde la personalizaci\u00f3n del stand hasta la gesti\u00f3n del servidor. Esperamos que estas ideas le hagan sentirse m\u00e1s seguro y en control en las situaciones m\u00e1s complicadas. \u00bfC\u00f3mo va a poder preparar sus eventos?<\/p>\n\n<figure class=\"wp-block-image size-large\"><img loading=\"lazy\" decoding=\"async\" width=\"1024\" height=\"354\" src=\"https:\/\/metaverseweb.cloud\/wp-content\/uploads\/2022\/08\/7251036-1-1024x354.jpg\" alt=\"\" class=\"wp-image-2378\" srcset=\"https:\/\/metaverseweb.cloud\/wp-content\/uploads\/2022\/08\/7251036-1-300x104.jpg 300w, https:\/\/metaverseweb.cloud\/wp-content\/uploads\/2022\/08\/7251036-1-768x266.jpg 768w, https:\/\/metaverseweb.cloud\/wp-content\/uploads\/2022\/08\/7251036-1-1024x354.jpg 1024w, https:\/\/metaverseweb.cloud\/wp-content\/uploads\/2022\/08\/7251036-1-1536x532.jpg 1536w, https:\/\/metaverseweb.cloud\/wp-content\/uploads\/2022\/08\/7251036-1-2048x709.jpg 2048w\" sizes=\"auto, (max-width: 1024px) 100vw, 1024px\" \/><\/figure>\n","protected":false},"excerpt":{"rendered":"<p>Ferias, conferencias y encuentros en el metaverso Las ferias, conferencias o encuentros son una excelente forma de conectar con personas que est\u00e1n en el mismo lugar que t\u00fa, hasta ahora, en el metaverso puedes hacer lo mismo pero sin importar la distancia o el tiempo, esto puede ayudarte a consolidar tu negocio o posicionarte en &hellip;<\/p>\n","protected":false},"author":1,"featured_media":0,"parent":0,"menu_order":0,"comment_status":"closed","ping_status":"closed","template":"","meta":{"_genesis_hide_title":false,"_genesis_hide_breadcrumbs":false,"_genesis_hide_singular_image":false,"_genesis_hide_footer_widgets":false,"_genesis_custom_body_class":"","_genesis_custom_post_class":"","_genesis_layout":"","footnotes":""},"class_list":{"1":"page","2":"type-page","5":"entry"},"acf":[],"_links":{"self":[{"href":"https:\/\/metaverseweb.cloud\/es\/wp-json\/wp\/v2\/pages\/2581","targetHints":{"allow":["GET"]}}],"collection":[{"href":"https:\/\/metaverseweb.cloud\/es\/wp-json\/wp\/v2\/pages"}],"about":[{"href":"https:\/\/metaverseweb.cloud\/es\/wp-json\/wp\/v2\/types\/page"}],"author":[{"embeddable":true,"href":"https:\/\/metaverseweb.cloud\/es\/wp-json\/wp\/v2\/users\/1"}],"replies":[{"embeddable":true,"href":"https:\/\/metaverseweb.cloud\/es\/wp-json\/wp\/v2\/comments?post=2581"}],"version-history":[{"count":1,"href":"https:\/\/metaverseweb.cloud\/es\/wp-json\/wp\/v2\/pages\/2581\/revisions"}],"predecessor-version":[{"id":2583,"href":"https:\/\/metaverseweb.cloud\/es\/wp-json\/wp\/v2\/pages\/2581\/revisions\/2583"}],"wp:attachment":[{"href":"https:\/\/metaverseweb.cloud\/es\/wp-json\/wp\/v2\/media?parent=2581"}],"curies":[{"name":"wp","href":"https:\/\/api.w.org\/{rel}","templated":true}]}}