{"id":2528,"date":"2022-08-16T10:04:37","date_gmt":"2022-08-16T10:04:37","guid":{"rendered":"https:\/\/metaverseweb.cloud\/salas-de-exposicion-metaverso-web\/"},"modified":"2022-08-16T10:04:52","modified_gmt":"2022-08-16T10:04:52","slug":"salas-de-exposicion-metaverso-web","status":"publish","type":"page","link":"https:\/\/metaverseweb.cloud\/es\/salas-de-exposicion-metaverso-web\/","title":{"rendered":"Salas de exposici\u00f3n metaverso web"},"content":{"rendered":"\n<h3 class=\"wp-block-heading\">Sala de exposiciones en el metaverso<\/h3>\n\n<p>Las salas de exposici\u00f3n en el metaverso son una buena forma de posicionar su negocio en el mercado. Son una buena opci\u00f3n para tener un lugar donde mostrar todos sus productos en 3 dimensiones y ofrecer servicios a sus clientes. Por ello, es importante que sepas c\u00f3mo organizarlo, d\u00f3nde colocarlo, qu\u00e9 medidas tomar para mejorar el aspecto visual y mucho m\u00e1s. En este sentido, le daremos las claves para que su sala de exposiciones metaversica sea un \u00e9xito.<\/p>\n\n<figure class=\"wp-block-image size-full is-resized\"><img loading=\"lazy\" decoding=\"async\" src=\"https:\/\/metaverseweb.cloud\/wp-content\/uploads\/2022\/08\/2.jpg\" alt=\"\" class=\"wp-image-2495\" width=\"802\" height=\"462\" srcset=\"https:\/\/metaverseweb.cloud\/wp-content\/uploads\/2022\/08\/2-300x173.jpg 300w, https:\/\/metaverseweb.cloud\/wp-content\/uploads\/2022\/08\/2-768x443.jpg 768w, https:\/\/metaverseweb.cloud\/wp-content\/uploads\/2022\/08\/2.jpg 809w\" sizes=\"auto, (max-width: 802px) 100vw, 802px\" \/><\/figure>\n\n<h3 class=\"wp-block-heading\">Introducci\u00f3n<\/h3>\n\n<p>Como uno de los principales objetivos de Metaverso es establecer v\u00ednculos con la comunidad mediante la promoci\u00f3n de sus productos, hemos decidido desarrollar un software espec\u00edfico para el desarrollo de showrooms para empresas integrados en su propia p\u00e1gina web.<\/p>\n\n<h3 class=\"wp-block-heading\">El objetivo de estas salas de exposici\u00f3n<\/h3>\n\n<p>Es ofrecer a los visitantes la oportunidad de conocer el mundo de las comunicaciones desde una perspectiva diferente, destacando c\u00f3mo el uso de las tecnolog\u00edas est\u00e1 cambiando nuestra forma de vivir. La sala tiene un formato interactivo y tridimensional donde sus productos o maquinaria ser\u00e1n visibles para los visitantes de su p\u00e1gina web.<\/p>\n\n<p>Imagina hacer la presentaci\u00f3n de tu nueva m\u00e1quina o producto en tu propio metaverso, ser\u00eda fant\u00e1stico, \u00bfno? Todos sus clientes de todo el mundo viendo sus productos en 3D en una sala de exposiciones donde su producto estar\u00e1 en 3D y su equipo de ventas y marketing haciendo presentaciones de productos.<\/p>\n\n<h3 class=\"wp-block-heading\">Los ingresos que generar\u00e1 esta sala de exposiciones<\/h3>\n\n<p>Las personas que visiten este showroom metaverso disfrutar\u00e1n de una experiencia multisensorial inmersiva, donde ver\u00e1n todos los detalles gracias al renderizado de alta definici\u00f3n y todos los detalles que generaremos para atraer su atenci\u00f3n, todo esto contribuye a hacer de este showroom un lugar muy atractivo para los visitantes, lo que har\u00e1 que sus clientes sean m\u00e1s receptivos a comprar sus productos ya que el reconocimiento de la marca aumentar\u00e1 considerablemente, lo que se convertir\u00e1 en m\u00e1s ventas para su empresa.<\/p>\n\n<figure class=\"wp-block-image size-full\"><img loading=\"lazy\" decoding=\"async\" width=\"801\" height=\"421\" src=\"https:\/\/metaverseweb.cloud\/wp-content\/uploads\/2022\/08\/1.jpg\" alt=\"\" class=\"wp-image-2505\" srcset=\"https:\/\/metaverseweb.cloud\/wp-content\/uploads\/2022\/08\/1-300x158.jpg 300w, https:\/\/metaverseweb.cloud\/wp-content\/uploads\/2022\/08\/1-768x404.jpg 768w, https:\/\/metaverseweb.cloud\/wp-content\/uploads\/2022\/08\/1.jpg 801w\" sizes=\"auto, (max-width: 801px) 100vw, 801px\" \/><\/figure>\n\n<h3 class=\"wp-block-heading\">La sala de exposiciones del metaverso<\/h3>\n\n<p>En los \u00faltimos a\u00f1os, el metaverso se ha convertido en uno de los espacios m\u00e1s importantes de Internet. La raz\u00f3n es sencilla: es un lugar donde los visitantes de cualquier lugar pueden conocer los nuevos desarrollos y productos y tener la oportunidad de verlos en formato tridimensional, sin el metaverso ser\u00edan inaccesibles.<\/p>\n\n<p>Uno de los principales atractivos de la sala es su disposici\u00f3n. Tiene cuatro pilares principales, cada uno de los cuales aporta un valor diferente. La primera es que est\u00e1 disponible en cualquier momento y desde cualquier lugar. El segundo factor es la personalizaci\u00f3n del metaverso, el metaverso es 100% personalizable a su gusto y en consecuencia al gusto de sus visitantes. El tercer factor es la facilidad con la que los usuarios pueden entrar, es simplemente navegar por su sitio y el cuarto pilar es la atenci\u00f3n personalizada y la resoluci\u00f3n de problemas que tenemos a su disposici\u00f3n, ponemos nuestro equipo de ingenieros inform\u00e1ticos a su disposici\u00f3n para el desarrollo y mantenimiento de su metaverso.<\/p>\n<div class=\"wp-block-image\">\n<figure class=\"aligncenter size-full is-resized\"><img loading=\"lazy\" decoding=\"async\" src=\"https:\/\/metaverseweb.cloud\/wp-content\/uploads\/2022\/08\/descarga-e1660643937760.jpg\" alt=\"\" class=\"wp-image-1980\" width=\"467\" height=\"297\"\/><\/figure>\n<\/div>\n<h3 class=\"wp-block-heading\">Usuarios de la sala de exposiciones del metaverso<\/h3>\n\n<p>Si la sala de exposiciones del metaverso es su casa, estar\u00e1 muy contento porque se dirige a todos los clientes potenciales que visitan su sitio web. La sala de exposiciones, representa que su empresa es una empresa actualizada con las \u00faltimas innovaciones.<\/p>\n\n<h3 class=\"wp-block-heading\">El coste de la sala de exposiciones en el metaverso<\/h3>\n\n<p>El sal\u00f3n metaverso es una necesidad en muchas empresas, el coste de este sal\u00f3n puede ser bastante elevado si no lo contratas con nosotros, otras empresas te cobran por usuarios simult\u00e1neos una cantidad desproporcionada otros te vender\u00e1n espacios digitales a precio de oro, nosotros no, cobramos lo justo para que puedas integrarlo en tu web sin asumir un desembolso econ\u00f3mico muy grande y adem\u00e1s nos encargamos de todo el mantenimiento.<\/p>\n\n<figure class=\"wp-block-image size-large\"><img loading=\"lazy\" decoding=\"async\" width=\"1024\" height=\"354\" src=\"https:\/\/metaverseweb.cloud\/wp-content\/uploads\/2022\/08\/7251036-1024x354.jpg\" alt=\"\" class=\"wp-image-2366\" srcset=\"https:\/\/metaverseweb.cloud\/wp-content\/uploads\/2022\/08\/7251036-300x104.jpg 300w, https:\/\/metaverseweb.cloud\/wp-content\/uploads\/2022\/08\/7251036-768x266.jpg 768w, https:\/\/metaverseweb.cloud\/wp-content\/uploads\/2022\/08\/7251036-1024x354.jpg 1024w, https:\/\/metaverseweb.cloud\/wp-content\/uploads\/2022\/08\/7251036-1536x532.jpg 1536w, https:\/\/metaverseweb.cloud\/wp-content\/uploads\/2022\/08\/7251036-2048x709.jpg 2048w\" sizes=\"auto, (max-width: 1024px) 100vw, 1024px\" \/><\/figure>\n","protected":false},"excerpt":{"rendered":"<p>Sala de exposiciones en el metaverso Las salas de exposici\u00f3n en el metaverso son una buena forma de posicionar su negocio en el mercado. Son una buena opci\u00f3n para tener un lugar donde mostrar todos sus productos en 3 dimensiones y ofrecer servicios a sus clientes. Por ello, es importante que sepas c\u00f3mo organizarlo, d\u00f3nde &hellip;<\/p>\n","protected":false},"author":1,"featured_media":0,"parent":0,"menu_order":0,"comment_status":"closed","ping_status":"closed","template":"","meta":{"_genesis_hide_title":false,"_genesis_hide_breadcrumbs":false,"_genesis_hide_singular_image":false,"_genesis_hide_footer_widgets":false,"_genesis_custom_body_class":"","_genesis_custom_post_class":"","_genesis_layout":"","footnotes":""},"class_list":{"1":"page","2":"type-page","5":"entry"},"acf":[],"_links":{"self":[{"href":"https:\/\/metaverseweb.cloud\/es\/wp-json\/wp\/v2\/pages\/2528","targetHints":{"allow":["GET"]}}],"collection":[{"href":"https:\/\/metaverseweb.cloud\/es\/wp-json\/wp\/v2\/pages"}],"about":[{"href":"https:\/\/metaverseweb.cloud\/es\/wp-json\/wp\/v2\/types\/page"}],"author":[{"embeddable":true,"href":"https:\/\/metaverseweb.cloud\/es\/wp-json\/wp\/v2\/users\/1"}],"replies":[{"embeddable":true,"href":"https:\/\/metaverseweb.cloud\/es\/wp-json\/wp\/v2\/comments?post=2528"}],"version-history":[{"count":1,"href":"https:\/\/metaverseweb.cloud\/es\/wp-json\/wp\/v2\/pages\/2528\/revisions"}],"predecessor-version":[{"id":2529,"href":"https:\/\/metaverseweb.cloud\/es\/wp-json\/wp\/v2\/pages\/2528\/revisions\/2529"}],"wp:attachment":[{"href":"https:\/\/metaverseweb.cloud\/es\/wp-json\/wp\/v2\/media?parent=2528"}],"curies":[{"name":"wp","href":"https:\/\/api.w.org\/{rel}","templated":true}]}}