{"id":2490,"date":"2022-08-16T09:23:40","date_gmt":"2022-08-16T09:23:40","guid":{"rendered":"https:\/\/metaverseweb.cloud\/metaverso-en-su-sitio-web\/"},"modified":"2022-08-16T09:24:18","modified_gmt":"2022-08-16T09:24:18","slug":"metaverso-en-su-sitio-web","status":"publish","type":"page","link":"https:\/\/metaverseweb.cloud\/es\/metaverso-en-su-sitio-web\/","title":{"rendered":"Metaverso en su sitio web"},"content":{"rendered":"\n<h4 class=\"wp-block-heading\">Le ofrecemos una soluci\u00f3n completa para que pueda ver su propio metaverso en su sitio web<\/h4>\n\n<p>Si tienes dudas sobre c\u00f3mo generar un metaverso en tu web, no te preocupes, tenemos el software adecuado para ayudarte. Ofrecemos un servicio completo que le permitir\u00e1 ver su propio metaverso en su sitio web.<\/p>\n\n<h4 class=\"wp-block-heading\">\u00bfQu\u00e9 es el metaverso?<\/h4>\n\n<p>El metaverso es una herramienta que permite ver el contenido de su sitio web en un contexto diferente en 3D. Es decir, podr\u00e1s visualizarlo como si lo vieras directamente desde otro lugar. Esto puede ayudarle a mejorar la experiencia de navegaci\u00f3n y aumentar la visibilidad de su contenido. Adem\u00e1s, puede utilizar el metaverso para crear objetos en 3D de su maquinaria o productos y as\u00ed poder promocionar sus productos en su espacio virtual multiusuario.<\/p>\n\n<figure class=\"wp-block-image size-large\"><img loading=\"lazy\" decoding=\"async\" width=\"1024\" height=\"354\" src=\"https:\/\/metaverseweb.cloud\/wp-content\/uploads\/2022\/08\/7251036-1-1024x354.jpg\" alt=\"\" class=\"wp-image-2378\" srcset=\"https:\/\/metaverseweb.cloud\/wp-content\/uploads\/2022\/08\/7251036-1-300x104.jpg 300w, https:\/\/metaverseweb.cloud\/wp-content\/uploads\/2022\/08\/7251036-1-768x266.jpg 768w, https:\/\/metaverseweb.cloud\/wp-content\/uploads\/2022\/08\/7251036-1-1024x354.jpg 1024w, https:\/\/metaverseweb.cloud\/wp-content\/uploads\/2022\/08\/7251036-1-1536x532.jpg 1536w, https:\/\/metaverseweb.cloud\/wp-content\/uploads\/2022\/08\/7251036-1-2048x709.jpg 2048w\" sizes=\"auto, (max-width: 1024px) 100vw, 1024px\" \/><\/figure>\n\n<h4 class=\"wp-block-heading\">\u00bfC\u00f3mo funciona el metaverso?<\/h4>\n\n<p>El metaverso es una herramienta que ofrecemos para que pueda ver su propio metaverso en su sitio web. Para utilizarlo, ni usted ni sus visitantes necesitan tenerlo instalado. El metaverso es accesible desde cualquier plataforma, en cualquier momento y desde cualquier lugar.<\/p>\n\n<p>Las ventajas del Metaverso<\/p>\n\n<p>Los metaversos son una herramienta \u00fatil que puede ayudar a los sitios web a mejorar su visibilidad en las b\u00fasquedas y, por tanto, su negocio. Los beneficios del metaverso incluyen:<\/p>\n\n<ol class=\"wp-block-list\"><li>mejora de la clasificaci\u00f3n de la p\u00e1gina en la b\u00fasqueda. El metaverso permite al visitante ver sus servicios, maquinaria o productos en cualquier sitio web, aunque est\u00e9 fuera del sitio original. Esto permite a la p\u00e1gina saber qui\u00e9n es el cliente ideal y aparecer en las primeras posiciones de las b\u00fasquedas.<\/li><li>Aumento del tr\u00e1fico directo a trav\u00e9s de la p\u00e1gina. El metaverso proporciona a los sitios web una imagen m\u00e1s atractiva, lo que les permite aumentar considerablemente el tr\u00e1fico directo.<\/li><\/ol>\n\n<figure class=\"wp-block-image size-large is-resized\"><img loading=\"lazy\" decoding=\"async\" src=\"https:\/\/metaverseweb.cloud\/wp-content\/uploads\/2022\/08\/3250-1024x512.jpg\" alt=\"\" class=\"wp-image-2465\" width=\"802\" height=\"401\" srcset=\"https:\/\/metaverseweb.cloud\/wp-content\/uploads\/2022\/08\/3250-300x150.jpg 300w, https:\/\/metaverseweb.cloud\/wp-content\/uploads\/2022\/08\/3250-768x384.jpg 768w, https:\/\/metaverseweb.cloud\/wp-content\/uploads\/2022\/08\/3250-1024x512.jpg 1024w, https:\/\/metaverseweb.cloud\/wp-content\/uploads\/2022\/08\/3250-1536x768.jpg 1536w, https:\/\/metaverseweb.cloud\/wp-content\/uploads\/2022\/08\/3250-2048x1024.jpg 2048w\" sizes=\"auto, (max-width: 802px) 100vw, 802px\" \/><\/figure>\n\n<h4 class=\"wp-block-heading\">El procedimiento para crear el Metaverso<\/h4>\n\n<p>Si busca una forma f\u00e1cil de crear su propio metaverso en su sitio web, le ofrecemos un procedimiento sencillo, completo y llave en mano. Nos encargamos de todo.<\/p>\n\n<p>El metaverso es una herramienta que ofrece una visi\u00f3n global de la web, permitiendo a los usuarios ver su propia imagen reflejada en otros sitios web. Esto le ayuda a mejorar el posicionamiento de su sitio web, as\u00ed como a conseguir m\u00e1s visitantes.<\/p>\n\n<h3 class=\"wp-block-heading\">Conclusiones<\/h3>\n\n<p>Los metaversos son una herramienta muy \u00fatil para la creaci\u00f3n de contenidos en un sitio web, ya que permiten a los usuarios ver su propio perfil como usuario de otros sitios web. En Metaverse web le ofrecemos una soluci\u00f3n completa para que pueda utilizar Metaverse en su sitio web. La soluci\u00f3n \u00abllave en mano\u00bb es la mejor opci\u00f3n para usted.<\/p>\n\n<p>Si est\u00e1 interesado en utilizar este servicio, le recomendamos que se ponga en contacto con nuestra empresa para realizar las consultas necesarias.<br\/><\/p>\n","protected":false},"excerpt":{"rendered":"<p>Le ofrecemos una soluci\u00f3n completa para que pueda ver su propio metaverso en su sitio web Si tienes dudas sobre c\u00f3mo generar un metaverso en tu web, no te preocupes, tenemos el software adecuado para ayudarte. Ofrecemos un servicio completo que le permitir\u00e1 ver su propio metaverso en su sitio web. \u00bfQu\u00e9 es el metaverso? &hellip;<\/p>\n","protected":false},"author":1,"featured_media":0,"parent":0,"menu_order":0,"comment_status":"closed","ping_status":"closed","template":"","meta":{"_genesis_hide_title":false,"_genesis_hide_breadcrumbs":false,"_genesis_hide_singular_image":false,"_genesis_hide_footer_widgets":false,"_genesis_custom_body_class":"","_genesis_custom_post_class":"","_genesis_layout":"","footnotes":""},"class_list":{"1":"page","2":"type-page","5":"entry"},"acf":[],"_links":{"self":[{"href":"https:\/\/metaverseweb.cloud\/es\/wp-json\/wp\/v2\/pages\/2490","targetHints":{"allow":["GET"]}}],"collection":[{"href":"https:\/\/metaverseweb.cloud\/es\/wp-json\/wp\/v2\/pages"}],"about":[{"href":"https:\/\/metaverseweb.cloud\/es\/wp-json\/wp\/v2\/types\/page"}],"author":[{"embeddable":true,"href":"https:\/\/metaverseweb.cloud\/es\/wp-json\/wp\/v2\/users\/1"}],"replies":[{"embeddable":true,"href":"https:\/\/metaverseweb.cloud\/es\/wp-json\/wp\/v2\/comments?post=2490"}],"version-history":[{"count":1,"href":"https:\/\/metaverseweb.cloud\/es\/wp-json\/wp\/v2\/pages\/2490\/revisions"}],"predecessor-version":[{"id":2493,"href":"https:\/\/metaverseweb.cloud\/es\/wp-json\/wp\/v2\/pages\/2490\/revisions\/2493"}],"wp:attachment":[{"href":"https:\/\/metaverseweb.cloud\/es\/wp-json\/wp\/v2\/media?parent=2490"}],"curies":[{"name":"wp","href":"https:\/\/api.w.org\/{rel}","templated":true}]}}