{"id":2351,"date":"2022-08-16T08:26:14","date_gmt":"2022-08-16T08:26:14","guid":{"rendered":"https:\/\/metaverseweb.cloud\/metaverso-de-marca-blanca\/"},"modified":"2022-08-16T08:55:04","modified_gmt":"2022-08-16T08:55:04","slug":"metaverso-de-marca-blanca","status":"publish","type":"page","link":"https:\/\/metaverseweb.cloud\/es\/metaverso-de-marca-blanca\/","title":{"rendered":"Metaverso de marca blanca"},"content":{"rendered":"\n<div class=\"wp-block-media-text alignwide is-stacked-on-mobile\"><figure class=\"wp-block-media-text__media\"><img loading=\"lazy\" decoding=\"async\" width=\"1024\" height=\"576\" src=\"https:\/\/metaverseweb.cloud\/wp-content\/uploads\/2022\/08\/AdobeStock_493185086-1024x576.jpeg\" alt=\"\" class=\"wp-image-2029 size-full\" srcset=\"https:\/\/metaverseweb.cloud\/wp-content\/uploads\/2022\/08\/AdobeStock_493185086-300x169.jpeg 300w, https:\/\/metaverseweb.cloud\/wp-content\/uploads\/2022\/08\/AdobeStock_493185086-768x432.jpeg 768w, https:\/\/metaverseweb.cloud\/wp-content\/uploads\/2022\/08\/AdobeStock_493185086-1024x576.jpeg 1024w, https:\/\/metaverseweb.cloud\/wp-content\/uploads\/2022\/08\/AdobeStock_493185086-1536x864.jpeg 1536w, https:\/\/metaverseweb.cloud\/wp-content\/uploads\/2022\/08\/AdobeStock_493185086-2048x1152.jpeg 2048w\" sizes=\"auto, (max-width: 1024px) 100vw, 1024px\" \/><\/figure><div class=\"wp-block-media-text__content\">\n<h3 class=\"is-style-subheading wp-block-heading\">Metaverso de marca blanca o URL personalizada<\/h3>\n\n\n\n<p>Los metaversos de marca blanca o metaversos con dominios (URL) personalizables es algo en lo que nos hemos especializado, creemos que todo el mundo deber\u00eda tener su propio metaverso como complemento necesario a nuestra web, por eso desarrollamos estos metaversos propios para usted.<br\/>Somos pioneros en este sentido, as\u00ed que aproveche y sea pionero en su sector a\u00f1adiendo el metaverso a su sitio web y ofreciendo una experiencia totalmente inmersiva.<\/p>\n<\/div><\/div>\n\n<div style=\"height:100px\" aria-hidden=\"true\" class=\"wp-block-spacer\"><\/div>\n\n<div class=\"wp-block-media-text alignwide has-media-on-the-right is-stacked-on-mobile\"><figure class=\"wp-block-media-text__media\"><img loading=\"lazy\" decoding=\"async\" width=\"1024\" height=\"640\" src=\"https:\/\/metaverseweb.cloud\/wp-content\/uploads\/2022\/08\/AdobeStock_474895629-1024x640.jpeg\" alt=\"\" class=\"wp-image-2014 size-full\" srcset=\"https:\/\/metaverseweb.cloud\/wp-content\/uploads\/2022\/08\/AdobeStock_474895629-300x188.jpeg 300w, https:\/\/metaverseweb.cloud\/wp-content\/uploads\/2022\/08\/AdobeStock_474895629-768x480.jpeg 768w, https:\/\/metaverseweb.cloud\/wp-content\/uploads\/2022\/08\/AdobeStock_474895629-1024x640.jpeg 1024w, https:\/\/metaverseweb.cloud\/wp-content\/uploads\/2022\/08\/AdobeStock_474895629-1536x960.jpeg 1536w, https:\/\/metaverseweb.cloud\/wp-content\/uploads\/2022\/08\/AdobeStock_474895629-2048x1280.jpeg 2048w\" sizes=\"auto, (max-width: 1024px) 100vw, 1024px\" \/><\/figure><div class=\"wp-block-media-text__content\">\n<h3 class=\"wp-block-heading\">El metaverso es una parte fundamental de la marca corporativa<\/h3>\n\n\n\n<p>Hoy en d\u00eda, el branding es una parte fundamental de la marca empresarial. Para generar confianza y atraer a los clientes, es necesario replicar o mejorar el estilo visual de una empresa en todos los canales posibles: web, medios sociales, vallas publicitarias y encuestas de opini\u00f3n.<br\/>Como parte de este proceso, es habitual que las empresas lleven la marca blanca del metaverso. Es decir, cambian el dise\u00f1o para adaptarlo a las distintas plataformas y siguen conociendo las preferencias de sus clientes. Sin embargo, existen varias complicaciones a la hora de realizar un metaverso con \u00e9xito: la falta de experiencia en la materia, no saber utilizar las herramientas adecuadas o quedarse estancado en un desarrollo previamente establecido.<\/p>\n<\/div><\/div>\n\n<div style=\"height:100px\" aria-hidden=\"true\" class=\"wp-block-spacer\"><\/div>\n\n<div class=\"wp-block-media-text alignwide is-stacked-on-mobile is-vertically-aligned-center\"><figure class=\"wp-block-media-text__media\"><img loading=\"lazy\" decoding=\"async\" width=\"1024\" height=\"1024\" src=\"https:\/\/metaverseweb.cloud\/wp-content\/uploads\/2022\/08\/Kerfin7_NEA_2477-1024x1024.jpg\" alt=\"\" class=\"wp-image-2327 size-full\" srcset=\"https:\/\/metaverseweb.cloud\/wp-content\/uploads\/2022\/08\/Kerfin7_NEA_2477-80x80.jpg 80w, https:\/\/metaverseweb.cloud\/wp-content\/uploads\/2022\/08\/Kerfin7_NEA_2477-150x150.jpg 150w, https:\/\/metaverseweb.cloud\/wp-content\/uploads\/2022\/08\/Kerfin7_NEA_2477-300x300.jpg 300w, https:\/\/metaverseweb.cloud\/wp-content\/uploads\/2022\/08\/Kerfin7_NEA_2477-768x768.jpg 768w, https:\/\/metaverseweb.cloud\/wp-content\/uploads\/2022\/08\/Kerfin7_NEA_2477-1024x1024.jpg 1024w, https:\/\/metaverseweb.cloud\/wp-content\/uploads\/2022\/08\/Kerfin7_NEA_2477-1536x1536.jpg 1536w, https:\/\/metaverseweb.cloud\/wp-content\/uploads\/2022\/08\/Kerfin7_NEA_2477-2048x2048.jpg 2048w\" sizes=\"auto, (max-width: 1024px) 100vw, 1024px\" \/><\/figure><div class=\"wp-block-media-text__content\">\n<h3 class=\"wp-block-heading\">Soluci\u00f3n AR\/VR para su pr\u00f3ximo evento o lanzamiento de producto<\/h3>\n\n\n\n<p>Si est\u00e1 buscando una soluci\u00f3n de RA\/VR para su pr\u00f3ximo evento o lanzamiento de producto, no busque m\u00e1s, p\u00f3ngase en contacto con nosotros y crearemos para usted el Metaverso de Marca Blanca. Esta potente herramienta le permite romper los l\u00edmites de la creatividad ofreciendo a sus usuarios un entorno 3D en un planeta digital tridimensional, mucho m\u00e1s bello que nuestro cielo azul.<\/p>\n\n\n\n<p>Metaverse web crear\u00e1 un metaverso de marca blanca para usted y nosotros le ayudaremos y nos encargaremos de todo para que sus usuarios no tengan problemas. Nuestra soluci\u00f3n incluye la creaci\u00f3n de un metaverso dentro del sitio web y mucho m\u00e1s sin salir de su propia URL.<\/p>\n\n\n\n<p><br\/><\/p>\n<\/div><\/div>\n\n<div style=\"height:100px\" aria-hidden=\"true\" class=\"wp-block-spacer\"><\/div>\n\n<div class=\"wp-block-media-text alignwide has-media-on-the-right is-stacked-on-mobile is-vertically-aligned-center\"><figure class=\"wp-block-media-text__media\"><img loading=\"lazy\" decoding=\"async\" width=\"1024\" height=\"1024\" src=\"https:\/\/metaverseweb.cloud\/wp-content\/uploads\/2022\/08\/4136918-1024x1024.jpg\" alt=\"\" class=\"wp-image-2443 size-full\" srcset=\"https:\/\/metaverseweb.cloud\/wp-content\/uploads\/2022\/08\/4136918-80x80.jpg 80w, https:\/\/metaverseweb.cloud\/wp-content\/uploads\/2022\/08\/4136918-150x150.jpg 150w, https:\/\/metaverseweb.cloud\/wp-content\/uploads\/2022\/08\/4136918-300x300.jpg 300w, https:\/\/metaverseweb.cloud\/wp-content\/uploads\/2022\/08\/4136918-768x768.jpg 768w, https:\/\/metaverseweb.cloud\/wp-content\/uploads\/2022\/08\/4136918-1024x1024.jpg 1024w, https:\/\/metaverseweb.cloud\/wp-content\/uploads\/2022\/08\/4136918-1536x1536.jpg 1536w, https:\/\/metaverseweb.cloud\/wp-content\/uploads\/2022\/08\/4136918.jpg 2000w\" sizes=\"auto, (max-width: 1024px) 100vw, 1024px\" \/><\/figure><div class=\"wp-block-media-text__content\">\n<h3 class=\"wp-block-heading\">Metaverso de marca blanca<\/h3>\n\n\n\n<p>El metaverso de marca blanca es un programa desarrollado por nosotros para facilitar el acompa\u00f1amiento digital de entornos 3D.<\/p>\n\n\n\n<p>En el proceso de construcci\u00f3n de entornos 3D, podemos dise\u00f1ar objetos y a\u00f1adirlos a nuestro mundo. Tambi\u00e9n podemos invitar a otros a visitar nuestra vida virtual e interactuar con nosotros.<\/p>\n\n\n\n<p>\u00bfPor qu\u00e9 un software metaverso de marca blanca es la mejor opci\u00f3n?<\/p>\n\n\n\n<p>En la actualidad, el software ofrece a los clientes un entorno virtual para que puedan afinar las caracter\u00edsticas de la f\u00e1brica, la sala de exposici\u00f3n o el servicio a trav\u00e9s de un mundo totalmente libre en el que no les afecta nada de lo que encuentran en \u00e9l.<\/p>\n\n\n\n<p><br\/><\/p>\n<\/div><\/div>\n\n<div class=\"wp-block-media-text alignwide is-stacked-on-mobile is-vertically-aligned-center\"><figure class=\"wp-block-media-text__media\"><img loading=\"lazy\" decoding=\"async\" width=\"1024\" height=\"1024\" src=\"https:\/\/metaverseweb.cloud\/wp-content\/uploads\/2022\/08\/people-shaking-hands-in-business-agreement-background-1024x1024.jpg\" alt=\"\" class=\"wp-image-2433 size-full\" srcset=\"https:\/\/metaverseweb.cloud\/wp-content\/uploads\/2022\/08\/people-shaking-hands-in-business-agreement-background-80x80.jpg 80w, https:\/\/metaverseweb.cloud\/wp-content\/uploads\/2022\/08\/people-shaking-hands-in-business-agreement-background-150x150.jpg 150w, https:\/\/metaverseweb.cloud\/wp-content\/uploads\/2022\/08\/people-shaking-hands-in-business-agreement-background-300x300.jpg 300w, https:\/\/metaverseweb.cloud\/wp-content\/uploads\/2022\/08\/people-shaking-hands-in-business-agreement-background-768x768.jpg 768w, https:\/\/metaverseweb.cloud\/wp-content\/uploads\/2022\/08\/people-shaking-hands-in-business-agreement-background-1024x1024.jpg 1024w, https:\/\/metaverseweb.cloud\/wp-content\/uploads\/2022\/08\/people-shaking-hands-in-business-agreement-background-1536x1536.jpg 1536w, https:\/\/metaverseweb.cloud\/wp-content\/uploads\/2022\/08\/people-shaking-hands-in-business-agreement-background-2048x2048.jpg 2048w\" sizes=\"auto, (max-width: 1024px) 100vw, 1024px\" \/><\/figure><div class=\"wp-block-media-text__content\">\n<h3 class=\"wp-block-heading\">\u00bfDesarrollar metaversos para sus clientes?<\/h3>\n\n\n\n<p>\u00bfQuiere desarrollar metaversos para sus clientes?  <\/p>\n\n\n\n<p>Nosotros le ofrecemos \u00abllave en mano\u00bb, hacemos todo el trabajo por usted y usted lo revende a sus clientes.<br\/>Si quiere desarrollar metaversos para sus clientes, le ofrecemos una soluci\u00f3n llave en mano. Podemos ayudarle a desarrollar metaversos para que sus clientes promocionen su marca y generen negocio a trav\u00e9s de los metaversos.  <\/p>\n\n\n\n<p>Hacemos todo el trabajo por usted, as\u00ed que no dude en ponerse en contacto con nosotros. Le damos la confianza de que esto har\u00e1 felices a sus clientes.<\/p>\n\n\n\n<p><br\/><\/p>\n<\/div><\/div>\n\n<div class=\"wp-block-buttons is-content-justification-center is-layout-flex wp-container-core-buttons-is-layout-16018d1d wp-block-buttons-is-layout-flex\">\n<div class=\"wp-block-button\"><a class=\"wp-block-button__link button\" href=\"https:\/\/metaverseweb.cloud\/es\/contacte-con\/\">Contacte con<\/a><\/div>\n<\/div>\n","protected":false},"excerpt":{"rendered":"<p>Metaverso de marca blanca o URL personalizada Los metaversos de marca blanca o metaversos con dominios (URL) personalizables es algo en lo que nos hemos especializado, creemos que todo el mundo deber\u00eda tener su propio metaverso como complemento necesario a nuestra web, por eso desarrollamos estos metaversos propios para usted.Somos pioneros en este sentido, as\u00ed &hellip;<\/p>\n","protected":false},"author":1,"featured_media":0,"parent":0,"menu_order":0,"comment_status":"closed","ping_status":"closed","template":"","meta":{"_genesis_hide_title":false,"_genesis_hide_breadcrumbs":false,"_genesis_hide_singular_image":false,"_genesis_hide_footer_widgets":false,"_genesis_custom_body_class":"","_genesis_custom_post_class":"","_genesis_layout":"","footnotes":""},"class_list":{"1":"page","2":"type-page","5":"entry"},"acf":[],"_links":{"self":[{"href":"https:\/\/metaverseweb.cloud\/es\/wp-json\/wp\/v2\/pages\/2351","targetHints":{"allow":["GET"]}}],"collection":[{"href":"https:\/\/metaverseweb.cloud\/es\/wp-json\/wp\/v2\/pages"}],"about":[{"href":"https:\/\/metaverseweb.cloud\/es\/wp-json\/wp\/v2\/types\/page"}],"author":[{"embeddable":true,"href":"https:\/\/metaverseweb.cloud\/es\/wp-json\/wp\/v2\/users\/1"}],"replies":[{"embeddable":true,"href":"https:\/\/metaverseweb.cloud\/es\/wp-json\/wp\/v2\/comments?post=2351"}],"version-history":[{"count":2,"href":"https:\/\/metaverseweb.cloud\/es\/wp-json\/wp\/v2\/pages\/2351\/revisions"}],"predecessor-version":[{"id":2462,"href":"https:\/\/metaverseweb.cloud\/es\/wp-json\/wp\/v2\/pages\/2351\/revisions\/2462"}],"wp:attachment":[{"href":"https:\/\/metaverseweb.cloud\/es\/wp-json\/wp\/v2\/media?parent=2351"}],"curies":[{"name":"wp","href":"https:\/\/api.w.org\/{rel}","templated":true}]}}