{"id":2144,"date":"2022-05-11T15:00:56","date_gmt":"2022-05-11T15:00:56","guid":{"rendered":"https:\/\/metaverseweb.cloud\/servicios\/"},"modified":"2022-08-16T10:35:41","modified_gmt":"2022-08-16T10:35:41","slug":"servicios","status":"publish","type":"page","link":"https:\/\/metaverseweb.cloud\/es\/servicios\/","title":{"rendered":"Servicios"},"content":{"rendered":"<div class=\"wp-block-group alignfull has-lg-content-width has-lg-padding-top has-md-padding-bottom\"><div class=\"wp-block-group__inner-container is-layout-flow wp-block-group-is-layout-flow\"><div class=\"mai-columns\"><div class=\"mai-columns-wrap has-columns\" style=\"--column-gap:var(--spacing-xxxl);--row-gap:var(--spacing-xxxl);--align-columns:initial;--align-columns-vertical:initial;\">\n<div class=\"mai-column is-column\" style=\"--columns-xs:1\/1;--flex-xs:0 0 var(--flex-basis);--columns-sm:1\/2;--flex-sm:0 0 var(--flex-basis);--columns-md:1\/2;--flex-md:0 0 var(--flex-basis);--columns-lg:1\/2;--flex-lg:0 0 var(--flex-basis);--justify-content:initial;\">\n\n<h3 class=\"wp-block-heading\">Soluci\u00f3n completa para que pueda ver su propio metaverso en su sitio web<\/h3>\n\n\n\n<p>Somos una plataforma basada en la nube para experiencias 3D totalmente inmersivas que recrean interacciones y entornos de la vida real. Al reimaginar la forma de trabajar de las personas, nuestra respuesta al metaverso empresarial permite que colegas y clientes se encuentren cara a cara en un mundo digital interconectado en cualquier momento, desde cualquier lugar del mundo y a trav\u00e9s de cualquier dispositivo, de modo que los visitantes de su web pueden ver sus productos, maquinaria o servicios en el metaverso sin salir de su sitio web.  <\/p>\n\n\n\n<p><a href=\"https:\/\/metaverseweb.cloud\/es\/metaverso-en-su-sitio-web\/\" data-type=\"URL\" data-id=\"https:\/\/metaverseweb.cloud\/metaverse-into-your-website\/\">m\u00e1s informaci\u00f3n.<\/a><\/p>\n\n<\/div>\n\n<div class=\"mai-column is-column\" style=\"--columns-xs:1\/1;--flex-xs:0 0 var(--flex-basis);--columns-sm:1\/2;--flex-sm:0 0 var(--flex-basis);--columns-md:1\/2;--flex-md:0 0 var(--flex-basis);--columns-lg:1\/2;--flex-lg:0 0 var(--flex-basis);--justify-content:initial;--order-xs:-1;--order-sm:-1;\">\n\n<figure class=\"wp-block-image size-large\"><a href=\"https:\/\/metaverseweb.cloud\/es\/metaverso-en-su-sitio-web\/\"><img loading=\"lazy\" decoding=\"async\" width=\"684\" height=\"1024\" src=\"https:\/\/metaverseweb.cloud\/wp-content\/uploads\/2022\/08\/AdobeStock_486695879-684x1024.jpeg\" alt=\"\" class=\"wp-image-1970\" srcset=\"https:\/\/metaverseweb.cloud\/wp-content\/uploads\/2022\/08\/AdobeStock_486695879-200x300.jpeg 200w, https:\/\/metaverseweb.cloud\/wp-content\/uploads\/2022\/08\/AdobeStock_486695879-684x1024.jpeg 684w, https:\/\/metaverseweb.cloud\/wp-content\/uploads\/2022\/08\/AdobeStock_486695879-768x1151.jpeg 768w, https:\/\/metaverseweb.cloud\/wp-content\/uploads\/2022\/08\/AdobeStock_486695879-1025x1536.jpeg 1025w, https:\/\/metaverseweb.cloud\/wp-content\/uploads\/2022\/08\/AdobeStock_486695879-1367x2048.jpeg 1367w, https:\/\/metaverseweb.cloud\/wp-content\/uploads\/2022\/08\/AdobeStock_486695879-scaled.jpeg 1709w\" sizes=\"auto, (max-width: 684px) 100vw, 684px\" \/><\/a><\/figure>\n\n<\/div>\n<\/div><\/div><\/div><\/div><div class=\"wp-block-group alignwide has-lg-content-width has-md-padding-top has-lg-padding-bottom\"><div class=\"wp-block-group__inner-container is-layout-flow wp-block-group-is-layout-flow\"><div class=\"mai-columns\"><div class=\"mai-columns-wrap has-columns\" style=\"--column-gap:var(--spacing-xxxl);--row-gap:var(--spacing-xxxl);--align-columns:initial;--align-columns-vertical:initial;\">\n<div class=\"mai-column is-column\" style=\"--columns-xs:1\/1;--flex-xs:0 0 var(--flex-basis);--columns-sm:1\/2;--flex-sm:0 0 var(--flex-basis);--columns-md:1\/2;--flex-md:0 0 var(--flex-basis);--columns-lg:1\/2;--flex-lg:0 0 var(--flex-basis);--justify-content:initial;\">\n\n<figure class=\"wp-block-image size-full is-resized\"><a href=\"https:\/\/metaverseweb.cloud\/es\/salas-de-exposicion-metaverso-web\/\"><img loading=\"lazy\" decoding=\"async\" src=\"https:\/\/metaverseweb.cloud\/wp-content\/uploads\/2022\/08\/descarga.jpg\" alt=\"\" class=\"wp-image-1980\" width=\"457\" height=\"291\"><\/a><\/figure>\n\n<\/div>\n\n<div class=\"mai-column is-column\" style=\"--columns-xs:1\/1;--flex-xs:0 0 var(--flex-basis);--columns-sm:1\/2;--flex-sm:0 0 var(--flex-basis);--columns-md:1\/2;--flex-md:0 0 var(--flex-basis);--columns-lg:1\/2;--flex-lg:0 0 var(--flex-basis);--justify-content:initial;\">\n\n<h3 class=\"wp-block-heading\"><strong>Salones<\/strong> metaverso<\/h3>\n\n\n\n<p>Utilice los espacios preconstruidos de nuestra plataforma o personalice sus propios entornos 3D en funci\u00f3n de las necesidades de su negocio, los elementos de marca de su empresa y sus ideas creativas. Sea cual sea el tipo de maquinaria o producto, podemos hacer que sus productos trasciendan en el mundo virtual con detalles realistas e intrincados. Los espacios de trabajo pueden ir desde simples cabinas de reuni\u00f3n para encuentros m\u00e1s peque\u00f1os hasta salas de juntas interactivas para grupos m\u00e1s grandes y todo lo dem\u00e1s.<br>Nuestra plataforma ofrece diferentes tipos de espacios, desde las salas de exposici\u00f3n tradicionales hasta las que se pueden construir en nuestro propio dominio virtual. Para conseguir un resultado \u00fanico para su empresa y que trascienda al mundo real, no dude en ponerse en contacto con nosotros.<\/p>\n\n\n\n<p><a href=\"https:\/\/metaverseweb.cloud\/es\/salas-de-exposicion-metaverso-web\/\" data-type=\"URL\" data-id=\"https:\/\/metaverseweb.cloud\/showrooms-metaverse-web\/\">M\u00e1s informaci\u00f3n.<\/a><\/p>\n\n<\/div>\n<\/div><\/div><\/div><\/div><div class=\"wp-block-group alignfull is-content-justification-center is-nowrap is-layout-flex wp-container-core-group-is-layout-94bc23d7 wp-block-group-is-layout-flex has-lg-content-width has-md-padding-top has-lg-padding-bottom\"><div class=\"mai-columns\"><div class=\"mai-columns-wrap has-columns\" style=\"--column-gap:var(--spacing-xxxl);--row-gap:var(--spacing-xxxl);--align-columns:initial;--align-columns-vertical:initial;\">\n<div class=\"mai-column is-column\" style=\"--columns-xs:1\/1;--flex-xs:0 0 var(--flex-basis);--columns-sm:1\/2;--flex-sm:0 0 var(--flex-basis);--columns-md:1\/2;--flex-md:0 0 var(--flex-basis);--columns-lg:1\/2;--flex-lg:0 0 var(--flex-basis);--justify-content:initial;\">\n\n<figure class=\"wp-block-image size-full is-resized\"><a href=\"https:\/\/metaverseweb.cloud\/es\/ferias-conferencias-y-encuentros-en-el-metaverso\/\"><img loading=\"lazy\" decoding=\"async\" src=\"https:\/\/metaverseweb.cloud\/wp-content\/uploads\/2022\/08\/feria.jpg\" alt=\"\" class=\"wp-image-2000\" width=\"459\" height=\"257\"><\/a><\/figure>\n\n\n\n<figure class=\"wp-block-image size-full is-resized\"><a href=\"https:\/\/metaverseweb.cloud\/es\/ferias-conferencias-y-encuentros-en-el-metaverso\/\"><img loading=\"lazy\" decoding=\"async\" src=\"https:\/\/metaverseweb.cloud\/wp-content\/uploads\/2022\/08\/congresos.jpg\" alt=\"\" class=\"wp-image-1990\" width=\"459\" height=\"257\"><\/a><\/figure>\n\n<\/div>\n\n<div class=\"mai-column is-column\" style=\"--columns-xs:1\/1;--flex-xs:0 0 var(--flex-basis);--columns-sm:1\/2;--flex-sm:0 0 var(--flex-basis);--columns-md:1\/2;--flex-md:0 0 var(--flex-basis);--columns-lg:1\/2;--flex-lg:0 0 var(--flex-basis);--justify-content:initial;\">\n\n<h3 class=\"wp-block-heading\"><strong>Ferias, conferencias y reuniones<\/strong><\/h3>\n\n\n\n<p>Los entornos virtuales de nuestra plataforma, construidos a escala bas\u00e1ndose en las grandes salas de exposici\u00f3n de todo el mundo o como salas de exposici\u00f3n de productos convencionales, har\u00e1n que los asistentes y los expositores se sientan totalmente inmersos. Sus invitados sentir\u00e1n que han estado aqu\u00ed antes, gracias a los detalles reales que esculpimos en cada espacio que dise\u00f1amos. Disponemos de espacios est\u00e1ndar preconstruidos, as\u00ed como de opciones m\u00e1s personalizadas.<br>Los metaversos nos permiten dise\u00f1ar espacios para una feria, ofreciendo un entorno amenazante y potenciador. Los hu\u00e9spedes tendr\u00e1n la sensaci\u00f3n de estar en el lugar adecuado gracias a las m\u00e1quinas que utilizaremos para recrear la realidad. Podemos crear un entorno virtual basado en los aspectos importantes de la feria, como el terreno, las personas o los objetos. Tambi\u00e9n podemos combinar estas m\u00e1quinas con otros elementos para crear un entorno completamente original.<a href=\"https:\/\/metaverseweb.cloud\/es\/ferias-conferencias-y-encuentros-en-el-metaverso\/\"> <\/a><\/p>\n\n\n\n<p><a href=\"https:\/\/metaverseweb.cloud\/es\/ferias-conferencias-y-encuentros-en-el-metaverso\/\">M\u00e1s informaci\u00f3n.<\/a><\/p>\n\n<\/div>\n<\/div><\/div><\/div>\n<div class=\"wp-block-media-text alignwide has-media-on-the-right is-stacked-on-mobile\"><figure class=\"wp-block-media-text__media\"><a href=\"https:\/\/metaverseweb.cloud\/es\/metaverso-de-marca-blanca\/\"><img loading=\"lazy\" decoding=\"async\" width=\"1024\" height=\"683\" src=\"https:\/\/metaverseweb.cloud\/wp-content\/uploads\/2022\/08\/AdobeStock_498683337-1024x683.jpeg\" alt=\"\" class=\"wp-image-1952 size-full\" srcset=\"https:\/\/metaverseweb.cloud\/wp-content\/uploads\/2022\/08\/AdobeStock_498683337-300x200.jpeg 300w, https:\/\/metaverseweb.cloud\/wp-content\/uploads\/2022\/08\/AdobeStock_498683337-768x512.jpeg 768w, https:\/\/metaverseweb.cloud\/wp-content\/uploads\/2022\/08\/AdobeStock_498683337-1024x683.jpeg 1024w, https:\/\/metaverseweb.cloud\/wp-content\/uploads\/2022\/08\/AdobeStock_498683337-1536x1024.jpeg 1536w, https:\/\/metaverseweb.cloud\/wp-content\/uploads\/2022\/08\/AdobeStock_498683337-2048x1365.jpeg 2048w\" sizes=\"auto, (max-width: 1024px) 100vw, 1024px\" \/><\/a><\/figure><div class=\"wp-block-media-text__content\">\n<h3 class=\"wp-block-heading\">Los metaversos de marca blanca o los metaversos con dominios (URL) personalizables son nuestra especialidad.<\/h3>\n\n\n\n<p>El t\u00e9rmino metaverso se utiliza para describir una red de redes sociales donde todos los miembros interact\u00faan entre s\u00ed. La forma en que cada persona define la red afecta a la forma en que la ver\u00e1n los dem\u00e1s usuarios. El objetivo de los metaversos es el intercambio de opiniones e informaci\u00f3n.<br\/>Los metaversos pueden ser generados por una marca o por un usuario individual. Los metaversos de dominio permiten a cada usuario crear su propio mundo dentro de su propia URL. Esto da a cada persona la oportunidad de controlar el contenido y la publicidad que se muestra en \u00e9l.<\/p>\n\n\n\n<p><a href=\"https:\/\/metaverseweb.cloud\/es\/metaverso-de-marca-blanca\/\" data-type=\"URL\" data-id=\"https:\/\/metaverseweb.cloud\/white-label-metaverse\/\">M\u00e1s informaci\u00f3n.<\/a><\/p>\n<\/div><\/div>\n<div class=\"wp-block-group alignfull has-alt-background-color has-background has-light-background has-lg-content-width has-lg-padding-top has-lg-padding-bottom\"><div class=\"wp-block-group__inner-container is-layout-flow wp-block-group-is-layout-flow\">\n<h2 class=\"has-text-align-center wp-block-heading\">Qu\u00e9 ofrecemos<\/h2>\n\n\n<p class=\"has-text-align-center has-sm-max-width has-xxxl-margin-bottom\"><strong>La mayor\u00eda de las veces, cuando lanzamos un nuevo producto o maquinaria, nuestros clientes s\u00f3lo reciben algunos elementos como folletos en pdf, v\u00eddeos o im\u00e1genes del propio producto o maquinaria y sus caracter\u00edsticas. Si quiere que los visitantes de su p\u00e1gina web puedan ver su producto en 3 dimensiones dentro de su mundo virtual privado ofreciendo la posibilidad de interactuar con el equipo responsable del nuevo producto o maquinaria no dude en contactar con nosotros aqu\u00ed.<\/strong><\/p>\n\n\n<div class=\"wp-block-group\"><div class=\"wp-block-group__inner-container is-layout-flow wp-block-group-is-layout-flow\">\n<div class=\"wp-block-columns is-layout-flex wp-container-core-columns-is-layout-9d6595d7 wp-block-columns-is-layout-flex\">\n<div class=\"wp-block-column is-layout-flow wp-block-column-is-layout-flow\" style=\"flex-basis:100%\">\n<ul class=\"wp-block-list\"><li>Metaverso personalizado integrado en su URL.<\/li><li>Su maquinaria o productos renderizados en 3D dentro de su URL.<\/li><li>Disponible desde cualquier plataforma, ordenador o m\u00f3vil.<\/li><li>Cientos de personas simult\u00e1neamente gracias a nuestros servidores escalables para el metaverso.<\/li><li>Avatares configurables.<\/li><li>Registro de visitantes.<\/li><li>Interacci\u00f3n en tiempo real con sus clientes potenciales.<\/li><li>Amplia biblioteca de escenarios disponibles y sin coste de desarrollo. o desarrollamos su propio escenario.<\/li><li>Llave en mano, nos encargamos de todo, desde la puesta en marcha hasta el mantenimiento posterior.<\/li><li>Accesible desde una URL, sin necesidad de descargar o instalar nada.<\/li><li>Puede hablar y charlar con sus clientes.<\/li><li>Servidores escalables seg\u00fan las necesidades en tiempo real. ideal para la presentaci\u00f3n de maquinaria o productos.<\/li><li>Mantenimiento continuo siempre disponible.<\/li><li>Contacte por correo electr\u00f3nico o por tel\u00e9fono directamente con el equipo de asistencia t\u00e9cnica.<\/li><\/ul>\n<\/div>\n<\/div>\n<\/div><\/div>\n<\/div><\/div>\n<figure class=\"wp-block-image size-large\"><img loading=\"lazy\" decoding=\"async\" width=\"1024\" height=\"354\" src=\"https:\/\/metaverseweb.cloud\/wp-content\/uploads\/2022\/08\/7251036-1-1024x354.jpg\" alt=\"\" class=\"wp-image-2378\" srcset=\"https:\/\/metaverseweb.cloud\/wp-content\/uploads\/2022\/08\/7251036-1-300x104.jpg 300w, https:\/\/metaverseweb.cloud\/wp-content\/uploads\/2022\/08\/7251036-1-768x266.jpg 768w, https:\/\/metaverseweb.cloud\/wp-content\/uploads\/2022\/08\/7251036-1-1024x354.jpg 1024w, https:\/\/metaverseweb.cloud\/wp-content\/uploads\/2022\/08\/7251036-1-1536x532.jpg 1536w, https:\/\/metaverseweb.cloud\/wp-content\/uploads\/2022\/08\/7251036-1-2048x709.jpg 2048w\" sizes=\"auto, (max-width: 1024px) 100vw, 1024px\" \/><\/figure>\n<div class=\"wp-block-group alignfull has-white-color has-heading-background-color has-text-color has-background has-dark-background has-sm-content-width has-lg-padding-top has-lg-padding-bottom\"><div class=\"wp-block-group__inner-container is-layout-flow wp-block-group-is-layout-flow\">\n<h2 class=\"has-text-align-center wp-block-heading\">\u00bfListo para empezar?<\/h2>\n\n\n<p class=\"has-text-align-center has-sm-max-width\"><strong>Rellene <\/strong>nuestro formulario de contacto con algunos detalles del proyecto y nos pondremos en contacto con usted en un plazo de 24 horas.<\/p>\n\n\n<div class=\"wp-block-buttons is-content-justification-center is-layout-flex wp-container-core-buttons-is-layout-16018d1d wp-block-buttons-is-layout-flex\">\n<div class=\"wp-block-button\"><a class=\"wp-block-button__link button\" href=\"https:\/\/metaverseweb.cloud\/es\/contacte-con\/\">Empezar a trabajar<\/a><\/div>\n<\/div>\n<\/div><\/div><div class=\"wp-block-group alignfull has-lg-content-width has-lg-padding-top has-lg-padding-bottom\"><div class=\"wp-block-group__inner-container is-layout-flow wp-block-group-is-layout-flow\">\n<h2 class=\"has-text-align-left wp-block-heading\">Por qu\u00e9 elegirnos<\/h2>\n\n\n<p class=\"has-text-align-left has-xxxl-margin-bottom\"><\/p><\/div><\/div>","protected":false},"excerpt":{"rendered":"<p>Los metaversos de marca blanca o los metaversos con dominios (URL) personalizables son nuestra especialidad. El t\u00e9rmino metaverso se utiliza para describir una red de redes sociales donde todos los miembros interact\u00faan entre s\u00ed. La forma en que cada persona define la red afecta a la forma en que la ver\u00e1n los dem\u00e1s usuarios. El &hellip;<\/p>\n","protected":false},"author":1,"featured_media":2023,"parent":0,"menu_order":0,"comment_status":"closed","ping_status":"closed","template":"","meta":{"_genesis_hide_title":false,"_genesis_hide_breadcrumbs":false,"_genesis_hide_singular_image":false,"_genesis_hide_footer_widgets":false,"_genesis_custom_body_class":"","_genesis_custom_post_class":"","_genesis_layout":"standard-content","footnotes":""},"class_list":{"1":"page","2":"type-page","6":"entry"},"acf":[],"_links":{"self":[{"href":"https:\/\/metaverseweb.cloud\/es\/wp-json\/wp\/v2\/pages\/2144","targetHints":{"allow":["GET"]}}],"collection":[{"href":"https:\/\/metaverseweb.cloud\/es\/wp-json\/wp\/v2\/pages"}],"about":[{"href":"https:\/\/metaverseweb.cloud\/es\/wp-json\/wp\/v2\/types\/page"}],"author":[{"embeddable":true,"href":"https:\/\/metaverseweb.cloud\/es\/wp-json\/wp\/v2\/users\/1"}],"replies":[{"embeddable":true,"href":"https:\/\/metaverseweb.cloud\/es\/wp-json\/wp\/v2\/comments?post=2144"}],"version-history":[{"count":12,"href":"https:\/\/metaverseweb.cloud\/es\/wp-json\/wp\/v2\/pages\/2144\/revisions"}],"predecessor-version":[{"id":2597,"href":"https:\/\/metaverseweb.cloud\/es\/wp-json\/wp\/v2\/pages\/2144\/revisions\/2597"}],"wp:featuredmedia":[{"embeddable":true,"href":"https:\/\/metaverseweb.cloud\/es\/wp-json\/wp\/v2\/media\/2023"}],"wp:attachment":[{"href":"https:\/\/metaverseweb.cloud\/es\/wp-json\/wp\/v2\/media?parent=2144"}],"curies":[{"name":"wp","href":"https:\/\/api.w.org\/{rel}","templated":true}]}}