{"id":2574,"date":"2022-08-16T10:30:47","date_gmt":"2022-08-16T10:30:47","guid":{"rendered":"https:\/\/metaverseweb.cloud\/messen-konferenzen-und-treffen-im-metaversum\/"},"modified":"2022-08-16T10:30:59","modified_gmt":"2022-08-16T10:30:59","slug":"messen-konferenzen-und-treffen-im-metaversum","status":"publish","type":"page","link":"https:\/\/metaverseweb.cloud\/de\/messen-konferenzen-und-treffen-im-metaversum\/","title":{"rendered":"Messen, Konferenzen und Treffen im Metaversum"},"content":{"rendered":"\n<h3 class=\"wp-block-heading\">Messen, Konferenzen und Treffen im Metaversum<\/h3>\n\n<p>Messen, Konferenzen oder Treffen sind eine hervorragende M\u00f6glichkeit, mit Menschen in Kontakt zu treten, die sich am selben Ort wie Sie befinden. Im Metaversum k\u00f6nnen Sie das Gleiche tun, aber unabh\u00e4ngig von Entfernung oder Zeit kann dies Ihnen helfen, Ihr Unternehmen zu konsolidieren oder sich auf dem Arbeitsmarkt zu positionieren. Aber wie soll man sie organisieren, wenn man kein Experte in der Metaverse-Erstellung ist? Kontaktieren Sie uns, damit Ihr Unternehmen wachsen kann.<\/p>\n\n<figure class=\"wp-block-image size-large\"><img loading=\"lazy\" decoding=\"async\" width=\"1024\" height=\"336\" src=\"https:\/\/metaverseweb.cloud\/wp-content\/uploads\/2022\/08\/1-1-1024x336.jpg\" alt=\"\" class=\"wp-image-2535\" srcset=\"https:\/\/metaverseweb.cloud\/wp-content\/uploads\/2022\/08\/1-1-300x98.jpg 300w, https:\/\/metaverseweb.cloud\/wp-content\/uploads\/2022\/08\/1-1-768x252.jpg 768w, https:\/\/metaverseweb.cloud\/wp-content\/uploads\/2022\/08\/1-1-1024x336.jpg 1024w, https:\/\/metaverseweb.cloud\/wp-content\/uploads\/2022\/08\/1-1-1536x504.jpg 1536w, https:\/\/metaverseweb.cloud\/wp-content\/uploads\/2022\/08\/1-1.jpg 1801w\" sizes=\"auto, (max-width: 1024px) 100vw, 1024px\" \/><\/figure>\n\n<h3 class=\"wp-block-heading\">Begegnungen im Metaversum<\/h3>\n\n<p>Messen, Konferenzen und Tagungen sind eine hervorragende M\u00f6glichkeit, Teammitglieder zusammenzubringen oder eine langfristige Zusammenarbeit zu beginnen. Sie sind eine gro\u00dfartige M\u00f6glichkeit, Kontakte zu kn\u00fcpfen und viel \u00fcber das behandelte Thema zu lernen. Es gibt zum Beispiel Messen, die der Bildung, der Wirtschaft, der Unterhaltung gewidmet sind&#8230; sie alle sind im Metaverse m\u00f6glich, Sie w\u00e4hlen das Thema und wir schaffen den Rahmen f\u00fcr Sie.<\/p>\n\n<p>Das Metaversum ist eine hervorragende M\u00f6glichkeit, mit anderen Fachleuten in Kontakt zu treten und Erfahrungen in Echtzeit und ohne das B\u00fcro zu verlassen auszutauschen. Deshalb ist es wichtig zu wissen, welches Unternehmen am besten geeignet ist, Ihr Metaverse zu entwickeln.<\/p>\n\n<p>Zuallererst m\u00fcssen wir den Zweck der Treffen ber\u00fccksichtigen. Wenn wir uns treffen wollen, um \u00fcber unsere Karriere zu sprechen oder einfach nur Meinungen auszutauschen, ist es besser, wenn es sich um richtige Veranstaltungen handelt. Wenn wir jedoch Gesch\u00e4fte machen wollen, brauchen wir einen Termin, an dem wir alle Teilnehmer versammeln k\u00f6nnen. In diesem Fall sind die Messen im Metaversum der ideale Ort. Die Leute sind eher bereit, an etwas teilzunehmen, f\u00fcr das sie das B\u00fcro nicht verlassen m\u00fcssen, wo jeder hingehen kann, wo keine Reisekosten anfallen, wo sie in Echtzeit interagieren k\u00f6nnen und wo sie viele Freunde in derselben Gegend treffen k\u00f6nnen.  <\/p>\n\n<figure class=\"wp-block-image size-full\"><img loading=\"lazy\" decoding=\"async\" width=\"801\" height=\"324\" src=\"https:\/\/metaverseweb.cloud\/wp-content\/uploads\/2022\/08\/2-1.jpg\" alt=\"\" class=\"wp-image-2545\" srcset=\"https:\/\/metaverseweb.cloud\/wp-content\/uploads\/2022\/08\/2-1-300x121.jpg 300w, https:\/\/metaverseweb.cloud\/wp-content\/uploads\/2022\/08\/2-1-768x311.jpg 768w, https:\/\/metaverseweb.cloud\/wp-content\/uploads\/2022\/08\/2-1.jpg 801w\" sizes=\"auto, (max-width: 801px) 100vw, 801px\" \/><\/figure>\n\n<h3 class=\"wp-block-heading\">Virtuelle Messen<\/h3>\n\n<p>Virtuelle Messen sind eine gute M\u00f6glichkeit, andere Menschen zu treffen und mehr zu erfahren, ohne das B\u00fcro zu verlassen. Konferenzen sind eine gute M\u00f6glichkeit, andere Fachleute zu treffen, und Treffen sind eine gute Gelegenheit, Ideen auszutauschen.<\/p>\n\n<p>Im Metaversum gibt es eine wachsende Zahl virtueller Messen, die eine einzigartige Gelegenheit bieten, andere Nutzer zu treffen und Erfahrungen auszutauschen. Messen von Angesicht zu Angesicht sind mit hohen Kosten verbunden, die wir eliminieren, indem wir sie in Ihrer 3D-Welt parallel zur Realit\u00e4t durchf\u00fchren. Dies bietet eine unglaubliche Vielseitigkeit, und Sie k\u00f6nnen sie mit den in 3D gerenderten Produkten organisieren, um einen gr\u00f6\u00dferen Realismus und eine gr\u00f6\u00dfere Interaktion zu erreichen, und das alles, ohne das B\u00fcro zu verlassen und ohne Ihre pers\u00f6nliche Ausr\u00fcstung und Ihr Material zu bewegen.  <\/p>\n\n<h3 class=\"wp-block-heading\">Konferenzen und Treffen im Metaversum<\/h3>\n\n<p>Messen, Konferenzen und Tagungen sind eine gute M\u00f6glichkeit, Zeit mit Freunden, Kollegen oder Kunden zu verbringen. Wenn Sie auf der Suche nach einem unterhaltsamen und unvergesslichen Treffen sind, ist eine Konferenz im Metaversum genau das Richtige f\u00fcr Sie. Dar\u00fcber hinaus k\u00f6nnen Begegnungen im Metaversum sehr n\u00fctzlich sein, um Ihre Marke als Unternehmen zu st\u00e4rken.<\/p>\n\n<p>Messen sind eine gute M\u00f6glichkeit f\u00fcr ein Gesch\u00e4ftstreffen oder den Austausch von Informationen \u00fcber die Branche. In der Regel handelt es sich um gro\u00dfe Feierlichkeiten, zu denen viele Arbeitgeber und sogar potenzielle Kunden eingeladen werden. Konferenzen sind eine weitere Art von Veranstaltung, die sich hervorragend f\u00fcr die Vernetzung mit anderen Fachleuten eignet. Sie werden von Universit\u00e4ten, Banken, Berufsverb\u00e4nden und anderen \u00f6ffentlichen und privaten Organisationen organisiert. Die meisten Konferenzen finden im Ausland statt.<\/p>\n\n<figure class=\"wp-block-image size-large\"><img loading=\"lazy\" decoding=\"async\" width=\"1024\" height=\"358\" src=\"https:\/\/metaverseweb.cloud\/wp-content\/uploads\/2022\/08\/22-1024x358.jpg\" alt=\"\" class=\"wp-image-2555\" srcset=\"https:\/\/metaverseweb.cloud\/wp-content\/uploads\/2022\/08\/22-300x105.jpg 300w, https:\/\/metaverseweb.cloud\/wp-content\/uploads\/2022\/08\/22-768x268.jpg 768w, https:\/\/metaverseweb.cloud\/wp-content\/uploads\/2022\/08\/22-1024x358.jpg 1024w, https:\/\/metaverseweb.cloud\/wp-content\/uploads\/2022\/08\/22-1536x537.jpg 1536w, https:\/\/metaverseweb.cloud\/wp-content\/uploads\/2022\/08\/22.jpg 1891w\" sizes=\"auto, (max-width: 1024px) 100vw, 1024px\" \/><\/figure>\n\n<h3 class=\"wp-block-heading\">Direkte Kontakte mit anderen Nutzern<\/h3>\n\n<p>Messen, Konferenzen und Treffen sind eine hervorragende M\u00f6glichkeit, mit anderen Nutzern\/Kunden in Kontakt zu treten. Man trifft sich, um \u00fcber interessante Themen zu sprechen und technische Erfahrungen mit Ihren Produkten auszutauschen. Es ist eine gute M\u00f6glichkeit, Kontakte zu kn\u00fcpfen, mehr \u00fcber sie zu erfahren und ganz allgemein unsere Kommunikation zu verbessern.<\/p>\n\n<p>Wenn Sie alle Einzelheiten \u00fcber eine Messe, eine Konferenz oder ein Treffen im Metaversum erfahren m\u00f6chten, z\u00f6gern Sie nicht, uns zu kontaktieren.  <\/p>\n\n<h3 class=\"wp-block-heading\">Schlussfolgerung<\/h3>\n\n<p>Wenn Sie in diesem Jahr eine Messe, eine Konferenz oder ein Meeting planen, ist es wichtig, dass Sie wissen, wie Sie sich darauf vorbereiten k\u00f6nnen. Wir laden Sie ein, diesen Beitrag zu lesen, um einige Tipps zusammenzustellen, die Ihnen helfen werden, sich zu organisieren und den Stress w\u00e4hrend der Feier zu reduzieren, da wir uns um alles k\u00fcmmern, von der Anpassung des Standes bis zum Servermanagement. Wir hoffen, dass diese Ideen dazu beitragen, dass Sie sich in den kompliziertesten Situationen selbstbewusster und souver\u00e4ner f\u00fchlen. Wie werden Sie sich auf Ihre Veranstaltungen vorbereiten k\u00f6nnen?<\/p>\n\n<figure class=\"wp-block-image size-large\"><img loading=\"lazy\" decoding=\"async\" width=\"1024\" height=\"354\" src=\"https:\/\/metaverseweb.cloud\/wp-content\/uploads\/2022\/08\/7251036-1-1024x354.jpg\" alt=\"\" class=\"wp-image-2378\" srcset=\"https:\/\/metaverseweb.cloud\/wp-content\/uploads\/2022\/08\/7251036-1-300x104.jpg 300w, https:\/\/metaverseweb.cloud\/wp-content\/uploads\/2022\/08\/7251036-1-768x266.jpg 768w, https:\/\/metaverseweb.cloud\/wp-content\/uploads\/2022\/08\/7251036-1-1024x354.jpg 1024w, https:\/\/metaverseweb.cloud\/wp-content\/uploads\/2022\/08\/7251036-1-1536x532.jpg 1536w, https:\/\/metaverseweb.cloud\/wp-content\/uploads\/2022\/08\/7251036-1-2048x709.jpg 2048w\" sizes=\"auto, (max-width: 1024px) 100vw, 1024px\" \/><\/figure>\n","protected":false},"excerpt":{"rendered":"<p>Messen, Konferenzen und Treffen im Metaversum Messen, Konferenzen oder Treffen sind eine hervorragende M\u00f6glichkeit, mit Menschen in Kontakt zu treten, die sich am selben Ort wie Sie befinden. Im Metaversum k\u00f6nnen Sie das Gleiche tun, aber unabh\u00e4ngig von Entfernung oder Zeit kann dies Ihnen helfen, Ihr Unternehmen zu konsolidieren oder sich auf dem Arbeitsmarkt zu &hellip;<\/p>\n","protected":false},"author":1,"featured_media":0,"parent":0,"menu_order":0,"comment_status":"closed","ping_status":"closed","template":"","meta":{"_genesis_hide_title":false,"_genesis_hide_breadcrumbs":false,"_genesis_hide_singular_image":false,"_genesis_hide_footer_widgets":false,"_genesis_custom_body_class":"","_genesis_custom_post_class":"","_genesis_layout":"","footnotes":""},"class_list":{"1":"page","2":"type-page","5":"entry"},"acf":[],"_links":{"self":[{"href":"https:\/\/metaverseweb.cloud\/de\/wp-json\/wp\/v2\/pages\/2574","targetHints":{"allow":["GET"]}}],"collection":[{"href":"https:\/\/metaverseweb.cloud\/de\/wp-json\/wp\/v2\/pages"}],"about":[{"href":"https:\/\/metaverseweb.cloud\/de\/wp-json\/wp\/v2\/types\/page"}],"author":[{"embeddable":true,"href":"https:\/\/metaverseweb.cloud\/de\/wp-json\/wp\/v2\/users\/1"}],"replies":[{"embeddable":true,"href":"https:\/\/metaverseweb.cloud\/de\/wp-json\/wp\/v2\/comments?post=2574"}],"version-history":[{"count":1,"href":"https:\/\/metaverseweb.cloud\/de\/wp-json\/wp\/v2\/pages\/2574\/revisions"}],"predecessor-version":[{"id":2575,"href":"https:\/\/metaverseweb.cloud\/de\/wp-json\/wp\/v2\/pages\/2574\/revisions\/2575"}],"wp:attachment":[{"href":"https:\/\/metaverseweb.cloud\/de\/wp-json\/wp\/v2\/media?parent=2574"}],"curies":[{"name":"wp","href":"https:\/\/api.w.org\/{rel}","templated":true}]}}