{"id":2522,"date":"2022-08-16T10:04:37","date_gmt":"2022-08-16T10:04:37","guid":{"rendered":"https:\/\/metaverseweb.cloud\/ausstellungsraeume-metaverse-web\/"},"modified":"2022-08-16T10:04:50","modified_gmt":"2022-08-16T10:04:50","slug":"ausstellungsraeume-metaverse-web","status":"publish","type":"page","link":"https:\/\/metaverseweb.cloud\/de\/ausstellungsraeume-metaverse-web\/","title":{"rendered":"Ausstellungsr\u00e4ume metaverse web"},"content":{"rendered":"\n<h3 class=\"wp-block-heading\">Ausstellungsraum im Metaversum<\/h3>\n\n<p>Showrooms im Metaverse sind eine gute M\u00f6glichkeit, Ihr Unternehmen auf dem Markt zu positionieren. Sie sind eine gute Option, um alle Ihre Produkte in 3 Dimensionen zu zeigen und Ihren Kunden Dienstleistungen anzubieten. Daher ist es wichtig, dass Sie wissen, wie Sie es organisieren, wo es platziert werden soll, welche Ma\u00dfnahmen Sie ergreifen k\u00f6nnen, um die Optik zu verbessern und vieles mehr. In diesem Sinne geben wir Ihnen die Schl\u00fcssel f\u00fcr den Erfolg Ihres metaversica-Showrooms in die Hand.<\/p>\n\n<figure class=\"wp-block-image size-full is-resized\"><img loading=\"lazy\" decoding=\"async\" src=\"https:\/\/metaverseweb.cloud\/wp-content\/uploads\/2022\/08\/2.jpg\" alt=\"\" class=\"wp-image-2495\" width=\"802\" height=\"462\" srcset=\"https:\/\/metaverseweb.cloud\/wp-content\/uploads\/2022\/08\/2-300x173.jpg 300w, https:\/\/metaverseweb.cloud\/wp-content\/uploads\/2022\/08\/2-768x443.jpg 768w, https:\/\/metaverseweb.cloud\/wp-content\/uploads\/2022\/08\/2.jpg 809w\" sizes=\"auto, (max-width: 802px) 100vw, 802px\" \/><\/figure>\n\n<h3 class=\"wp-block-heading\">Einf\u00fchrung<\/h3>\n\n<p>Da eines der Hauptziele von Metaverso darin besteht, durch die F\u00f6rderung Ihrer Produkte Verbindungen zur Gemeinschaft herzustellen, haben wir beschlossen, eine spezielle Software f\u00fcr die Entwicklung von Showrooms f\u00fcr Unternehmen zu entwickeln, die in Ihre eigene Website integriert werden.<\/p>\n\n<h3 class=\"wp-block-heading\">Das Ziel dieser Ausstellungsr\u00e4ume<\/h3>\n\n<p>soll den Besuchern die M\u00f6glichkeit bieten, die Welt der Kommunikation aus einem anderen Blickwinkel kennen zu lernen und zu sehen, wie die Nutzung von Technologien unsere Lebensweise ver\u00e4ndert. Der Raum hat ein interaktives und dreidimensionales Format, in dem Ihre Produkte oder Maschinen f\u00fcr die Besucher Ihrer Website sichtbar werden.<\/p>\n\n<p>Stellen Sie sich vor, Sie k\u00f6nnten die Pr\u00e4sentation Ihrer neuen Maschine oder Ihres neuen Produkts in Ihrem eigenen Metaverse durchf\u00fchren. Alle Ihre Kunden aus der ganzen Welt sehen Ihre Produkte in 3D in einem Ausstellungsraum, in dem Ihr Produkt in 3D dargestellt wird, und Ihr Vertriebs- und Marketingteam f\u00fchrt Produktpr\u00e4sentationen durch.<\/p>\n\n<h3 class=\"wp-block-heading\">Die Einnahmen, die dieser Ausstellungsraum generieren wird<\/h3>\n\n<p>Menschen, die diesen Metaverse-Showroom besuchen, werden eine immersive, multisensorische Erfahrung genie\u00dfen, bei der sie alle Details dank High-Definition-Rendering und alle Details, die wir generieren werden, um ihre Aufmerksamkeit zu erregen, sehen werden. All dies tr\u00e4gt dazu bei, diesen Showroom zu einem sehr attraktiven Ort f\u00fcr Besucher zu machen, was Ihre Kunden empf\u00e4nglicher daf\u00fcr machen wird, Ihre Produkte zu kaufen, da die Markenbekanntheit deutlich steigen wird, was zu mehr Umsatz f\u00fcr Ihr Unternehmen f\u00fchren wird.<\/p>\n\n<figure class=\"wp-block-image size-full\"><img loading=\"lazy\" decoding=\"async\" width=\"801\" height=\"421\" src=\"https:\/\/metaverseweb.cloud\/wp-content\/uploads\/2022\/08\/1.jpg\" alt=\"\" class=\"wp-image-2505\" srcset=\"https:\/\/metaverseweb.cloud\/wp-content\/uploads\/2022\/08\/1-300x158.jpg 300w, https:\/\/metaverseweb.cloud\/wp-content\/uploads\/2022\/08\/1-768x404.jpg 768w, https:\/\/metaverseweb.cloud\/wp-content\/uploads\/2022\/08\/1.jpg 801w\" sizes=\"auto, (max-width: 801px) 100vw, 801px\" \/><\/figure>\n\n<h3 class=\"wp-block-heading\">Der metaverse Ausstellungsraum<\/h3>\n\n<p>In den letzten Jahren hat sich der Metaverse-Showroom zu einem der wichtigsten R\u00e4ume im Internet entwickelt. Der Grund daf\u00fcr ist einfach: Es ist ein Ort, an dem sich Besucher von \u00fcberall her \u00fcber neue Entwicklungen und Produkte informieren k\u00f6nnen und die M\u00f6glichkeit haben, sie im dreidimensionalen Format zu sehen, denn ohne das Metaverse w\u00e4ren sie unzug\u00e4nglich.<\/p>\n\n<p>Eine der Hauptattraktionen des Raums ist seine Aufteilung. Es besteht aus vier Haupts\u00e4ulen, von denen jede einen anderen Wert hat. Der erste ist, dass sie jederzeit und \u00fcberall verf\u00fcgbar ist. Der zweite Faktor ist die Anpassbarkeit des Metaversums. Das Metaversum ist zu 100 % an Ihren Geschmack und damit an den Geschmack Ihrer Besucher anpassbar. Der dritte Faktor ist die Leichtigkeit, mit der die Nutzer einsteigen k\u00f6nnen, indem sie einfach Ihre Website durchst\u00f6bern, und die vierte S\u00e4ule ist die pers\u00f6nliche Betreuung und Fehlerbehebung, die wir f\u00fcr Sie bereithalten. Wir stellen Ihnen unser Team von Informatikern f\u00fcr die Entwicklung und Wartung Ihres Metaverse zur Verf\u00fcgung.<\/p>\n<div class=\"wp-block-image\">\n<figure class=\"aligncenter size-full is-resized\"><img loading=\"lazy\" decoding=\"async\" src=\"https:\/\/metaverseweb.cloud\/wp-content\/uploads\/2022\/08\/descarga-e1660643937760.jpg\" alt=\"\" class=\"wp-image-1980\" width=\"467\" height=\"297\"\/><\/figure>\n<\/div>\n<h3 class=\"wp-block-heading\">Nutzer des Metaverse-Showrooms<\/h3>\n\n<p>Wenn der Showroom im Metaverse Ihr Zuhause ist, werden Sie sehr gl\u00fccklich sein, denn er spricht alle potenziellen Kunden an, die Ihre Website besuchen. Der Ausstellungsraum zeigt, dass Ihr Unternehmen auf dem neuesten Stand der Technik ist und \u00fcber die neuesten Innovationen verf\u00fcgt.<\/p>\n\n<h3 class=\"wp-block-heading\">Die Kosten f\u00fcr den Ausstellungsraum im Metaversum<\/h3>\n\n<p>Der Metaverse-Showroom ist in vielen Unternehmen eine Notwendigkeit, die Kosten f\u00fcr diesen Raum k\u00f6nnen recht hoch sein, wenn Sie keinen Vertrag mit uns abschlie\u00dfen, andere Unternehmen berechnen Ihnen f\u00fcr gleichzeitige Nutzer einen unverh\u00e4ltnism\u00e4\u00dfig hohen Betrag, andere verkaufen Ihnen digitale R\u00e4ume zum Goldpreis, wir nicht, wir berechnen gerade so viel, dass Sie ihn in Ihre Website integrieren k\u00f6nnen, ohne einen sehr gro\u00dfen finanziellen Aufwand zu betreiben und wir k\u00fcmmern uns auch um die gesamte Wartung.<\/p>\n\n<figure class=\"wp-block-image size-large\"><img loading=\"lazy\" decoding=\"async\" width=\"1024\" height=\"354\" src=\"https:\/\/metaverseweb.cloud\/wp-content\/uploads\/2022\/08\/7251036-1024x354.jpg\" alt=\"\" class=\"wp-image-2366\" srcset=\"https:\/\/metaverseweb.cloud\/wp-content\/uploads\/2022\/08\/7251036-300x104.jpg 300w, https:\/\/metaverseweb.cloud\/wp-content\/uploads\/2022\/08\/7251036-768x266.jpg 768w, https:\/\/metaverseweb.cloud\/wp-content\/uploads\/2022\/08\/7251036-1024x354.jpg 1024w, https:\/\/metaverseweb.cloud\/wp-content\/uploads\/2022\/08\/7251036-1536x532.jpg 1536w, https:\/\/metaverseweb.cloud\/wp-content\/uploads\/2022\/08\/7251036-2048x709.jpg 2048w\" sizes=\"auto, (max-width: 1024px) 100vw, 1024px\" \/><\/figure>\n","protected":false},"excerpt":{"rendered":"<p>Ausstellungsraum im Metaversum Showrooms im Metaverse sind eine gute M\u00f6glichkeit, Ihr Unternehmen auf dem Markt zu positionieren. Sie sind eine gute Option, um alle Ihre Produkte in 3 Dimensionen zu zeigen und Ihren Kunden Dienstleistungen anzubieten. Daher ist es wichtig, dass Sie wissen, wie Sie es organisieren, wo es platziert werden soll, welche Ma\u00dfnahmen Sie &hellip;<\/p>\n","protected":false},"author":1,"featured_media":0,"parent":0,"menu_order":0,"comment_status":"closed","ping_status":"closed","template":"","meta":{"_genesis_hide_title":false,"_genesis_hide_breadcrumbs":false,"_genesis_hide_singular_image":false,"_genesis_hide_footer_widgets":false,"_genesis_custom_body_class":"","_genesis_custom_post_class":"","_genesis_layout":"","footnotes":""},"class_list":{"1":"page","2":"type-page","5":"entry"},"acf":[],"_links":{"self":[{"href":"https:\/\/metaverseweb.cloud\/de\/wp-json\/wp\/v2\/pages\/2522","targetHints":{"allow":["GET"]}}],"collection":[{"href":"https:\/\/metaverseweb.cloud\/de\/wp-json\/wp\/v2\/pages"}],"about":[{"href":"https:\/\/metaverseweb.cloud\/de\/wp-json\/wp\/v2\/types\/page"}],"author":[{"embeddable":true,"href":"https:\/\/metaverseweb.cloud\/de\/wp-json\/wp\/v2\/users\/1"}],"replies":[{"embeddable":true,"href":"https:\/\/metaverseweb.cloud\/de\/wp-json\/wp\/v2\/comments?post=2522"}],"version-history":[{"count":1,"href":"https:\/\/metaverseweb.cloud\/de\/wp-json\/wp\/v2\/pages\/2522\/revisions"}],"predecessor-version":[{"id":2523,"href":"https:\/\/metaverseweb.cloud\/de\/wp-json\/wp\/v2\/pages\/2522\/revisions\/2523"}],"wp:attachment":[{"href":"https:\/\/metaverseweb.cloud\/de\/wp-json\/wp\/v2\/media?parent=2522"}],"curies":[{"name":"wp","href":"https:\/\/api.w.org\/{rel}","templated":true}]}}