{"id":2488,"date":"2022-08-16T09:23:40","date_gmt":"2022-08-16T09:23:40","guid":{"rendered":"https:\/\/metaverseweb.cloud\/metaverse-auf-ihrer-website\/"},"modified":"2022-08-16T09:24:18","modified_gmt":"2022-08-16T09:24:18","slug":"metaverse-auf-ihrer-website","status":"publish","type":"page","link":"https:\/\/metaverseweb.cloud\/de\/metaverse-auf-ihrer-website\/","title":{"rendered":"Metaverse auf Ihrer Website"},"content":{"rendered":"\n<h4 class=\"wp-block-heading\">Wir bieten Ihnen eine Komplettl\u00f6sung, damit Sie Ihr eigenes Metaverse auf Ihrer Website sehen k\u00f6nnen<\/h4>\n\n<p>Wenn Sie sich nicht sicher sind, wie Sie ein Metaverse auf Ihrer Website erstellen k\u00f6nnen, haben wir die richtige Software f\u00fcr Sie. Wir bieten einen kompletten Service, der es Ihnen erm\u00f6glicht, Ihr eigenes Metaverse auf Ihrer Website zu sehen.<\/p>\n\n<h4 class=\"wp-block-heading\">Was ist Metaverse?<\/h4>\n\n<p>Das Metaverse ist ein Werkzeug, mit dem die Besucher den Inhalt Ihrer Website in einem anderen Kontext in 3D sehen k\u00f6nnen. Das hei\u00dft, Sie k\u00f6nnen es visualisieren, als ob Sie es direkt von einem anderen Ort aus betrachten w\u00fcrden. So k\u00f6nnen Sie das Browsing-Erlebnis verbessern und die Sichtbarkeit Ihrer Inhalte erh\u00f6hen. Dar\u00fcber hinaus k\u00f6nnen Sie das Metaverse nutzen, um 3D-Objekte Ihrer Maschinen oder Produkte zu erstellen, damit Sie Ihre Produkte in Ihrem virtuellen Raum mit mehreren Nutzern bewerben k\u00f6nnen.<\/p>\n\n<figure class=\"wp-block-image size-large\"><img loading=\"lazy\" decoding=\"async\" width=\"1024\" height=\"354\" src=\"https:\/\/metaverseweb.cloud\/wp-content\/uploads\/2022\/08\/7251036-1-1024x354.jpg\" alt=\"\" class=\"wp-image-2378\" srcset=\"https:\/\/metaverseweb.cloud\/wp-content\/uploads\/2022\/08\/7251036-1-300x104.jpg 300w, https:\/\/metaverseweb.cloud\/wp-content\/uploads\/2022\/08\/7251036-1-768x266.jpg 768w, https:\/\/metaverseweb.cloud\/wp-content\/uploads\/2022\/08\/7251036-1-1024x354.jpg 1024w, https:\/\/metaverseweb.cloud\/wp-content\/uploads\/2022\/08\/7251036-1-1536x532.jpg 1536w, https:\/\/metaverseweb.cloud\/wp-content\/uploads\/2022\/08\/7251036-1-2048x709.jpg 2048w\" sizes=\"auto, (max-width: 1024px) 100vw, 1024px\" \/><\/figure>\n\n<h4 class=\"wp-block-heading\">Wie funktioniert das Metaverse?<\/h4>\n\n<p>Das Metaverse ist ein Tool, das wir anbieten, damit Sie Ihr eigenes Metaverse auf Ihrer Website anzeigen k\u00f6nnen. Um sie zu nutzen, m\u00fcssen weder Sie noch Ihre Besucher sie installiert haben. Das Metaverse ist von jeder Plattform, zu jeder Zeit und von jedem Ort aus zug\u00e4nglich.<\/p>\n\n<p>Die Vorteile von Metaverse<\/p>\n\n<p>Metaversen sind ein n\u00fctzliches Instrument, das Websites helfen kann, ihre Sichtbarkeit in Suchmaschinen und damit ihr Gesch\u00e4ft zu verbessern. Die Vorteile von Metaverse umfassen:<\/p>\n\n<ol class=\"wp-block-list\"><li>verbesserte Platzierung in der Suche. Das Metaverse erm\u00f6glicht es dem Besucher, Ihre Dienstleistungen, Maschinen oder Produkte auf jeder beliebigen Website zu sehen, auch wenn sie sich au\u00dferhalb der urspr\u00fcnglichen Website befindet. So kann die Seite wissen, wer der ideale Kunde ist, und in den ersten Positionen der Suchanfragen erscheinen.<\/li><li>Erh\u00f6hter direkter Verkehr \u00fcber die Seite. Das Metaverse verschafft Websites ein attraktiveres Image, wodurch sie den direkten Verkehr erheblich steigern k\u00f6nnen.<\/li><\/ol>\n\n<figure class=\"wp-block-image size-large is-resized\"><img loading=\"lazy\" decoding=\"async\" src=\"https:\/\/metaverseweb.cloud\/wp-content\/uploads\/2022\/08\/3250-1024x512.jpg\" alt=\"\" class=\"wp-image-2465\" width=\"802\" height=\"401\" srcset=\"https:\/\/metaverseweb.cloud\/wp-content\/uploads\/2022\/08\/3250-300x150.jpg 300w, https:\/\/metaverseweb.cloud\/wp-content\/uploads\/2022\/08\/3250-768x384.jpg 768w, https:\/\/metaverseweb.cloud\/wp-content\/uploads\/2022\/08\/3250-1024x512.jpg 1024w, https:\/\/metaverseweb.cloud\/wp-content\/uploads\/2022\/08\/3250-1536x768.jpg 1536w, https:\/\/metaverseweb.cloud\/wp-content\/uploads\/2022\/08\/3250-2048x1024.jpg 2048w\" sizes=\"auto, (max-width: 802px) 100vw, 802px\" \/><\/figure>\n\n<h4 class=\"wp-block-heading\">Das Verfahren zur Erstellung des Metaverse<\/h4>\n\n<p>Wenn Sie nach einer einfachen M\u00f6glichkeit suchen, Ihr eigenes Metaverse auf Ihrer Website zu erstellen, bieten wir Ihnen ein einfaches, vollst\u00e4ndiges und schl\u00fcsselfertiges Verfahren. Wir k\u00fcmmern uns um alles.<\/p>\n\n<p>Das Metaverse ist ein Tool, das einen globalen \u00dcberblick \u00fcber das Web bietet und es den Nutzern erm\u00f6glicht, ihr eigenes Bild auf anderen Websites widergespiegelt zu sehen. Dies hilft Ihnen, die Positionierung Ihrer Website zu verbessern und mehr Besucher zu erhalten.<\/p>\n\n<h3 class=\"wp-block-heading\">Schlussfolgerungen<\/h3>\n\n<p>Metaversen sind ein sehr n\u00fctzliches Instrument f\u00fcr die Erstellung von Inhalten auf einer Website, da sie es Nutzern erm\u00f6glichen, ihr eigenes Profil als Nutzer anderer Websites zu sehen. Wir von Metaverse web bieten Ihnen eine Komplettl\u00f6sung f\u00fcr die Nutzung von Metaverse auf Ihrer Website. Die schl\u00fcsselfertige L\u00f6sung ist die beste Option f\u00fcr Sie.<\/p>\n\n<p>Wenn Sie an der Inanspruchnahme dieses Dienstes interessiert sind, empfehlen wir Ihnen, sich mit unserem Unternehmen in Verbindung zu setzen, um die erforderlichen Konsultationen durchzuf\u00fchren.<br\/><\/p>\n","protected":false},"excerpt":{"rendered":"<p>Wir bieten Ihnen eine Komplettl\u00f6sung, damit Sie Ihr eigenes Metaverse auf Ihrer Website sehen k\u00f6nnen Wenn Sie sich nicht sicher sind, wie Sie ein Metaverse auf Ihrer Website erstellen k\u00f6nnen, haben wir die richtige Software f\u00fcr Sie. Wir bieten einen kompletten Service, der es Ihnen erm\u00f6glicht, Ihr eigenes Metaverse auf Ihrer Website zu sehen. Was &hellip;<\/p>\n","protected":false},"author":1,"featured_media":0,"parent":0,"menu_order":0,"comment_status":"closed","ping_status":"closed","template":"","meta":{"_genesis_hide_title":false,"_genesis_hide_breadcrumbs":false,"_genesis_hide_singular_image":false,"_genesis_hide_footer_widgets":false,"_genesis_custom_body_class":"","_genesis_custom_post_class":"","_genesis_layout":"","footnotes":""},"class_list":{"1":"page","2":"type-page","5":"entry"},"acf":[],"_links":{"self":[{"href":"https:\/\/metaverseweb.cloud\/de\/wp-json\/wp\/v2\/pages\/2488","targetHints":{"allow":["GET"]}}],"collection":[{"href":"https:\/\/metaverseweb.cloud\/de\/wp-json\/wp\/v2\/pages"}],"about":[{"href":"https:\/\/metaverseweb.cloud\/de\/wp-json\/wp\/v2\/types\/page"}],"author":[{"embeddable":true,"href":"https:\/\/metaverseweb.cloud\/de\/wp-json\/wp\/v2\/users\/1"}],"replies":[{"embeddable":true,"href":"https:\/\/metaverseweb.cloud\/de\/wp-json\/wp\/v2\/comments?post=2488"}],"version-history":[{"count":1,"href":"https:\/\/metaverseweb.cloud\/de\/wp-json\/wp\/v2\/pages\/2488\/revisions"}],"predecessor-version":[{"id":2491,"href":"https:\/\/metaverseweb.cloud\/de\/wp-json\/wp\/v2\/pages\/2488\/revisions\/2491"}],"wp:attachment":[{"href":"https:\/\/metaverseweb.cloud\/de\/wp-json\/wp\/v2\/media?parent=2488"}],"curies":[{"name":"wp","href":"https:\/\/api.w.org\/{rel}","templated":true}]}}