{"id":2342,"date":"2022-08-16T08:26:14","date_gmt":"2022-08-16T08:26:14","guid":{"rendered":"https:\/\/metaverseweb.cloud\/white-label-metaversum\/"},"modified":"2022-08-16T08:55:00","modified_gmt":"2022-08-16T08:55:00","slug":"white-label-metaversum","status":"publish","type":"page","link":"https:\/\/metaverseweb.cloud\/de\/white-label-metaversum\/","title":{"rendered":"White-Label-Metaversum"},"content":{"rendered":"\n<div class=\"wp-block-media-text alignwide is-stacked-on-mobile\"><figure class=\"wp-block-media-text__media\"><img loading=\"lazy\" decoding=\"async\" width=\"1024\" height=\"576\" src=\"https:\/\/metaverseweb.cloud\/wp-content\/uploads\/2022\/08\/AdobeStock_493185086-1024x576.jpeg\" alt=\"\" class=\"wp-image-2029 size-full\" srcset=\"https:\/\/metaverseweb.cloud\/wp-content\/uploads\/2022\/08\/AdobeStock_493185086-300x169.jpeg 300w, https:\/\/metaverseweb.cloud\/wp-content\/uploads\/2022\/08\/AdobeStock_493185086-768x432.jpeg 768w, https:\/\/metaverseweb.cloud\/wp-content\/uploads\/2022\/08\/AdobeStock_493185086-1024x576.jpeg 1024w, https:\/\/metaverseweb.cloud\/wp-content\/uploads\/2022\/08\/AdobeStock_493185086-1536x864.jpeg 1536w, https:\/\/metaverseweb.cloud\/wp-content\/uploads\/2022\/08\/AdobeStock_493185086-2048x1152.jpeg 2048w\" sizes=\"auto, (max-width: 1024px) 100vw, 1024px\" \/><\/figure><div class=\"wp-block-media-text__content\">\n<h3 class=\"is-style-subheading wp-block-heading\">White-Label-Metaverse oder angepasste URL<\/h3>\n\n\n\n<p>White-Label-Metaversen oder Metaversen mit anpassbaren Domains (URL) ist etwas, worauf wir uns spezialisiert haben. Wir sind der Meinung, dass jeder sein eigenes Metaversum als notwendige Erg\u00e4nzung zu seiner Website haben sollte, also entwickeln wir diese eigenen Metaversen f\u00fcr Sie.<br\/>Wir sind Pioniere in diesem Sinne, also nutzen Sie die Vorteile und werden Sie zum Pionier in Ihrer Branche, indem Sie das Metaverse in Ihre Website einbauen und ein umfassendes Erlebnis bieten.<\/p>\n<\/div><\/div>\n\n<div style=\"height:100px\" aria-hidden=\"true\" class=\"wp-block-spacer\"><\/div>\n\n<div class=\"wp-block-media-text alignwide has-media-on-the-right is-stacked-on-mobile\"><figure class=\"wp-block-media-text__media\"><img loading=\"lazy\" decoding=\"async\" width=\"1024\" height=\"640\" src=\"https:\/\/metaverseweb.cloud\/wp-content\/uploads\/2022\/08\/AdobeStock_474895629-1024x640.jpeg\" alt=\"\" class=\"wp-image-2014 size-full\" srcset=\"https:\/\/metaverseweb.cloud\/wp-content\/uploads\/2022\/08\/AdobeStock_474895629-300x188.jpeg 300w, https:\/\/metaverseweb.cloud\/wp-content\/uploads\/2022\/08\/AdobeStock_474895629-768x480.jpeg 768w, https:\/\/metaverseweb.cloud\/wp-content\/uploads\/2022\/08\/AdobeStock_474895629-1024x640.jpeg 1024w, https:\/\/metaverseweb.cloud\/wp-content\/uploads\/2022\/08\/AdobeStock_474895629-1536x960.jpeg 1536w, https:\/\/metaverseweb.cloud\/wp-content\/uploads\/2022\/08\/AdobeStock_474895629-2048x1280.jpeg 2048w\" sizes=\"auto, (max-width: 1024px) 100vw, 1024px\" \/><\/figure><div class=\"wp-block-media-text__content\">\n<h3 class=\"wp-block-heading\">Das Metaverse ist ein grundlegender Bestandteil des Corporate Branding<\/h3>\n\n\n\n<p>Heutzutage ist Branding ein wesentlicher Bestandteil der Markenbildung von Unternehmen. Um Vertrauen aufzubauen und Kunden anzuziehen, muss der visuelle Stil eines Unternehmens auf allen m\u00f6glichen Kan\u00e4len reproduziert oder verbessert werden: Web, soziale Medien, Plakate und Meinungsumfragen.<br\/>Im Rahmen dieses Prozesses ist es \u00fcblich, dass Unternehmen ein White-Label f\u00fcr das Metaverse verwenden. Das hei\u00dft, sie \u00e4ndern das Design, um es an verschiedene Plattformen anzupassen, und lernen die Vorlieben ihrer Kunden immer besser kennen. Die Entwicklung eines erfolgreichen Metaversums ist jedoch mit einigen Schwierigkeiten verbunden: fehlendes Fachwissen, Unkenntnis \u00fcber die Verwendung der richtigen Tools oder das Festhalten an einer bereits bestehenden Entwicklung.<\/p>\n<\/div><\/div>\n\n<div style=\"height:100px\" aria-hidden=\"true\" class=\"wp-block-spacer\"><\/div>\n\n<div class=\"wp-block-media-text alignwide is-stacked-on-mobile is-vertically-aligned-center\"><figure class=\"wp-block-media-text__media\"><img loading=\"lazy\" decoding=\"async\" width=\"1024\" height=\"1024\" src=\"https:\/\/metaverseweb.cloud\/wp-content\/uploads\/2022\/08\/Kerfin7_NEA_2477-1024x1024.jpg\" alt=\"\" class=\"wp-image-2327 size-full\" srcset=\"https:\/\/metaverseweb.cloud\/wp-content\/uploads\/2022\/08\/Kerfin7_NEA_2477-80x80.jpg 80w, https:\/\/metaverseweb.cloud\/wp-content\/uploads\/2022\/08\/Kerfin7_NEA_2477-150x150.jpg 150w, https:\/\/metaverseweb.cloud\/wp-content\/uploads\/2022\/08\/Kerfin7_NEA_2477-300x300.jpg 300w, https:\/\/metaverseweb.cloud\/wp-content\/uploads\/2022\/08\/Kerfin7_NEA_2477-768x768.jpg 768w, https:\/\/metaverseweb.cloud\/wp-content\/uploads\/2022\/08\/Kerfin7_NEA_2477-1024x1024.jpg 1024w, https:\/\/metaverseweb.cloud\/wp-content\/uploads\/2022\/08\/Kerfin7_NEA_2477-1536x1536.jpg 1536w, https:\/\/metaverseweb.cloud\/wp-content\/uploads\/2022\/08\/Kerfin7_NEA_2477-2048x2048.jpg 2048w\" sizes=\"auto, (max-width: 1024px) 100vw, 1024px\" \/><\/figure><div class=\"wp-block-media-text__content\">\n<h3 class=\"wp-block-heading\">AR\/VR-L\u00f6sung f\u00fcr Ihre n\u00e4chste Veranstaltung oder Produkteinf\u00fchrung<\/h3>\n\n\n\n<p>Wenn Sie auf der Suche nach einer AR\/VR-L\u00f6sung f\u00fcr Ihre n\u00e4chste Veranstaltung oder Produkteinf\u00fchrung sind, kontaktieren Sie uns und wir erstellen f\u00fcr Sie das White Label Metaverse. Mit diesem leistungsstarken Tool k\u00f6nnen Sie die Grenzen der Kreativit\u00e4t sprengen, indem Sie Ihren Benutzern eine 3D-Umgebung auf einem digitalen dreidimensionalen Planeten bieten, der viel sch\u00f6ner ist als unser blauer Himmel.<\/p>\n\n\n\n<p>Metaverse web erstellt f\u00fcr Sie ein White-Label-Metaverse und wir helfen Ihnen und k\u00fcmmern uns um alles, damit Ihre Nutzer keine Probleme haben. Unsere L\u00f6sung umfasst die Erstellung eines Metaversums innerhalb der Website und vieles mehr, ohne Ihre eigene URL zu verlassen.<\/p>\n\n\n\n<p><br\/><\/p>\n<\/div><\/div>\n\n<div style=\"height:100px\" aria-hidden=\"true\" class=\"wp-block-spacer\"><\/div>\n\n<div class=\"wp-block-media-text alignwide has-media-on-the-right is-stacked-on-mobile is-vertically-aligned-center\"><figure class=\"wp-block-media-text__media\"><img loading=\"lazy\" decoding=\"async\" width=\"1024\" height=\"1024\" src=\"https:\/\/metaverseweb.cloud\/wp-content\/uploads\/2022\/08\/4136918-1024x1024.jpg\" alt=\"\" class=\"wp-image-2443 size-full\" srcset=\"https:\/\/metaverseweb.cloud\/wp-content\/uploads\/2022\/08\/4136918-80x80.jpg 80w, https:\/\/metaverseweb.cloud\/wp-content\/uploads\/2022\/08\/4136918-150x150.jpg 150w, https:\/\/metaverseweb.cloud\/wp-content\/uploads\/2022\/08\/4136918-300x300.jpg 300w, https:\/\/metaverseweb.cloud\/wp-content\/uploads\/2022\/08\/4136918-768x768.jpg 768w, https:\/\/metaverseweb.cloud\/wp-content\/uploads\/2022\/08\/4136918-1024x1024.jpg 1024w, https:\/\/metaverseweb.cloud\/wp-content\/uploads\/2022\/08\/4136918-1536x1536.jpg 1536w, https:\/\/metaverseweb.cloud\/wp-content\/uploads\/2022\/08\/4136918.jpg 2000w\" sizes=\"auto, (max-width: 1024px) 100vw, 1024px\" \/><\/figure><div class=\"wp-block-media-text__content\">\n<h3 class=\"wp-block-heading\">Metaversum mit wei\u00dfem Etikett<\/h3>\n\n\n\n<p>White Label Metaverse ist ein von uns entwickeltes Programm, das die digitale Begleitung von 3D-Umgebungen erleichtert.<\/p>\n\n\n\n<p>Bei der Erstellung von 3D-Umgebungen k\u00f6nnen wir Objekte entwerfen und sie unserer Welt hinzuf\u00fcgen. Wir k\u00f6nnen auch andere einladen, unser virtuelles Leben zu besuchen und mit uns zu interagieren.<\/p>\n\n\n\n<p>Warum ist eine White-Label-Metaversesoftware die beste Wahl?<\/p>\n\n\n\n<p>Heute bietet die Software den Kunden eine virtuelle Umgebung, in der sie in einer v\u00f6llig freien Welt, in der sie durch nichts beeintr\u00e4chtigt werden, die Eigenschaften von Fabriken, Ausstellungsr\u00e4umen oder Dienstleistungen verfeinern k\u00f6nnen.<\/p>\n\n\n\n<p><br\/><\/p>\n<\/div><\/div>\n\n<div class=\"wp-block-media-text alignwide is-stacked-on-mobile is-vertically-aligned-center\"><figure class=\"wp-block-media-text__media\"><img loading=\"lazy\" decoding=\"async\" width=\"1024\" height=\"1024\" src=\"https:\/\/metaverseweb.cloud\/wp-content\/uploads\/2022\/08\/people-shaking-hands-in-business-agreement-background-1024x1024.jpg\" alt=\"\" class=\"wp-image-2433 size-full\" srcset=\"https:\/\/metaverseweb.cloud\/wp-content\/uploads\/2022\/08\/people-shaking-hands-in-business-agreement-background-80x80.jpg 80w, https:\/\/metaverseweb.cloud\/wp-content\/uploads\/2022\/08\/people-shaking-hands-in-business-agreement-background-150x150.jpg 150w, https:\/\/metaverseweb.cloud\/wp-content\/uploads\/2022\/08\/people-shaking-hands-in-business-agreement-background-300x300.jpg 300w, https:\/\/metaverseweb.cloud\/wp-content\/uploads\/2022\/08\/people-shaking-hands-in-business-agreement-background-768x768.jpg 768w, https:\/\/metaverseweb.cloud\/wp-content\/uploads\/2022\/08\/people-shaking-hands-in-business-agreement-background-1024x1024.jpg 1024w, https:\/\/metaverseweb.cloud\/wp-content\/uploads\/2022\/08\/people-shaking-hands-in-business-agreement-background-1536x1536.jpg 1536w, https:\/\/metaverseweb.cloud\/wp-content\/uploads\/2022\/08\/people-shaking-hands-in-business-agreement-background-2048x2048.jpg 2048w\" sizes=\"auto, (max-width: 1024px) 100vw, 1024px\" \/><\/figure><div class=\"wp-block-media-text__content\">\n<h3 class=\"wp-block-heading\">Entwickeln Sie Metaversen f\u00fcr Ihre Kunden?<\/h3>\n\n\n\n<p>M\u00f6chten Sie Metaversen f\u00fcr Ihre Kunden entwickeln?  <\/p>\n\n\n\n<p>Wir bieten Ihnen eine schl\u00fcsselfertige L\u00f6sung an, d. h. wir erledigen die gesamte Arbeit f\u00fcr Sie und Sie verkaufen sie an Ihre Kunden weiter.<br\/>Wenn Sie Metaversen f\u00fcr Ihre Kunden entwickeln wollen, bieten wir Ihnen eine schl\u00fcsselfertige L\u00f6sung. Wir k\u00f6nnen Ihnen helfen, Metaversen f\u00fcr Ihre Kunden zu entwickeln, um deren Marke zu f\u00f6rdern und Gesch\u00e4fte durch Metaversen zu generieren.  <\/p>\n\n\n\n<p>Wir \u00fcbernehmen die ganze Arbeit f\u00fcr Sie, also z\u00f6gern Sie nicht, uns zu kontaktieren. Wir geben Ihnen die Gewissheit, dass dies Ihre Kunden gl\u00fccklich machen wird.<\/p>\n\n\n\n<p><br\/><\/p>\n<\/div><\/div>\n\n<div class=\"wp-block-buttons is-content-justification-center is-layout-flex wp-container-core-buttons-is-layout-16018d1d wp-block-buttons-is-layout-flex\">\n<div class=\"wp-block-button\"><a class=\"wp-block-button__link button\" href=\"https:\/\/metaverseweb.cloud\/de\/kontakt\/\">Kontakt<\/a><\/div>\n<\/div>\n","protected":false},"excerpt":{"rendered":"<p>White-Label-Metaverse oder angepasste URL White-Label-Metaversen oder Metaversen mit anpassbaren Domains (URL) ist etwas, worauf wir uns spezialisiert haben. Wir sind der Meinung, dass jeder sein eigenes Metaversum als notwendige Erg\u00e4nzung zu seiner Website haben sollte, also entwickeln wir diese eigenen Metaversen f\u00fcr Sie.Wir sind Pioniere in diesem Sinne, also nutzen Sie die Vorteile und werden &hellip;<\/p>\n","protected":false},"author":1,"featured_media":0,"parent":0,"menu_order":0,"comment_status":"closed","ping_status":"closed","template":"","meta":{"_genesis_hide_title":false,"_genesis_hide_breadcrumbs":false,"_genesis_hide_singular_image":false,"_genesis_hide_footer_widgets":false,"_genesis_custom_body_class":"","_genesis_custom_post_class":"","_genesis_layout":"","footnotes":""},"class_list":{"1":"page","2":"type-page","5":"entry"},"acf":[],"_links":{"self":[{"href":"https:\/\/metaverseweb.cloud\/de\/wp-json\/wp\/v2\/pages\/2342","targetHints":{"allow":["GET"]}}],"collection":[{"href":"https:\/\/metaverseweb.cloud\/de\/wp-json\/wp\/v2\/pages"}],"about":[{"href":"https:\/\/metaverseweb.cloud\/de\/wp-json\/wp\/v2\/types\/page"}],"author":[{"embeddable":true,"href":"https:\/\/metaverseweb.cloud\/de\/wp-json\/wp\/v2\/users\/1"}],"replies":[{"embeddable":true,"href":"https:\/\/metaverseweb.cloud\/de\/wp-json\/wp\/v2\/comments?post=2342"}],"version-history":[{"count":2,"href":"https:\/\/metaverseweb.cloud\/de\/wp-json\/wp\/v2\/pages\/2342\/revisions"}],"predecessor-version":[{"id":2457,"href":"https:\/\/metaverseweb.cloud\/de\/wp-json\/wp\/v2\/pages\/2342\/revisions\/2457"}],"wp:attachment":[{"href":"https:\/\/metaverseweb.cloud\/de\/wp-json\/wp\/v2\/media?parent=2342"}],"curies":[{"name":"wp","href":"https:\/\/api.w.org\/{rel}","templated":true}]}}