{"id":2147,"date":"2022-05-11T15:00:56","date_gmt":"2022-05-11T15:00:56","guid":{"rendered":"https:\/\/metaverseweb.cloud\/dienstleistungen\/"},"modified":"2022-08-16T10:35:33","modified_gmt":"2022-08-16T10:35:33","slug":"dienstleistungen","status":"publish","type":"page","link":"https:\/\/metaverseweb.cloud\/de\/dienstleistungen\/","title":{"rendered":"Dienstleistungen"},"content":{"rendered":"<div class=\"wp-block-group alignfull has-lg-content-width has-lg-padding-top has-md-padding-bottom\"><div class=\"wp-block-group__inner-container is-layout-flow wp-block-group-is-layout-flow\"><div class=\"mai-columns\"><div class=\"mai-columns-wrap has-columns\" style=\"--column-gap:var(--spacing-xxxl);--row-gap:var(--spacing-xxxl);--align-columns:initial;--align-columns-vertical:initial;\">\n<div class=\"mai-column is-column\" style=\"--columns-xs:1\/1;--flex-xs:0 0 var(--flex-basis);--columns-sm:1\/2;--flex-sm:0 0 var(--flex-basis);--columns-md:1\/2;--flex-md:0 0 var(--flex-basis);--columns-lg:1\/2;--flex-lg:0 0 var(--flex-basis);--justify-content:initial;\">\n\n<h3 class=\"wp-block-heading\">Komplettl\u00f6sung, damit Sie Ihr eigenes Metaversum in Ihrer Website sehen k\u00f6nnen<\/h3>\n\n\n\n<p>Wir sind eine cloudbasierte Plattform f\u00fcr vollst\u00e4ndig immersive 3D-Erlebnisse, die reale Interaktionen und Umgebungen nachbilden. Unsere Antwort auf das gesch\u00e4ftliche Metaversum, das die Art und Weise, wie Menschen arbeiten, neu definiert, erm\u00f6glicht es Kollegen und Kunden, sich in einer vernetzten digitalen Welt von Angesicht zu Angesicht zu treffen &#8211; jederzeit, von jedem Ort der Welt und \u00fcber jedes Ger\u00e4t.  <\/p>\n\n\n\n<p><a href=\"https:\/\/metaverseweb.cloud\/de\/metaverse-auf-ihrer-website\/\" data-type=\"URL\" data-id=\"https:\/\/metaverseweb.cloud\/metaverse-into-your-website\/\">mehr Informationen.<\/a><\/p>\n\n<\/div>\n\n<div class=\"mai-column is-column\" style=\"--columns-xs:1\/1;--flex-xs:0 0 var(--flex-basis);--columns-sm:1\/2;--flex-sm:0 0 var(--flex-basis);--columns-md:1\/2;--flex-md:0 0 var(--flex-basis);--columns-lg:1\/2;--flex-lg:0 0 var(--flex-basis);--justify-content:initial;--order-xs:-1;--order-sm:-1;\">\n\n<figure class=\"wp-block-image size-large\"><a href=\"https:\/\/metaverseweb.cloud\/de\/metaverse-auf-ihrer-website\/\"><img loading=\"lazy\" decoding=\"async\" width=\"684\" height=\"1024\" src=\"https:\/\/metaverseweb.cloud\/wp-content\/uploads\/2022\/08\/AdobeStock_486695879-684x1024.jpeg\" alt=\"\" class=\"wp-image-1970\" srcset=\"https:\/\/metaverseweb.cloud\/wp-content\/uploads\/2022\/08\/AdobeStock_486695879-200x300.jpeg 200w, https:\/\/metaverseweb.cloud\/wp-content\/uploads\/2022\/08\/AdobeStock_486695879-684x1024.jpeg 684w, https:\/\/metaverseweb.cloud\/wp-content\/uploads\/2022\/08\/AdobeStock_486695879-768x1151.jpeg 768w, https:\/\/metaverseweb.cloud\/wp-content\/uploads\/2022\/08\/AdobeStock_486695879-1025x1536.jpeg 1025w, https:\/\/metaverseweb.cloud\/wp-content\/uploads\/2022\/08\/AdobeStock_486695879-1367x2048.jpeg 1367w, https:\/\/metaverseweb.cloud\/wp-content\/uploads\/2022\/08\/AdobeStock_486695879-scaled.jpeg 1709w\" sizes=\"auto, (max-width: 684px) 100vw, 684px\" \/><\/a><\/figure>\n\n<\/div>\n<\/div><\/div><\/div><\/div><div class=\"wp-block-group alignwide has-lg-content-width has-md-padding-top has-lg-padding-bottom\"><div class=\"wp-block-group__inner-container is-layout-flow wp-block-group-is-layout-flow\"><div class=\"mai-columns\"><div class=\"mai-columns-wrap has-columns\" style=\"--column-gap:var(--spacing-xxxl);--row-gap:var(--spacing-xxxl);--align-columns:initial;--align-columns-vertical:initial;\">\n<div class=\"mai-column is-column\" style=\"--columns-xs:1\/1;--flex-xs:0 0 var(--flex-basis);--columns-sm:1\/2;--flex-sm:0 0 var(--flex-basis);--columns-md:1\/2;--flex-md:0 0 var(--flex-basis);--columns-lg:1\/2;--flex-lg:0 0 var(--flex-basis);--justify-content:initial;\">\n\n<figure class=\"wp-block-image size-full is-resized\"><a href=\"https:\/\/metaverseweb.cloud\/de\/ausstellungsraeume-metaverse-web\/\"><img loading=\"lazy\" decoding=\"async\" src=\"https:\/\/metaverseweb.cloud\/wp-content\/uploads\/2022\/08\/descarga.jpg\" alt=\"\" class=\"wp-image-1980\" width=\"457\" height=\"291\"><\/a><\/figure>\n\n<\/div>\n\n<div class=\"mai-column is-column\" style=\"--columns-xs:1\/1;--flex-xs:0 0 var(--flex-basis);--columns-sm:1\/2;--flex-sm:0 0 var(--flex-basis);--columns-md:1\/2;--flex-md:0 0 var(--flex-basis);--columns-lg:1\/2;--flex-lg:0 0 var(--flex-basis);--justify-content:initial;\">\n\n<h3 class=\"wp-block-heading\"><strong>Ausstellungsr\u00e4ume<\/strong> metaverse<\/h3>\n\n\n\n<p>Nutzen Sie die vorgefertigten Bereiche unserer Plattform oder passen Sie Ihre eigenen 3D-Umgebungen an, basierend auf Ihren Gesch\u00e4ftsanforderungen, den Markenelementen Ihres Unternehmens und Ihren kreativen Ideen. Ganz gleich, um welche Art von Maschinen oder Produkten es sich handelt, wir k\u00f6nnen Ihre Produkte mit realistischen und komplizierten Details in die virtuelle Welt \u00fcbertragen. Die Arbeitsbereiche k\u00f6nnen von einfachen Besprechungskabinen f\u00fcr kleinere Gruppen bis hin zu interaktiven Sitzungss\u00e4len f\u00fcr gr\u00f6\u00dfere Gruppen reichen.<br>Unsere Plattform bietet verschiedene Arten von R\u00e4umen, von traditionellen Ausstellungsr\u00e4umen bis hin zu solchen, die in unserem eigenen virtuellen Bereich gebaut werden k\u00f6nnen. Um ein Ergebnis zu erzielen, das einzigartig f\u00fcr Ihr Unternehmen ist und in die reale Welt \u00fcbergeht, z\u00f6gern Sie nicht, uns zu kontaktieren.<\/p>\n\n\n\n<p><a href=\"https:\/\/metaverseweb.cloud\/de\/ausstellungsraeume-metaverse-web\/\" data-type=\"URL\" data-id=\"https:\/\/metaverseweb.cloud\/showrooms-metaverse-web\/\">Weitere Informationen.<\/a><\/p>\n\n<\/div>\n<\/div><\/div><\/div><\/div><div class=\"wp-block-group alignfull is-content-justification-center is-nowrap is-layout-flex wp-container-core-group-is-layout-94bc23d7 wp-block-group-is-layout-flex has-lg-content-width has-md-padding-top has-lg-padding-bottom\"><div class=\"mai-columns\"><div class=\"mai-columns-wrap has-columns\" style=\"--column-gap:var(--spacing-xxxl);--row-gap:var(--spacing-xxxl);--align-columns:initial;--align-columns-vertical:initial;\">\n<div class=\"mai-column is-column\" style=\"--columns-xs:1\/1;--flex-xs:0 0 var(--flex-basis);--columns-sm:1\/2;--flex-sm:0 0 var(--flex-basis);--columns-md:1\/2;--flex-md:0 0 var(--flex-basis);--columns-lg:1\/2;--flex-lg:0 0 var(--flex-basis);--justify-content:initial;\">\n\n<figure class=\"wp-block-image size-full is-resized\"><a href=\"https:\/\/metaverseweb.cloud\/de\/messen-konferenzen-und-treffen-im-metaversum\/\"><img loading=\"lazy\" decoding=\"async\" src=\"https:\/\/metaverseweb.cloud\/wp-content\/uploads\/2022\/08\/feria.jpg\" alt=\"\" class=\"wp-image-2000\" width=\"459\" height=\"257\"><\/a><\/figure>\n\n\n\n<figure class=\"wp-block-image size-full is-resized\"><a href=\"https:\/\/metaverseweb.cloud\/de\/messen-konferenzen-und-treffen-im-metaversum\/\"><img loading=\"lazy\" decoding=\"async\" src=\"https:\/\/metaverseweb.cloud\/wp-content\/uploads\/2022\/08\/congresos.jpg\" alt=\"\" class=\"wp-image-1990\" width=\"459\" height=\"257\"><\/a><\/figure>\n\n<\/div>\n\n<div class=\"mai-column is-column\" style=\"--columns-xs:1\/1;--flex-xs:0 0 var(--flex-basis);--columns-sm:1\/2;--flex-sm:0 0 var(--flex-basis);--columns-md:1\/2;--flex-md:0 0 var(--flex-basis);--columns-lg:1\/2;--flex-lg:0 0 var(--flex-basis);--justify-content:initial;\">\n\n<h3 class=\"wp-block-heading\"><strong>Messen, Konferenzen und Tagungen<\/strong><\/h3>\n\n\n\n<p>Die virtuellen Umgebungen unserer Plattform, die auf der Grundlage gro\u00dfer Ausstellungsr\u00e4ume auf der ganzen Welt oder herk\u00f6mmlicher Produktausstellungsr\u00e4ume skaliert werden k\u00f6nnen, lassen Teilnehmer und Aussteller voll und ganz in die Ausstellung eintauchen. Ihre G\u00e4ste werden das Gef\u00fchl haben, schon einmal hier gewesen zu sein &#8211; dank der naturgetreuen Details, die wir in jeden von uns gestalteten Raum einbauen. Wir haben sowohl vorgefertigte Standardr\u00e4ume als auch individuellere Optionen.<br>Metaversen erm\u00f6glichen es uns, R\u00e4ume f\u00fcr eine Messe zu gestalten, die eine bedrohliche und erm\u00e4chtigende Umgebung bieten. Die G\u00e4ste werden das Gef\u00fchl haben, am richtigen Ort zu sein &#8211; dank der Maschinen, mit denen wir die Realit\u00e4t nachbilden werden. Wir k\u00f6nnen eine virtuelle Umgebung schaffen, die auf den wichtigen Aspekten der Messe basiert, wie z. B. dem Gel\u00e4nde, den Personen oder den Objekten. Wir k\u00f6nnen diese Maschinen auch mit anderen Elementen kombinieren, um eine v\u00f6llig neue Umgebung zu schaffen.<a href=\"https:\/\/metaverseweb.cloud\/de\/messen-konferenzen-und-treffen-im-metaversum\/\"> <\/a><\/p>\n\n\n\n<p><a href=\"https:\/\/metaverseweb.cloud\/de\/messen-konferenzen-und-treffen-im-metaversum\/\">Weitere Informationen.<\/a><\/p>\n\n<\/div>\n<\/div><\/div><\/div>\n<div class=\"wp-block-media-text alignwide has-media-on-the-right is-stacked-on-mobile\"><figure class=\"wp-block-media-text__media\"><a href=\"https:\/\/metaverseweb.cloud\/de\/white-label-metaversum\/\"><img loading=\"lazy\" decoding=\"async\" width=\"1024\" height=\"683\" src=\"https:\/\/metaverseweb.cloud\/wp-content\/uploads\/2022\/08\/AdobeStock_498683337-1024x683.jpeg\" alt=\"\" class=\"wp-image-1952 size-full\" srcset=\"https:\/\/metaverseweb.cloud\/wp-content\/uploads\/2022\/08\/AdobeStock_498683337-300x200.jpeg 300w, https:\/\/metaverseweb.cloud\/wp-content\/uploads\/2022\/08\/AdobeStock_498683337-768x512.jpeg 768w, https:\/\/metaverseweb.cloud\/wp-content\/uploads\/2022\/08\/AdobeStock_498683337-1024x683.jpeg 1024w, https:\/\/metaverseweb.cloud\/wp-content\/uploads\/2022\/08\/AdobeStock_498683337-1536x1024.jpeg 1536w, https:\/\/metaverseweb.cloud\/wp-content\/uploads\/2022\/08\/AdobeStock_498683337-2048x1365.jpeg 2048w\" sizes=\"auto, (max-width: 1024px) 100vw, 1024px\" \/><\/a><\/figure><div class=\"wp-block-media-text__content\">\n<h3 class=\"wp-block-heading\">White Label Metaversen oder Metaversen mit anpassbaren Domains (URLs) sind unsere Spezialit\u00e4t.<\/h3>\n\n\n\n<p>Mit dem Begriff Metaverse wird ein Netz sozialer Netzwerke bezeichnet, in dem alle Mitglieder miteinander interagieren. Wie jeder Einzelne das Netz definiert, hat Einfluss darauf, wie es von anderen Nutzern gesehen wird. Das Ziel von Metaversen ist der Austausch von Meinungen und Informationen.<br\/>Metaversen k\u00f6nnen von einer Marke oder von einem einzelnen Nutzer erstellt werden. Dom\u00e4neneigene Metaversen erm\u00f6glichen es jedem Nutzer, seine eigene Welt innerhalb seiner eigenen URL zu schaffen. So hat jeder die M\u00f6glichkeit, den Inhalt und die Werbung, die darin angezeigt wird, zu kontrollieren.<\/p>\n\n\n\n<p><a href=\"https:\/\/metaverseweb.cloud\/de\/white-label-metaversum\/\" data-type=\"URL\" data-id=\"https:\/\/metaverseweb.cloud\/white-label-metaverse\/\">Weitere Informationen.<\/a><\/p>\n<\/div><\/div>\n<div class=\"wp-block-group alignfull has-alt-background-color has-background has-light-background has-lg-content-width has-lg-padding-top has-lg-padding-bottom\"><div class=\"wp-block-group__inner-container is-layout-flow wp-block-group-is-layout-flow\">\n<h2 class=\"has-text-align-center wp-block-heading\">Was wir anbieten<\/h2>\n\n\n<p class=\"has-text-align-center has-sm-max-width has-xxxl-margin-bottom\"><strong>Wenn wir ein neues Produkt oder eine neue Maschine auf den Markt bringen, erhalten unsere Kunden meist nur einige Elemente wie pdf-Brosch\u00fcren, Videos oder Bilder des Produkts oder der Maschine selbst und ihrer Funktionen. Wenn Sie m\u00f6chten, dass Ihre Website-Besucher Ihr Produkt in 3 Dimensionen in Ihrer privaten virtuellen Welt sehen k\u00f6nnen und die M\u00f6glichkeit haben, mit dem Team, das f\u00fcr das neue Produkt oder die Maschine verantwortlich ist, zu interagieren, z\u00f6gern Sie nicht, uns hier zu kontaktieren.<\/strong><\/p>\n\n\n<div class=\"wp-block-group\"><div class=\"wp-block-group__inner-container is-layout-flow wp-block-group-is-layout-flow\">\n<div class=\"wp-block-columns is-layout-flex wp-container-core-columns-is-layout-9d6595d7 wp-block-columns-is-layout-flex\">\n<div class=\"wp-block-column is-layout-flow wp-block-column-is-layout-flow\" style=\"flex-basis:100%\">\n<ul class=\"wp-block-list\"><li>Benutzerdefiniertes Metaverse integriert in Ihre URL.<\/li><li>Ihre Maschinen oder Produkte in 3D gerendert innerhalb Ihrer URL.<\/li><li>Verf\u00fcgbar von jeder Plattform, ob Computer oder Handy.<\/li><li>Hunderte von Menschen gleichzeitig dank unserer skalierbaren Server f\u00fcr das Metaversum.<\/li><li>Konfigurierbare Avatare.<\/li><li>Anmeldung von Besuchern.<\/li><li>Interaktion in Echtzeit mit Ihren potenziellen Kunden.<\/li><li>Gro\u00dfe Bibliothek von Szenarien verf\u00fcgbar und keine Entwicklungskosten. oder wir entwickeln Ihr eigenes Szenario.<\/li><li>Schl\u00fcsselfertig, wir k\u00fcmmern uns um alles, von der Inbetriebnahme bis zur sp\u00e4teren Wartung.<\/li><li>Der Zugriff erfolgt \u00fcber eine URL, ohne dass etwas heruntergeladen oder installiert werden muss.<\/li><li>Sie k\u00f6nnen mit Ihren Kunden sprechen und chatten.<\/li><li>Die Server sind je nach Bedarf in Echtzeit skalierbar. ideal f\u00fcr Maschinen- oder Produktpr\u00e4sentationen.<\/li><li>Kontinuierliche Wartung immer verf\u00fcgbar.<\/li><li>Wenden Sie sich per E-Mail oder Telefon direkt an das technische Support-Team.<\/li><\/ul>\n<\/div>\n<\/div>\n<\/div><\/div>\n<\/div><\/div>\n<figure class=\"wp-block-image size-large\"><img loading=\"lazy\" decoding=\"async\" width=\"1024\" height=\"354\" src=\"https:\/\/metaverseweb.cloud\/wp-content\/uploads\/2022\/08\/7251036-1-1024x354.jpg\" alt=\"\" class=\"wp-image-2378\" srcset=\"https:\/\/metaverseweb.cloud\/wp-content\/uploads\/2022\/08\/7251036-1-300x104.jpg 300w, https:\/\/metaverseweb.cloud\/wp-content\/uploads\/2022\/08\/7251036-1-768x266.jpg 768w, https:\/\/metaverseweb.cloud\/wp-content\/uploads\/2022\/08\/7251036-1-1024x354.jpg 1024w, https:\/\/metaverseweb.cloud\/wp-content\/uploads\/2022\/08\/7251036-1-1536x532.jpg 1536w, https:\/\/metaverseweb.cloud\/wp-content\/uploads\/2022\/08\/7251036-1-2048x709.jpg 2048w\" sizes=\"auto, (max-width: 1024px) 100vw, 1024px\" \/><\/figure>\n<div class=\"wp-block-group alignfull has-white-color has-heading-background-color has-text-color has-background has-dark-background has-sm-content-width has-lg-padding-top has-lg-padding-bottom\"><div class=\"wp-block-group__inner-container is-layout-flow wp-block-group-is-layout-flow\">\n<h2 class=\"has-text-align-center wp-block-heading\">Sind Sie bereit f\u00fcr den Einstieg?<\/h2>\n\n\n<p class=\"has-text-align-center has-sm-max-width\"><strong>F\u00fcllen <\/strong>Sie unser Kontaktformular mit einigen Projektdetails aus und wir werden uns innerhalb von 24 Stunden bei Ihnen melden.<\/p>\n\n\n<div class=\"wp-block-buttons is-content-justification-center is-layout-flex wp-container-core-buttons-is-layout-16018d1d wp-block-buttons-is-layout-flex\">\n<div class=\"wp-block-button\"><a class=\"wp-block-button__link button\" href=\"https:\/\/metaverseweb.cloud\/de\/kontakt\/\">Los geht&#8217;s<\/a><\/div>\n<\/div>\n<\/div><\/div><div class=\"wp-block-group alignfull has-lg-content-width has-lg-padding-top has-lg-padding-bottom\"><div class=\"wp-block-group__inner-container is-layout-flow wp-block-group-is-layout-flow\">\n<h2 class=\"has-text-align-left wp-block-heading\">Warum uns w\u00e4hlen<\/h2>\n\n\n<p class=\"has-text-align-left has-xxxl-margin-bottom\"><\/p><\/div><\/div>","protected":false},"excerpt":{"rendered":"<p>White Label Metaversen oder Metaversen mit anpassbaren Domains (URLs) sind unsere Spezialit\u00e4t. Mit dem Begriff Metaverse wird ein Netz sozialer Netzwerke bezeichnet, in dem alle Mitglieder miteinander interagieren. Wie jeder Einzelne das Netz definiert, hat Einfluss darauf, wie es von anderen Nutzern gesehen wird. Das Ziel von Metaversen ist der Austausch von Meinungen und Informationen.Metaversen &hellip;<\/p>\n","protected":false},"author":1,"featured_media":2018,"parent":0,"menu_order":0,"comment_status":"closed","ping_status":"closed","template":"","meta":{"_genesis_hide_title":false,"_genesis_hide_breadcrumbs":false,"_genesis_hide_singular_image":false,"_genesis_hide_footer_widgets":false,"_genesis_custom_body_class":"","_genesis_custom_post_class":"","_genesis_layout":"standard-content","footnotes":""},"class_list":{"1":"page","2":"type-page","6":"entry"},"acf":[],"_links":{"self":[{"href":"https:\/\/metaverseweb.cloud\/de\/wp-json\/wp\/v2\/pages\/2147","targetHints":{"allow":["GET"]}}],"collection":[{"href":"https:\/\/metaverseweb.cloud\/de\/wp-json\/wp\/v2\/pages"}],"about":[{"href":"https:\/\/metaverseweb.cloud\/de\/wp-json\/wp\/v2\/types\/page"}],"author":[{"embeddable":true,"href":"https:\/\/metaverseweb.cloud\/de\/wp-json\/wp\/v2\/users\/1"}],"replies":[{"embeddable":true,"href":"https:\/\/metaverseweb.cloud\/de\/wp-json\/wp\/v2\/comments?post=2147"}],"version-history":[{"count":10,"href":"https:\/\/metaverseweb.cloud\/de\/wp-json\/wp\/v2\/pages\/2147\/revisions"}],"predecessor-version":[{"id":2592,"href":"https:\/\/metaverseweb.cloud\/de\/wp-json\/wp\/v2\/pages\/2147\/revisions\/2592"}],"wp:featuredmedia":[{"embeddable":true,"href":"https:\/\/metaverseweb.cloud\/de\/wp-json\/wp\/v2\/media\/2018"}],"wp:attachment":[{"href":"https:\/\/metaverseweb.cloud\/de\/wp-json\/wp\/v2\/media?parent=2147"}],"curies":[{"name":"wp","href":"https:\/\/api.w.org\/{rel}","templated":true}]}}